{"id":634,"date":"2025-11-17T16:20:13","date_gmt":"2025-11-17T16:20:13","guid":{"rendered":"https:\/\/www.bon-vivin.fr\/?post_type=product&#038;p=634"},"modified":"2025-11-17T16:39:08","modified_gmt":"2025-11-17T16:39:08","slug":"loustal-rose-igp-oc","status":"publish","type":"product","link":"https:\/\/www.bon-vivin.fr\/index.php\/produit\/loustal-rose-igp-oc\/","title":{"rendered":"L&rsquo;Oustal Ros\u00e9 IGP Oc <img src=\"http:\/\/www.bon-vivin.fr\/wp-content\/uploads\/2025\/09\/AB_HD.jpg\" alt=\"Label AB\" class=\"logo-titre-inline\">"},"content":{"rendered":"<p><strong><img loading=\"lazy\" decoding=\"async\" class=\"wp-image-575 alignleft\" src=\"http:\/\/www.bon-vivin.fr\/wp-content\/uploads\/2025\/09\/AB_HD-248x300.jpg\" alt=\"\" width=\"34\" height=\"41\" srcset=\"https:\/\/www.bon-vivin.fr\/wp-content\/uploads\/2025\/09\/AB_HD-248x300.jpg 248w, https:\/\/www.bon-vivin.fr\/wp-content\/uploads\/2025\/09\/AB_HD-847x1024.jpg 847w, https:\/\/www.bon-vivin.fr\/wp-content\/uploads\/2025\/09\/AB_HD-768x929.jpg 768w, https:\/\/www.bon-vivin.fr\/wp-content\/uploads\/2025\/09\/AB_HD-1270x1536.jpg 1270w, https:\/\/www.bon-vivin.fr\/wp-content\/uploads\/2025\/09\/AB_HD-1693x2048.jpg 1693w, https:\/\/www.bon-vivin.fr\/wp-content\/uploads\/2025\/09\/AB_HD-416x503.jpg 416w, https:\/\/www.bon-vivin.fr\/wp-content\/uploads\/2025\/09\/AB_HD.jpg 1833w\" sizes=\"auto, (max-width: 34px) 100vw, 34px\" \/><\/strong><\/p>\n<p>&nbsp;<\/p>\n<p>Un ros\u00e9 clair et frais, issu d\u2019un assemblage de Pinot Noir, Syrah et Merlot. Au nez, on distingue des ar\u00f4mes de petits fruits rouges (fraise, framboise) et une touche florale. En bouche, il est l\u00e9ger, \u00e9quilibr\u00e9 et tr\u00e8s d\u00e9salt\u00e9rant, avec une finale nette et fruit\u00e9e.<\/p>\n<p><strong>Accords gourmands<\/strong><\/p>\n<ul>\n<li data-start=\"560\" data-end=\"595\">\n<p data-start=\"562\" data-end=\"595\">Ap\u00e9ritif avec tapas ou crudit\u00e9s<\/p>\n<\/li>\n<li data-start=\"560\" data-end=\"595\">\n<p data-start=\"562\" data-end=\"595\">Salades estivales ou melon charcuterie<\/p>\n<\/li>\n<li data-start=\"560\" data-end=\"595\">\n<p data-start=\"562\" data-end=\"595\">Coquillages et crustac\u00e9s (hu\u00eetres, crevettes)<\/p>\n<\/li>\n<li data-start=\"560\" data-end=\"595\">\n<p data-start=\"562\" data-end=\"595\">Fromages frais ou ch\u00e8vre doux<\/p>\n<\/li>\n<\/ul>\n","protected":false},"excerpt":{"rendered":"<p>&nbsp; Un ros\u00e9 clair et frais, issu d\u2019un assemblage de Pinot Noir, Syrah et Merlot. Au nez, on distingue des ar\u00f4mes de petits fruits rouges (fraise, framboise) et une touche florale. En bouche, il est l\u00e9ger, \u00e9quilibr\u00e9 et tr\u00e8s d\u00e9salt\u00e9rant, avec une finale nette et fruit\u00e9e. Accords gourmands Ap\u00e9ritif avec tapas ou crudit\u00e9s Salades estivales [&hellip;]<\/p>\n","protected":false},"featured_media":637,"comment_status":"open","ping_status":"closed","template":"","meta":{"inline_featured_image":false},"product_brand":[],"product_cat":[44],"product_tag":[],"class_list":{"0":"post-634","1":"product","2":"type-product","3":"status-publish","4":"has-post-thumbnail","6":"product_cat-rose","7":"pa_vigneron-anne-de-joyeuse","9":"first","10":"instock","11":"shipping-taxable","12":"purchasable","13":"product-type-simple"},"_links":{"self":[{"href":"https:\/\/www.bon-vivin.fr\/index.php\/wp-json\/wp\/v2\/product\/634","targetHints":{"allow":["GET"]}}],"collection":[{"href":"https:\/\/www.bon-vivin.fr\/index.php\/wp-json\/wp\/v2\/product"}],"about":[{"href":"https:\/\/www.bon-vivin.fr\/index.php\/wp-json\/wp\/v2\/types\/product"}],"replies":[{"embeddable":true,"href":"https:\/\/www.bon-vivin.fr\/index.php\/wp-json\/wp\/v2\/comments?post=634"}],"wp:featuredmedia":[{"embeddable":true,"href":"https:\/\/www.bon-vivin.fr\/index.php\/wp-json\/wp\/v2\/media\/637"}],"wp:attachment":[{"href":"https:\/\/www.bon-vivin.fr\/index.php\/wp-json\/wp\/v2\/media?parent=634"}],"wp:term":[{"taxonomy":"product_brand","embeddable":true,"href":"https:\/\/www.bon-vivin.fr\/index.php\/wp-json\/wp\/v2\/product_brand?post=634"},{"taxonomy":"product_cat","embeddable":true,"href":"https:\/\/www.bon-vivin.fr\/index.php\/wp-json\/wp\/v2\/product_cat?post=634"},{"taxonomy":"product_tag","embeddable":true,"href":"https:\/\/www.bon-vivin.fr\/index.php\/wp-json\/wp\/v2\/product_tag?post=634"}],"curies":[{"name":"wp","href":"https:\/\/api.w.org\/{rel}","templated":true}]}}