{"id":394,"date":"2025-09-18T11:48:23","date_gmt":"2025-09-18T11:48:23","guid":{"rendered":"https:\/\/www.bon-vivin.fr\/?post_type=product&#038;p=394"},"modified":"2025-11-03T17:34:56","modified_gmt":"2025-11-03T17:34:56","slug":"blanc-viognier","status":"publish","type":"product","link":"https:\/\/www.bon-vivin.fr\/index.php\/produit\/blanc-viognier\/","title":{"rendered":"La tr\u00e9vi\u00e8re Blanc <img src=\"http:\/\/www.bon-vivin.fr\/wp-content\/uploads\/2025\/09\/AB_HD.jpg\" alt=\"Label AB\" class=\"logo-titre-inline\">"},"content":{"rendered":"<p><strong style=\"color: #2e7d32;\"><strong><img loading=\"lazy\" decoding=\"async\" class=\"wp-image-575 alignleft\" src=\"http:\/\/www.bon-vivin.fr\/wp-content\/uploads\/2025\/09\/AB_HD-248x300.jpg\" alt=\"\" width=\"34\" height=\"41\" srcset=\"https:\/\/www.bon-vivin.fr\/wp-content\/uploads\/2025\/09\/AB_HD-248x300.jpg 248w, https:\/\/www.bon-vivin.fr\/wp-content\/uploads\/2025\/09\/AB_HD-847x1024.jpg 847w, https:\/\/www.bon-vivin.fr\/wp-content\/uploads\/2025\/09\/AB_HD-768x929.jpg 768w, https:\/\/www.bon-vivin.fr\/wp-content\/uploads\/2025\/09\/AB_HD-1270x1536.jpg 1270w, https:\/\/www.bon-vivin.fr\/wp-content\/uploads\/2025\/09\/AB_HD-1693x2048.jpg 1693w, https:\/\/www.bon-vivin.fr\/wp-content\/uploads\/2025\/09\/AB_HD-416x503.jpg 416w, https:\/\/www.bon-vivin.fr\/wp-content\/uploads\/2025\/09\/AB_HD.jpg 1833w\" sizes=\"auto, (max-width: 34px) 100vw, 34px\" \/><\/strong><\/strong><\/p>\n<p>&nbsp;<\/p>\n<p>100 % Viognier, ce blanc offre un nez expressif de fruits \u00e0 chair blanche (poire, p\u00eache) et d\u2019agrumes, soulign\u00e9 de fleurs blanches. En bouche, il combine rondeur et fra\u00eecheur, avec une texture soyeuse, bien \u00e9quilibr\u00e9e, et une finale persistante sur le fruit. Un vin aromatique, \u00e9l\u00e9gant mais accessible, id\u00e9al pour qui aime les blancs riches sans lourdeur.<\/p>\n<p><strong>Accords gourmands<\/strong><\/p>\n<ul>\n<li>Poissons gras (saumon, thon) ou crustac\u00e9s grill\u00e9s<\/li>\n<li>Volaille \u00e0 la cr\u00e8me ou curry l\u00e9ger<\/li>\n<li>Fromages doux type ch\u00e8vre frais ou brie l\u00e9ger<\/li>\n<li>Ap\u00e9ritif (tapas, crudit\u00e9s)<\/li>\n<\/ul>\n<p>&nbsp;<\/p>\n","protected":false},"excerpt":{"rendered":"<p>&nbsp; 100 % Viognier, ce blanc offre un nez expressif de fruits \u00e0 chair blanche (poire, p\u00eache) et d\u2019agrumes, soulign\u00e9 de fleurs blanches. En bouche, il combine rondeur et fra\u00eecheur, avec une texture soyeuse, bien \u00e9quilibr\u00e9e, et une finale persistante sur le fruit. Un vin aromatique, \u00e9l\u00e9gant mais accessible, id\u00e9al pour qui aime les blancs [&hellip;]<\/p>\n","protected":false},"featured_media":395,"comment_status":"open","ping_status":"closed","template":"","meta":{"inline_featured_image":false},"product_brand":[],"product_cat":[22],"product_tag":[],"class_list":{"0":"post-394","1":"product","2":"type-product","3":"status-publish","4":"has-post-thumbnail","6":"product_cat-blanc","7":"pa_vigneron-vignobles-3-chateaux","9":"first","10":"instock","11":"shipping-taxable","12":"purchasable","13":"product-type-simple"},"_links":{"self":[{"href":"https:\/\/www.bon-vivin.fr\/index.php\/wp-json\/wp\/v2\/product\/394","targetHints":{"allow":["GET"]}}],"collection":[{"href":"https:\/\/www.bon-vivin.fr\/index.php\/wp-json\/wp\/v2\/product"}],"about":[{"href":"https:\/\/www.bon-vivin.fr\/index.php\/wp-json\/wp\/v2\/types\/product"}],"replies":[{"embeddable":true,"href":"https:\/\/www.bon-vivin.fr\/index.php\/wp-json\/wp\/v2\/comments?post=394"}],"wp:featuredmedia":[{"embeddable":true,"href":"https:\/\/www.bon-vivin.fr\/index.php\/wp-json\/wp\/v2\/media\/395"}],"wp:attachment":[{"href":"https:\/\/www.bon-vivin.fr\/index.php\/wp-json\/wp\/v2\/media?parent=394"}],"wp:term":[{"taxonomy":"product_brand","embeddable":true,"href":"https:\/\/www.bon-vivin.fr\/index.php\/wp-json\/wp\/v2\/product_brand?post=394"},{"taxonomy":"product_cat","embeddable":true,"href":"https:\/\/www.bon-vivin.fr\/index.php\/wp-json\/wp\/v2\/product_cat?post=394"},{"taxonomy":"product_tag","embeddable":true,"href":"https:\/\/www.bon-vivin.fr\/index.php\/wp-json\/wp\/v2\/product_tag?post=394"}],"curies":[{"name":"wp","href":"https:\/\/api.w.org\/{rel}","templated":true}]}}