{"id":391,"date":"2025-09-18T11:46:43","date_gmt":"2025-09-18T11:46:43","guid":{"rendered":"https:\/\/www.bon-vivin.fr\/?post_type=product&#038;p=391"},"modified":"2025-11-06T17:57:34","modified_gmt":"2025-11-06T17:57:34","slug":"la-treviere","status":"publish","type":"product","link":"https:\/\/www.bon-vivin.fr\/index.php\/produit\/la-treviere\/","title":{"rendered":"La tr\u00e9vi\u00e8re rouge <img src=\"http:\/\/www.bon-vivin.fr\/wp-content\/uploads\/2025\/09\/AB_HD.jpg\" alt=\"Label AB\" class=\"logo-titre-inline\">"},"content":{"rendered":"<p><strong><img loading=\"lazy\" decoding=\"async\" class=\"wp-image-575 alignleft\" src=\"http:\/\/www.bon-vivin.fr\/wp-content\/uploads\/2025\/09\/AB_HD-248x300.jpg\" alt=\"\" width=\"34\" height=\"41\" srcset=\"https:\/\/www.bon-vivin.fr\/wp-content\/uploads\/2025\/09\/AB_HD-248x300.jpg 248w, https:\/\/www.bon-vivin.fr\/wp-content\/uploads\/2025\/09\/AB_HD-847x1024.jpg 847w, https:\/\/www.bon-vivin.fr\/wp-content\/uploads\/2025\/09\/AB_HD-768x929.jpg 768w, https:\/\/www.bon-vivin.fr\/wp-content\/uploads\/2025\/09\/AB_HD-1270x1536.jpg 1270w, https:\/\/www.bon-vivin.fr\/wp-content\/uploads\/2025\/09\/AB_HD-1693x2048.jpg 1693w, https:\/\/www.bon-vivin.fr\/wp-content\/uploads\/2025\/09\/AB_HD-416x503.jpg 416w, https:\/\/www.bon-vivin.fr\/wp-content\/uploads\/2025\/09\/AB_HD.jpg 1833w\" sizes=\"auto, (max-width: 34px) 100vw, 34px\" \/><\/strong><\/p>\n<p>&nbsp;<\/p>\n<p>Un rouge expressif du Languedoc, probablement \u00e0 dominante Grenache \/ Syrah, avec des ar\u00f4mes de fruits rouges (griotte, framboise), \u00e9pices douces et une touche herbac\u00e9e typique du Pic Saint-Loup. En bouche, structure mod\u00e9r\u00e9e,tanins pr\u00e9sents mais soyeux, bonne fra\u00eecheur qui \u00e9quilibre la chaleur m\u00e9diterran\u00e9enne. Une cuv\u00e9e accessible, faite pour le plaisir partag\u00e9 et les moments simples.<\/p>\n<p><strong>Accords gourmands<\/strong><\/p>\n<ul>\n<li>Grillades de viandes rouges ou agneau<\/li>\n<li>Plats proven\u00e7aux, ratatouille, l\u00e9gumes confits<\/li>\n<li>Planches de charcuterie &amp; fromages mod\u00e9r\u00e9s<\/li>\n<li>Pizzas rustiques ou plats de terroir<\/li>\n<\/ul>\n","protected":false},"excerpt":{"rendered":"<p>&nbsp; Un rouge expressif du Languedoc, probablement \u00e0 dominante Grenache \/ Syrah, avec des ar\u00f4mes de fruits rouges (griotte, framboise), \u00e9pices douces et une touche herbac\u00e9e typique du Pic Saint-Loup. En bouche, structure mod\u00e9r\u00e9e,tanins pr\u00e9sents mais soyeux, bonne fra\u00eecheur qui \u00e9quilibre la chaleur m\u00e9diterran\u00e9enne. Une cuv\u00e9e accessible, faite pour le plaisir partag\u00e9 et les moments [&hellip;]<\/p>\n","protected":false},"featured_media":392,"comment_status":"open","ping_status":"closed","template":"","meta":{"inline_featured_image":false},"product_brand":[],"product_cat":[18],"product_tag":[],"class_list":{"0":"post-391","1":"product","2":"type-product","3":"status-publish","4":"has-post-thumbnail","6":"product_cat-rouge","7":"pa_vigneron-vignobles-3-chateaux","9":"first","10":"instock","11":"shipping-taxable","12":"purchasable","13":"product-type-simple"},"_links":{"self":[{"href":"https:\/\/www.bon-vivin.fr\/index.php\/wp-json\/wp\/v2\/product\/391","targetHints":{"allow":["GET"]}}],"collection":[{"href":"https:\/\/www.bon-vivin.fr\/index.php\/wp-json\/wp\/v2\/product"}],"about":[{"href":"https:\/\/www.bon-vivin.fr\/index.php\/wp-json\/wp\/v2\/types\/product"}],"replies":[{"embeddable":true,"href":"https:\/\/www.bon-vivin.fr\/index.php\/wp-json\/wp\/v2\/comments?post=391"}],"wp:featuredmedia":[{"embeddable":true,"href":"https:\/\/www.bon-vivin.fr\/index.php\/wp-json\/wp\/v2\/media\/392"}],"wp:attachment":[{"href":"https:\/\/www.bon-vivin.fr\/index.php\/wp-json\/wp\/v2\/media?parent=391"}],"wp:term":[{"taxonomy":"product_brand","embeddable":true,"href":"https:\/\/www.bon-vivin.fr\/index.php\/wp-json\/wp\/v2\/product_brand?post=391"},{"taxonomy":"product_cat","embeddable":true,"href":"https:\/\/www.bon-vivin.fr\/index.php\/wp-json\/wp\/v2\/product_cat?post=391"},{"taxonomy":"product_tag","embeddable":true,"href":"https:\/\/www.bon-vivin.fr\/index.php\/wp-json\/wp\/v2\/product_tag?post=391"}],"curies":[{"name":"wp","href":"https:\/\/api.w.org\/{rel}","templated":true}]}}