{"id":388,"date":"2025-09-18T09:55:29","date_gmt":"2025-09-18T09:55:29","guid":{"rendered":"https:\/\/www.bon-vivin.fr\/?post_type=product&#038;p=388"},"modified":"2025-10-26T17:22:02","modified_gmt":"2025-10-26T17:22:02","slug":"le-cabanon-rose","status":"publish","type":"product","link":"https:\/\/www.bon-vivin.fr\/index.php\/produit\/le-cabanon-rose\/","title":{"rendered":"Le Cabanon Ros\u00e9"},"content":{"rendered":"<p>Un ros\u00e9 joyeux et gourmand, mati\u00e8re l\u00e9g\u00e8re \u00e0 moyenne, port\u00e9 par une belle vivacit\u00e9. Nez fruit\u00e9 de petits fruits rouges frais et notes florales, la bouche est rafra\u00eechissante, agr\u00e9able, sans lourdeur. Un vin d\u2019\u00e9t\u00e9 simple mais efficace, parfait pour des moments de d\u00e9tente.<\/p>\n<p><strong>Accords gourmands<\/strong><\/p>\n<ul>\n<li>Salades d\u2019\u00e9t\u00e9, crudit\u00e9s<\/li>\n<li>Charcuterie l\u00e9g\u00e8re &amp; grillades de viandes blanches<\/li>\n<li>Plats m\u00e9diterran\u00e9ens ou tapas frais<\/li>\n<li>Fromages peu cors\u00e9s<\/li>\n<\/ul>\n","protected":false},"excerpt":{"rendered":"<p>Un ros\u00e9 joyeux et gourmand, mati\u00e8re l\u00e9g\u00e8re \u00e0 moyenne, port\u00e9 par une belle vivacit\u00e9. Nez fruit\u00e9 de petits fruits rouges frais et notes florales, la bouche est rafra\u00eechissante, agr\u00e9able, sans lourdeur. Un vin d\u2019\u00e9t\u00e9 simple mais efficace, parfait pour des moments de d\u00e9tente. Accords gourmands Salades d\u2019\u00e9t\u00e9, crudit\u00e9s Charcuterie l\u00e9g\u00e8re &amp; grillades de viandes blanches [&hellip;]<\/p>\n","protected":false},"featured_media":389,"comment_status":"open","ping_status":"closed","template":"","meta":{"inline_featured_image":false},"product_brand":[],"product_cat":[44],"product_tag":[],"class_list":{"0":"post-388","1":"product","2":"type-product","3":"status-publish","4":"has-post-thumbnail","6":"product_cat-rose","7":"pa_vigneron-robert-vic","9":"first","10":"instock","11":"shipping-taxable","12":"purchasable","13":"product-type-simple"},"_links":{"self":[{"href":"https:\/\/www.bon-vivin.fr\/index.php\/wp-json\/wp\/v2\/product\/388","targetHints":{"allow":["GET"]}}],"collection":[{"href":"https:\/\/www.bon-vivin.fr\/index.php\/wp-json\/wp\/v2\/product"}],"about":[{"href":"https:\/\/www.bon-vivin.fr\/index.php\/wp-json\/wp\/v2\/types\/product"}],"replies":[{"embeddable":true,"href":"https:\/\/www.bon-vivin.fr\/index.php\/wp-json\/wp\/v2\/comments?post=388"}],"wp:featuredmedia":[{"embeddable":true,"href":"https:\/\/www.bon-vivin.fr\/index.php\/wp-json\/wp\/v2\/media\/389"}],"wp:attachment":[{"href":"https:\/\/www.bon-vivin.fr\/index.php\/wp-json\/wp\/v2\/media?parent=388"}],"wp:term":[{"taxonomy":"product_brand","embeddable":true,"href":"https:\/\/www.bon-vivin.fr\/index.php\/wp-json\/wp\/v2\/product_brand?post=388"},{"taxonomy":"product_cat","embeddable":true,"href":"https:\/\/www.bon-vivin.fr\/index.php\/wp-json\/wp\/v2\/product_cat?post=388"},{"taxonomy":"product_tag","embeddable":true,"href":"https:\/\/www.bon-vivin.fr\/index.php\/wp-json\/wp\/v2\/product_tag?post=388"}],"curies":[{"name":"wp","href":"https:\/\/api.w.org\/{rel}","templated":true}]}}