{"id":384,"date":"2025-09-18T09:52:20","date_gmt":"2025-09-18T09:52:20","guid":{"rendered":"https:\/\/www.bon-vivin.fr\/?post_type=product&#038;p=384"},"modified":"2025-10-26T17:22:09","modified_gmt":"2025-10-26T17:22:09","slug":"le-cabanon-rouge","status":"publish","type":"product","link":"https:\/\/www.bon-vivin.fr\/index.php\/produit\/le-cabanon-rouge\/","title":{"rendered":"Le Cabanon Rouge"},"content":{"rendered":"<p>Un vin rouge de soif, tr\u00e8s expressif sur le fruit rouge \u00e9clatant (framboise, cerise), avec une bouche ronde, souple et fra\u00eeche. La trame est simple mais plaisante, soutenue par une fra\u00eecheur fruit\u00e9e qui en fait un plaisir imm\u00e9diat, sans complexit\u00e9 inutile. Id\u00e9al pour les moments de convivialit\u00e9 simples, pour ceux qui veulent boire un rouge direct et l\u00e9ger.<\/p>\n<p><strong>Accords gourmands<\/strong><\/p>\n<ul>\n<li>C\u00f4te de porc grill\u00e9e aux fines herbes<\/li>\n<li>Pintade farcie<\/li>\n<li>Fromages peu affin\u00e9s ou charcuterie l\u00e9g\u00e8re<\/li>\n<\/ul>\n","protected":false},"excerpt":{"rendered":"<p>Un vin rouge de soif, tr\u00e8s expressif sur le fruit rouge \u00e9clatant (framboise, cerise), avec une bouche ronde, souple et fra\u00eeche. La trame est simple mais plaisante, soutenue par une fra\u00eecheur fruit\u00e9e qui en fait un plaisir imm\u00e9diat, sans complexit\u00e9 inutile. Id\u00e9al pour les moments de convivialit\u00e9 simples, pour ceux qui veulent boire un rouge [&hellip;]<\/p>\n","protected":false},"featured_media":385,"comment_status":"open","ping_status":"closed","template":"","meta":{"inline_featured_image":false},"product_brand":[],"product_cat":[18],"product_tag":[],"class_list":{"0":"post-384","1":"product","2":"type-product","3":"status-publish","4":"has-post-thumbnail","6":"product_cat-rouge","7":"pa_vigneron-robert-vic","9":"first","10":"instock","11":"shipping-taxable","12":"purchasable","13":"product-type-simple"},"_links":{"self":[{"href":"https:\/\/www.bon-vivin.fr\/index.php\/wp-json\/wp\/v2\/product\/384","targetHints":{"allow":["GET"]}}],"collection":[{"href":"https:\/\/www.bon-vivin.fr\/index.php\/wp-json\/wp\/v2\/product"}],"about":[{"href":"https:\/\/www.bon-vivin.fr\/index.php\/wp-json\/wp\/v2\/types\/product"}],"replies":[{"embeddable":true,"href":"https:\/\/www.bon-vivin.fr\/index.php\/wp-json\/wp\/v2\/comments?post=384"}],"wp:featuredmedia":[{"embeddable":true,"href":"https:\/\/www.bon-vivin.fr\/index.php\/wp-json\/wp\/v2\/media\/385"}],"wp:attachment":[{"href":"https:\/\/www.bon-vivin.fr\/index.php\/wp-json\/wp\/v2\/media?parent=384"}],"wp:term":[{"taxonomy":"product_brand","embeddable":true,"href":"https:\/\/www.bon-vivin.fr\/index.php\/wp-json\/wp\/v2\/product_brand?post=384"},{"taxonomy":"product_cat","embeddable":true,"href":"https:\/\/www.bon-vivin.fr\/index.php\/wp-json\/wp\/v2\/product_cat?post=384"},{"taxonomy":"product_tag","embeddable":true,"href":"https:\/\/www.bon-vivin.fr\/index.php\/wp-json\/wp\/v2\/product_tag?post=384"}],"curies":[{"name":"wp","href":"https:\/\/api.w.org\/{rel}","templated":true}]}}