{"id":381,"date":"2025-09-18T09:49:47","date_gmt":"2025-09-18T09:49:47","guid":{"rendered":"https:\/\/www.bon-vivin.fr\/?post_type=product&#038;p=381"},"modified":"2025-11-17T17:57:20","modified_gmt":"2025-11-17T17:57:20","slug":"mon-ptit-pithon-rouge","status":"publish","type":"product","link":"https:\/\/www.bon-vivin.fr\/index.php\/produit\/mon-ptit-pithon-rouge\/","title":{"rendered":"Mon p&rsquo;tit Pithon rouge <img src=\"http:\/\/www.bon-vivin.fr\/wp-content\/uploads\/2025\/09\/AB_HD.jpg\" alt=\"Label AB\" class=\"logo-titre-inline\">"},"content":{"rendered":"<p><strong><img loading=\"lazy\" decoding=\"async\" class=\"wp-image-575 alignleft\" src=\"http:\/\/www.bon-vivin.fr\/wp-content\/uploads\/2025\/09\/AB_HD-248x300.jpg\" alt=\"\" width=\"34\" height=\"41\" srcset=\"https:\/\/www.bon-vivin.fr\/wp-content\/uploads\/2025\/09\/AB_HD-248x300.jpg 248w, https:\/\/www.bon-vivin.fr\/wp-content\/uploads\/2025\/09\/AB_HD-847x1024.jpg 847w, https:\/\/www.bon-vivin.fr\/wp-content\/uploads\/2025\/09\/AB_HD-768x929.jpg 768w, https:\/\/www.bon-vivin.fr\/wp-content\/uploads\/2025\/09\/AB_HD-1270x1536.jpg 1270w, https:\/\/www.bon-vivin.fr\/wp-content\/uploads\/2025\/09\/AB_HD-1693x2048.jpg 1693w, https:\/\/www.bon-vivin.fr\/wp-content\/uploads\/2025\/09\/AB_HD-416x503.jpg 416w, https:\/\/www.bon-vivin.fr\/wp-content\/uploads\/2025\/09\/AB_HD.jpg 1833w\" sizes=\"auto, (max-width: 34px) 100vw, 34px\" \/><\/strong><br \/>\n<strong style=\"color: #2e7d32;\">Biodyvin<\/strong><\/p>\n<p>Un rouge festif &amp; chaleureux, assemblage de Grenache Noir, Mourv\u00e8dre &amp; Syrah \u00e9lev\u00e9 en cuve b\u00e9ton, qui joue le fruit pur et la rondeur. Le nez s\u2019ouvre sur fruits rouges frais (cassis, griotte), \u00e9pices douces et une touche de thym ou de poivre, la bouche est souple, gourmande, bien \u00e9quilibr\u00e9e entre vivacit\u00e9 et mati\u00e8re. Un vin de copains, l\u00e9ger mais s\u00e9rieux dans son expression, parfait pour les moments simples et conviviaux.<\/p>\n<p><strong>Accords gourmands<\/strong><\/p>\n<ul>\n<li>Charcuterie ou planches ap\u00e9ro<\/li>\n<li>Grillades estivales (agneau, poulet)<\/li>\n<li>Tartes ou plats l\u00e9gers \u00e0 base de tomates, l\u00e9gumes grill\u00e9s<\/li>\n<li>Fromages frais ou mod\u00e9r\u00e9s (ch\u00e8vre, tomme douce)<\/li>\n<\/ul>\n","protected":false},"excerpt":{"rendered":"<p>Biodyvin Un rouge festif &amp; chaleureux, assemblage de Grenache Noir, Mourv\u00e8dre &amp; Syrah \u00e9lev\u00e9 en cuve b\u00e9ton, qui joue le fruit pur et la rondeur. Le nez s\u2019ouvre sur fruits rouges frais (cassis, griotte), \u00e9pices douces et une touche de thym ou de poivre, la bouche est souple, gourmande, bien \u00e9quilibr\u00e9e entre vivacit\u00e9 et mati\u00e8re. [&hellip;]<\/p>\n","protected":false},"featured_media":648,"comment_status":"open","ping_status":"closed","template":"","meta":{"inline_featured_image":false},"product_brand":[],"product_cat":[18],"product_tag":[],"class_list":{"0":"post-381","1":"product","2":"type-product","3":"status-publish","4":"has-post-thumbnail","6":"product_cat-rouge","7":"pa_vigneron-olivier-pithon","9":"first","10":"instock","11":"shipping-taxable","12":"purchasable","13":"product-type-simple"},"_links":{"self":[{"href":"https:\/\/www.bon-vivin.fr\/index.php\/wp-json\/wp\/v2\/product\/381","targetHints":{"allow":["GET"]}}],"collection":[{"href":"https:\/\/www.bon-vivin.fr\/index.php\/wp-json\/wp\/v2\/product"}],"about":[{"href":"https:\/\/www.bon-vivin.fr\/index.php\/wp-json\/wp\/v2\/types\/product"}],"replies":[{"embeddable":true,"href":"https:\/\/www.bon-vivin.fr\/index.php\/wp-json\/wp\/v2\/comments?post=381"}],"wp:featuredmedia":[{"embeddable":true,"href":"https:\/\/www.bon-vivin.fr\/index.php\/wp-json\/wp\/v2\/media\/648"}],"wp:attachment":[{"href":"https:\/\/www.bon-vivin.fr\/index.php\/wp-json\/wp\/v2\/media?parent=381"}],"wp:term":[{"taxonomy":"product_brand","embeddable":true,"href":"https:\/\/www.bon-vivin.fr\/index.php\/wp-json\/wp\/v2\/product_brand?post=381"},{"taxonomy":"product_cat","embeddable":true,"href":"https:\/\/www.bon-vivin.fr\/index.php\/wp-json\/wp\/v2\/product_cat?post=381"},{"taxonomy":"product_tag","embeddable":true,"href":"https:\/\/www.bon-vivin.fr\/index.php\/wp-json\/wp\/v2\/product_tag?post=381"}],"curies":[{"name":"wp","href":"https:\/\/api.w.org\/{rel}","templated":true}]}}