{"id":377,"date":"2025-09-18T09:43:56","date_gmt":"2025-09-18T09:43:56","guid":{"rendered":"https:\/\/www.bon-vivin.fr\/?post_type=product&#038;p=377"},"modified":"2025-10-26T17:22:27","modified_gmt":"2025-10-26T17:22:27","slug":"les-escots-cahors","status":"publish","type":"product","link":"https:\/\/www.bon-vivin.fr\/index.php\/produit\/les-escots-cahors\/","title":{"rendered":"Les Escots"},"content":{"rendered":"<p>Un Cahors expressif et rustique, r\u00e9sultant d\u2019un assemblage domin\u00e9 par le Malbec avec une touche de Merlot pour l\u2019adoucir. Nez de fruits noirs (prune, m\u00fbre), notes \u00e9pic\u00e9es et d\u2019humus l\u00e9ger, robe sombre aux reflets violets. La bouche propose une structure solide avec des tanins pr\u00e9sents mais raisonnables, et une finale sur la fra\u00eecheur d\u2019un terroir de Cahors plut\u00f4t caillouteux et g\u00e9n\u00e9reux.<\/p>\n<p><strong>Accords gourmands<\/strong><\/p>\n<ul>\n<li>Viandes rouges grill\u00e9es ou r\u00f4ties (c\u00f4te de b\u0153uf, agneau)<\/li>\n<li>Plats en sauce (civet, daube, ragouts)<\/li>\n<li>Charcuterie &amp; fromages de caract\u00e8re<\/li>\n<li>Truffade ou plats rustiques du Sud-Ouest<\/li>\n<\/ul>\n","protected":false},"excerpt":{"rendered":"<p>Un Cahors expressif et rustique, r\u00e9sultant d\u2019un assemblage domin\u00e9 par le Malbec avec une touche de Merlot pour l\u2019adoucir. Nez de fruits noirs (prune, m\u00fbre), notes \u00e9pic\u00e9es et d\u2019humus l\u00e9ger, robe sombre aux reflets violets. La bouche propose une structure solide avec des tanins pr\u00e9sents mais raisonnables, et une finale sur la fra\u00eecheur d\u2019un terroir [&hellip;]<\/p>\n","protected":false},"featured_media":379,"comment_status":"open","ping_status":"closed","template":"","meta":{"inline_featured_image":false},"product_brand":[],"product_cat":[18],"product_tag":[],"class_list":{"0":"post-377","1":"product","2":"type-product","3":"status-publish","4":"has-post-thumbnail","6":"product_cat-rouge","7":"pa_vigneron-ne-sous-x","9":"first","10":"instock","11":"shipping-taxable","12":"purchasable","13":"product-type-simple"},"_links":{"self":[{"href":"https:\/\/www.bon-vivin.fr\/index.php\/wp-json\/wp\/v2\/product\/377","targetHints":{"allow":["GET"]}}],"collection":[{"href":"https:\/\/www.bon-vivin.fr\/index.php\/wp-json\/wp\/v2\/product"}],"about":[{"href":"https:\/\/www.bon-vivin.fr\/index.php\/wp-json\/wp\/v2\/types\/product"}],"replies":[{"embeddable":true,"href":"https:\/\/www.bon-vivin.fr\/index.php\/wp-json\/wp\/v2\/comments?post=377"}],"wp:featuredmedia":[{"embeddable":true,"href":"https:\/\/www.bon-vivin.fr\/index.php\/wp-json\/wp\/v2\/media\/379"}],"wp:attachment":[{"href":"https:\/\/www.bon-vivin.fr\/index.php\/wp-json\/wp\/v2\/media?parent=377"}],"wp:term":[{"taxonomy":"product_brand","embeddable":true,"href":"https:\/\/www.bon-vivin.fr\/index.php\/wp-json\/wp\/v2\/product_brand?post=377"},{"taxonomy":"product_cat","embeddable":true,"href":"https:\/\/www.bon-vivin.fr\/index.php\/wp-json\/wp\/v2\/product_cat?post=377"},{"taxonomy":"product_tag","embeddable":true,"href":"https:\/\/www.bon-vivin.fr\/index.php\/wp-json\/wp\/v2\/product_tag?post=377"}],"curies":[{"name":"wp","href":"https:\/\/api.w.org\/{rel}","templated":true}]}}