{"id":372,"date":"2025-09-18T09:38:40","date_gmt":"2025-09-18T09:38:40","guid":{"rendered":"https:\/\/www.bon-vivin.fr\/?post_type=product&#038;p=372"},"modified":"2025-10-26T17:22:58","modified_gmt":"2025-10-26T17:22:58","slug":"le-petit-coquin-rouge","status":"publish","type":"product","link":"https:\/\/www.bon-vivin.fr\/index.php\/produit\/le-petit-coquin-rouge\/","title":{"rendered":"Le petit coquin rouge"},"content":{"rendered":"<p>Un rouge simple et convivial, assemblage Merlot &amp; Abouriou, au fruit\u00e9 direct (fruits rouges frais, cerise, m\u00fbre) avec une touche \u00e9pic\u00e9e l\u00e9g\u00e8re. La bouche est souple, assez l\u00e9g\u00e8re, bien \u00e9quilibr\u00e9e sur la fra\u00eecheur \u2014 un vin de plaisir imm\u00e9diat. Id\u00e9al pour ceux qui recherchent un vin facile \u00e0 boire, sans complication.<\/p>\n<p><strong>Accords gourmands<\/strong><\/p>\n<ul>\n<li>Charcuterie vari\u00e9e (jambon, saucisson)<\/li>\n<li>Grillades simples (porc, poulet)<\/li>\n<li>Tartes sal\u00e9es ou quiches<\/li>\n<li>Fromages \u00e0 p\u00e2te molle, ou ch\u00e8vre frais<\/li>\n<\/ul>\n","protected":false},"excerpt":{"rendered":"<p>Un rouge simple et convivial, assemblage Merlot &amp; Abouriou, au fruit\u00e9 direct (fruits rouges frais, cerise, m\u00fbre) avec une touche \u00e9pic\u00e9e l\u00e9g\u00e8re. La bouche est souple, assez l\u00e9g\u00e8re, bien \u00e9quilibr\u00e9e sur la fra\u00eecheur \u2014 un vin de plaisir imm\u00e9diat. Id\u00e9al pour ceux qui recherchent un vin facile \u00e0 boire, sans complication. Accords gourmands Charcuterie vari\u00e9e [&hellip;]<\/p>\n","protected":false},"featured_media":373,"comment_status":"open","ping_status":"closed","template":"","meta":{"inline_featured_image":false},"product_brand":[],"product_cat":[18],"product_tag":[],"class_list":{"0":"post-372","1":"product","2":"type-product","3":"status-publish","4":"has-post-thumbnail","6":"product_cat-rouge","7":"pa_vigneron-les-vignerons-du-quercy","9":"first","10":"instock","11":"shipping-taxable","12":"purchasable","13":"product-type-simple"},"_links":{"self":[{"href":"https:\/\/www.bon-vivin.fr\/index.php\/wp-json\/wp\/v2\/product\/372","targetHints":{"allow":["GET"]}}],"collection":[{"href":"https:\/\/www.bon-vivin.fr\/index.php\/wp-json\/wp\/v2\/product"}],"about":[{"href":"https:\/\/www.bon-vivin.fr\/index.php\/wp-json\/wp\/v2\/types\/product"}],"replies":[{"embeddable":true,"href":"https:\/\/www.bon-vivin.fr\/index.php\/wp-json\/wp\/v2\/comments?post=372"}],"wp:featuredmedia":[{"embeddable":true,"href":"https:\/\/www.bon-vivin.fr\/index.php\/wp-json\/wp\/v2\/media\/373"}],"wp:attachment":[{"href":"https:\/\/www.bon-vivin.fr\/index.php\/wp-json\/wp\/v2\/media?parent=372"}],"wp:term":[{"taxonomy":"product_brand","embeddable":true,"href":"https:\/\/www.bon-vivin.fr\/index.php\/wp-json\/wp\/v2\/product_brand?post=372"},{"taxonomy":"product_cat","embeddable":true,"href":"https:\/\/www.bon-vivin.fr\/index.php\/wp-json\/wp\/v2\/product_cat?post=372"},{"taxonomy":"product_tag","embeddable":true,"href":"https:\/\/www.bon-vivin.fr\/index.php\/wp-json\/wp\/v2\/product_tag?post=372"}],"curies":[{"name":"wp","href":"https:\/\/api.w.org\/{rel}","templated":true}]}}