{"id":369,"date":"2025-09-18T09:36:07","date_gmt":"2025-09-18T09:36:07","guid":{"rendered":"https:\/\/www.bon-vivin.fr\/?post_type=product&#038;p=369"},"modified":"2025-11-03T17:36:14","modified_gmt":"2025-11-03T17:36:14","slug":"les-grin-galets-blanc","status":"publish","type":"product","link":"https:\/\/www.bon-vivin.fr\/index.php\/produit\/les-grin-galets-blanc\/","title":{"rendered":"Les Grin galets Blanc <img src=\"http:\/\/www.bon-vivin.fr\/wp-content\/uploads\/2025\/09\/AB_HD.jpg\" alt=\"Label AB\" class=\"logo-titre-inline\">"},"content":{"rendered":"<p><strong><img loading=\"lazy\" decoding=\"async\" class=\"wp-image-575 alignleft\" src=\"http:\/\/www.bon-vivin.fr\/wp-content\/uploads\/2025\/09\/AB_HD-248x300.jpg\" alt=\"\" width=\"34\" height=\"41\" srcset=\"https:\/\/www.bon-vivin.fr\/wp-content\/uploads\/2025\/09\/AB_HD-248x300.jpg 248w, https:\/\/www.bon-vivin.fr\/wp-content\/uploads\/2025\/09\/AB_HD-847x1024.jpg 847w, https:\/\/www.bon-vivin.fr\/wp-content\/uploads\/2025\/09\/AB_HD-768x929.jpg 768w, https:\/\/www.bon-vivin.fr\/wp-content\/uploads\/2025\/09\/AB_HD-1270x1536.jpg 1270w, https:\/\/www.bon-vivin.fr\/wp-content\/uploads\/2025\/09\/AB_HD-1693x2048.jpg 1693w, https:\/\/www.bon-vivin.fr\/wp-content\/uploads\/2025\/09\/AB_HD-416x503.jpg 416w, https:\/\/www.bon-vivin.fr\/wp-content\/uploads\/2025\/09\/AB_HD.jpg 1833w\" sizes=\"auto, (max-width: 34px) 100vw, 34px\" \/><\/strong><\/p>\n<p>&nbsp;<\/p>\n<p>Un blanc engageant, n\u00e9 d\u2019un assemblage de Grenache Blanc, Roussanne et Viognier, offrant un nez sur les fruits jaunes \u00e0 noyau, des touches florales et des zestes d\u2019agrumes. En bouche, la texture est onctueuse, bien \u00e9quilibr\u00e9e entre richesse mod\u00e9r\u00e9e et vivacit\u00e9 rafra\u00eechissante, avec une finale l\u00e9g\u00e8rement am\u00e8re qui apporte la dimension de terroir. Un vin polyvalent, gourmand, id\u00e9al pour ceux qui aiment les blancs du Rh\u00f4ne sud alliant rondeur et fra\u00eecheur.<\/p>\n<p><strong>Accords gourmands<\/strong><\/p>\n<ul>\n<li>Plats \u00e9pic\u00e9s (curry, tajine)<\/li>\n<li>Poissons r\u00f4tis ou grill\u00e9s, fruits de mer<\/li>\n<li>Fromages de caract\u00e8re ou ch\u00e8vre frais \u00e9pic\u00e9<\/li>\n<li>Salades estivales, cuisine m\u00e9diterran\u00e9enne<\/li>\n<\/ul>\n","protected":false},"excerpt":{"rendered":"<p>&nbsp; Un blanc engageant, n\u00e9 d\u2019un assemblage de Grenache Blanc, Roussanne et Viognier, offrant un nez sur les fruits jaunes \u00e0 noyau, des touches florales et des zestes d\u2019agrumes. En bouche, la texture est onctueuse, bien \u00e9quilibr\u00e9e entre richesse mod\u00e9r\u00e9e et vivacit\u00e9 rafra\u00eechissante, avec une finale l\u00e9g\u00e8rement am\u00e8re qui apporte la dimension de terroir. Un [&hellip;]<\/p>\n","protected":false},"featured_media":370,"comment_status":"open","ping_status":"closed","template":"","meta":{"inline_featured_image":false},"product_brand":[],"product_cat":[22],"product_tag":[],"class_list":{"0":"post-369","1":"product","2":"type-product","3":"status-publish","4":"has-post-thumbnail","6":"product_cat-blanc","7":"pa_vigneron-les-vignerons-destezargues","9":"first","10":"instock","11":"shipping-taxable","12":"purchasable","13":"product-type-simple"},"_links":{"self":[{"href":"https:\/\/www.bon-vivin.fr\/index.php\/wp-json\/wp\/v2\/product\/369","targetHints":{"allow":["GET"]}}],"collection":[{"href":"https:\/\/www.bon-vivin.fr\/index.php\/wp-json\/wp\/v2\/product"}],"about":[{"href":"https:\/\/www.bon-vivin.fr\/index.php\/wp-json\/wp\/v2\/types\/product"}],"replies":[{"embeddable":true,"href":"https:\/\/www.bon-vivin.fr\/index.php\/wp-json\/wp\/v2\/comments?post=369"}],"wp:featuredmedia":[{"embeddable":true,"href":"https:\/\/www.bon-vivin.fr\/index.php\/wp-json\/wp\/v2\/media\/370"}],"wp:attachment":[{"href":"https:\/\/www.bon-vivin.fr\/index.php\/wp-json\/wp\/v2\/media?parent=369"}],"wp:term":[{"taxonomy":"product_brand","embeddable":true,"href":"https:\/\/www.bon-vivin.fr\/index.php\/wp-json\/wp\/v2\/product_brand?post=369"},{"taxonomy":"product_cat","embeddable":true,"href":"https:\/\/www.bon-vivin.fr\/index.php\/wp-json\/wp\/v2\/product_cat?post=369"},{"taxonomy":"product_tag","embeddable":true,"href":"https:\/\/www.bon-vivin.fr\/index.php\/wp-json\/wp\/v2\/product_tag?post=369"}],"curies":[{"name":"wp","href":"https:\/\/api.w.org\/{rel}","templated":true}]}}