{"id":367,"date":"2025-09-18T09:34:38","date_gmt":"2025-09-18T09:34:38","guid":{"rendered":"https:\/\/www.bon-vivin.fr\/?post_type=product&#038;p=367"},"modified":"2025-11-03T17:36:24","modified_gmt":"2025-11-03T17:36:24","slug":"les-grin-galets-rouge","status":"publish","type":"product","link":"https:\/\/www.bon-vivin.fr\/index.php\/produit\/les-grin-galets-rouge\/","title":{"rendered":"Les Grin galets Rouge <img src=\"http:\/\/www.bon-vivin.fr\/wp-content\/uploads\/2025\/09\/AB_HD.jpg\" alt=\"Label AB\" class=\"logo-titre-inline\">"},"content":{"rendered":"<p><strong><img loading=\"lazy\" decoding=\"async\" class=\"wp-image-575 alignleft\" src=\"http:\/\/www.bon-vivin.fr\/wp-content\/uploads\/2025\/09\/AB_HD-248x300.jpg\" alt=\"\" width=\"34\" height=\"41\" srcset=\"https:\/\/www.bon-vivin.fr\/wp-content\/uploads\/2025\/09\/AB_HD-248x300.jpg 248w, https:\/\/www.bon-vivin.fr\/wp-content\/uploads\/2025\/09\/AB_HD-847x1024.jpg 847w, https:\/\/www.bon-vivin.fr\/wp-content\/uploads\/2025\/09\/AB_HD-768x929.jpg 768w, https:\/\/www.bon-vivin.fr\/wp-content\/uploads\/2025\/09\/AB_HD-1270x1536.jpg 1270w, https:\/\/www.bon-vivin.fr\/wp-content\/uploads\/2025\/09\/AB_HD-1693x2048.jpg 1693w, https:\/\/www.bon-vivin.fr\/wp-content\/uploads\/2025\/09\/AB_HD-416x503.jpg 416w, https:\/\/www.bon-vivin.fr\/wp-content\/uploads\/2025\/09\/AB_HD.jpg 1833w\" sizes=\"auto, (max-width: 34px) 100vw, 34px\" \/><\/strong><\/p>\n<p>&nbsp;<\/p>\n<p>Un C\u00f4tes du Rh\u00f4ne rouge expressif et gourmand, issu d\u2019un assemblage de Grenache, Cinsault et Carignan. Nez fruit\u00e9 (cerise, m\u00fbre) m\u00eal\u00e9 \u00e0 des \u00e9pices douces, bouche charnue, \u00e9quilibr\u00e9e, aux tanins fins. Sols de galets roul\u00e9s sur fond argileux conf\u00e9rant min\u00e9ralit\u00e9 et chaleur m\u00e9ridionale, vinifi\u00e9 avec soin (levures indig\u00e8nes, peu d\u2019intrants).<\/p>\n<p><strong>Accords gourmands<\/strong><\/p>\n<ul>\n<li>Grillades (agneau, porc)<\/li>\n<li>Plats de terroir : l\u00e9gumes proven\u00e7aux, ratatouille<\/li>\n<li>Charcuterie &amp; tapas<\/li>\n<li>Fromages mod\u00e9r\u00e9ment affin\u00e9s<\/li>\n<\/ul>\n","protected":false},"excerpt":{"rendered":"<p>&nbsp; Un C\u00f4tes du Rh\u00f4ne rouge expressif et gourmand, issu d\u2019un assemblage de Grenache, Cinsault et Carignan. Nez fruit\u00e9 (cerise, m\u00fbre) m\u00eal\u00e9 \u00e0 des \u00e9pices douces, bouche charnue, \u00e9quilibr\u00e9e, aux tanins fins. Sols de galets roul\u00e9s sur fond argileux conf\u00e9rant min\u00e9ralit\u00e9 et chaleur m\u00e9ridionale, vinifi\u00e9 avec soin (levures indig\u00e8nes, peu d\u2019intrants). Accords gourmands Grillades (agneau, [&hellip;]<\/p>\n","protected":false},"featured_media":368,"comment_status":"open","ping_status":"closed","template":"","meta":{"inline_featured_image":false},"product_brand":[],"product_cat":[18],"product_tag":[],"class_list":{"0":"post-367","1":"product","2":"type-product","3":"status-publish","4":"has-post-thumbnail","6":"product_cat-rouge","7":"pa_vigneron-les-vignerons-destezargues","9":"first","10":"instock","11":"shipping-taxable","12":"purchasable","13":"product-type-simple"},"_links":{"self":[{"href":"https:\/\/www.bon-vivin.fr\/index.php\/wp-json\/wp\/v2\/product\/367","targetHints":{"allow":["GET"]}}],"collection":[{"href":"https:\/\/www.bon-vivin.fr\/index.php\/wp-json\/wp\/v2\/product"}],"about":[{"href":"https:\/\/www.bon-vivin.fr\/index.php\/wp-json\/wp\/v2\/types\/product"}],"replies":[{"embeddable":true,"href":"https:\/\/www.bon-vivin.fr\/index.php\/wp-json\/wp\/v2\/comments?post=367"}],"wp:featuredmedia":[{"embeddable":true,"href":"https:\/\/www.bon-vivin.fr\/index.php\/wp-json\/wp\/v2\/media\/368"}],"wp:attachment":[{"href":"https:\/\/www.bon-vivin.fr\/index.php\/wp-json\/wp\/v2\/media?parent=367"}],"wp:term":[{"taxonomy":"product_brand","embeddable":true,"href":"https:\/\/www.bon-vivin.fr\/index.php\/wp-json\/wp\/v2\/product_brand?post=367"},{"taxonomy":"product_cat","embeddable":true,"href":"https:\/\/www.bon-vivin.fr\/index.php\/wp-json\/wp\/v2\/product_cat?post=367"},{"taxonomy":"product_tag","embeddable":true,"href":"https:\/\/www.bon-vivin.fr\/index.php\/wp-json\/wp\/v2\/product_tag?post=367"}],"curies":[{"name":"wp","href":"https:\/\/api.w.org\/{rel}","templated":true}]}}