{"id":364,"date":"2025-09-18T09:31:06","date_gmt":"2025-09-18T09:31:06","guid":{"rendered":"https:\/\/www.bon-vivin.fr\/?post_type=product&#038;p=364"},"modified":"2025-11-17T17:37:47","modified_gmt":"2025-11-17T17:37:47","slug":"papillon-dorphee","status":"publish","type":"product","link":"https:\/\/www.bon-vivin.fr\/index.php\/produit\/papillon-dorphee\/","title":{"rendered":"Papillon d&rsquo;Orph\u00e9e"},"content":{"rendered":"<p>Un vin rouge expressif qui m\u00eale finesse et caract\u00e8re, sur terroir argilo-calcaire. Le nez s\u2019annonce sur des fruits rouges frais (cerise, framboise), avec une touche d\u2019\u00e9pices et de garrigue. En bouche, une texture souple, tanins pr\u00e9sents mais bien ma\u00eetris\u00e9s, avec une finale aromatique persistante.<\/p>\n<p><strong>Accords gourmands<\/strong><\/p>\n<ul>\n<li>Grillades (agneau, volaille)<\/li>\n<li>Charcuterie et fromages mod\u00e9r\u00e9ment affin\u00e9s<\/li>\n<li>Plats mijot\u00e9s aux herbes aromatiques<\/li>\n<li>Pizza ou plats de l\u00e9gumes grill\u00e9s<\/li>\n<\/ul>\n","protected":false},"excerpt":{"rendered":"<p>Un vin rouge expressif qui m\u00eale finesse et caract\u00e8re, sur terroir argilo-calcaire. Le nez s\u2019annonce sur des fruits rouges frais (cerise, framboise), avec une touche d\u2019\u00e9pices et de garrigue. En bouche, une texture souple, tanins pr\u00e9sents mais bien ma\u00eetris\u00e9s, avec une finale aromatique persistante. Accords gourmands Grillades (agneau, volaille) Charcuterie et fromages mod\u00e9r\u00e9ment affin\u00e9s Plats [&hellip;]<\/p>\n","protected":false},"featured_media":646,"comment_status":"open","ping_status":"closed","template":"","meta":{"inline_featured_image":false},"product_brand":[],"product_cat":[18],"product_tag":[],"class_list":{"0":"post-364","1":"product","2":"type-product","3":"status-publish","4":"has-post-thumbnail","6":"product_cat-rouge","7":"pa_vigneron-stephane-lucas","9":"first","10":"instock","11":"shipping-taxable","12":"purchasable","13":"product-type-simple"},"_links":{"self":[{"href":"https:\/\/www.bon-vivin.fr\/index.php\/wp-json\/wp\/v2\/product\/364","targetHints":{"allow":["GET"]}}],"collection":[{"href":"https:\/\/www.bon-vivin.fr\/index.php\/wp-json\/wp\/v2\/product"}],"about":[{"href":"https:\/\/www.bon-vivin.fr\/index.php\/wp-json\/wp\/v2\/types\/product"}],"replies":[{"embeddable":true,"href":"https:\/\/www.bon-vivin.fr\/index.php\/wp-json\/wp\/v2\/comments?post=364"}],"wp:featuredmedia":[{"embeddable":true,"href":"https:\/\/www.bon-vivin.fr\/index.php\/wp-json\/wp\/v2\/media\/646"}],"wp:attachment":[{"href":"https:\/\/www.bon-vivin.fr\/index.php\/wp-json\/wp\/v2\/media?parent=364"}],"wp:term":[{"taxonomy":"product_brand","embeddable":true,"href":"https:\/\/www.bon-vivin.fr\/index.php\/wp-json\/wp\/v2\/product_brand?post=364"},{"taxonomy":"product_cat","embeddable":true,"href":"https:\/\/www.bon-vivin.fr\/index.php\/wp-json\/wp\/v2\/product_cat?post=364"},{"taxonomy":"product_tag","embeddable":true,"href":"https:\/\/www.bon-vivin.fr\/index.php\/wp-json\/wp\/v2\/product_tag?post=364"}],"curies":[{"name":"wp","href":"https:\/\/api.w.org\/{rel}","templated":true}]}}