{"id":360,"date":"2025-09-17T17:40:20","date_gmt":"2025-09-17T17:40:20","guid":{"rendered":"https:\/\/www.bon-vivin.fr\/?post_type=product&#038;p=360"},"modified":"2025-11-03T17:36:33","modified_gmt":"2025-11-03T17:36:33","slug":"brut-nature","status":"publish","type":"product","link":"https:\/\/www.bon-vivin.fr\/index.php\/produit\/brut-nature\/","title":{"rendered":"Brut Nature <img src=\"http:\/\/www.bon-vivin.fr\/wp-content\/uploads\/2025\/09\/AB_HD.jpg\" alt=\"Label AB\" class=\"logo-titre-inline\">"},"content":{"rendered":"<p><strong><img loading=\"lazy\" decoding=\"async\" class=\"wp-image-575 alignleft\" src=\"http:\/\/www.bon-vivin.fr\/wp-content\/uploads\/2025\/09\/AB_HD-248x300.jpg\" alt=\"\" width=\"34\" height=\"41\" srcset=\"https:\/\/www.bon-vivin.fr\/wp-content\/uploads\/2025\/09\/AB_HD-248x300.jpg 248w, https:\/\/www.bon-vivin.fr\/wp-content\/uploads\/2025\/09\/AB_HD-847x1024.jpg 847w, https:\/\/www.bon-vivin.fr\/wp-content\/uploads\/2025\/09\/AB_HD-768x929.jpg 768w, https:\/\/www.bon-vivin.fr\/wp-content\/uploads\/2025\/09\/AB_HD-1270x1536.jpg 1270w, https:\/\/www.bon-vivin.fr\/wp-content\/uploads\/2025\/09\/AB_HD-1693x2048.jpg 1693w, https:\/\/www.bon-vivin.fr\/wp-content\/uploads\/2025\/09\/AB_HD-416x503.jpg 416w, https:\/\/www.bon-vivin.fr\/wp-content\/uploads\/2025\/09\/AB_HD.jpg 1833w\" sizes=\"auto, (max-width: 34px) 100vw, 34px\" \/><\/strong><\/p>\n<p>&nbsp;<\/p>\n<p>Un p\u00e9tillant naturel vif et raffin\u00e9, issu du Chenin sur terroir argilo-calcaire, \u00e9lev\u00e9 selon la m\u00e9thode traditionnelle sans dosage (\u00ab brut nature \u00bb). Expressif, il d\u00e9ploie des ar\u00f4mes d\u00e9licats de pomme Granny, poire, coing, rhubarbe, fleurs blanches et \u00e9corce d\u2019orange. La bulle est ultra-fine, caressante et sa finale, saline et min\u00e9rale, conf\u00e8re une vivacit\u00e9 tr\u00e8s rafra\u00eechissante.<\/p>\n<p><strong>Accords gourmands<\/strong><\/p>\n<ul>\n<li>Ap\u00e9ritif festif<\/li>\n<li>Fromages affin\u00e9s ou \u00e0 p\u00e2te dure<\/li>\n<li>Casse-cro\u00fbte ou petits plats salins (fritures, tapas iod\u00e9s)<\/li>\n<\/ul>\n","protected":false},"excerpt":{"rendered":"<p>&nbsp; Un p\u00e9tillant naturel vif et raffin\u00e9, issu du Chenin sur terroir argilo-calcaire, \u00e9lev\u00e9 selon la m\u00e9thode traditionnelle sans dosage (\u00ab brut nature \u00bb). Expressif, il d\u00e9ploie des ar\u00f4mes d\u00e9licats de pomme Granny, poire, coing, rhubarbe, fleurs blanches et \u00e9corce d\u2019orange. La bulle est ultra-fine, caressante et sa finale, saline et min\u00e9rale, conf\u00e8re une vivacit\u00e9 [&hellip;]<\/p>\n","protected":false},"featured_media":362,"comment_status":"open","ping_status":"closed","template":"","meta":{"inline_featured_image":false},"product_brand":[],"product_cat":[45],"product_tag":[],"class_list":{"0":"post-360","1":"product","2":"type-product","3":"status-publish","4":"has-post-thumbnail","6":"product_cat-petillant","7":"pa_vigneron-domaine-du-facteur","9":"first","10":"instock","11":"shipping-taxable","12":"purchasable","13":"product-type-simple"},"_links":{"self":[{"href":"https:\/\/www.bon-vivin.fr\/index.php\/wp-json\/wp\/v2\/product\/360","targetHints":{"allow":["GET"]}}],"collection":[{"href":"https:\/\/www.bon-vivin.fr\/index.php\/wp-json\/wp\/v2\/product"}],"about":[{"href":"https:\/\/www.bon-vivin.fr\/index.php\/wp-json\/wp\/v2\/types\/product"}],"replies":[{"embeddable":true,"href":"https:\/\/www.bon-vivin.fr\/index.php\/wp-json\/wp\/v2\/comments?post=360"}],"wp:featuredmedia":[{"embeddable":true,"href":"https:\/\/www.bon-vivin.fr\/index.php\/wp-json\/wp\/v2\/media\/362"}],"wp:attachment":[{"href":"https:\/\/www.bon-vivin.fr\/index.php\/wp-json\/wp\/v2\/media?parent=360"}],"wp:term":[{"taxonomy":"product_brand","embeddable":true,"href":"https:\/\/www.bon-vivin.fr\/index.php\/wp-json\/wp\/v2\/product_brand?post=360"},{"taxonomy":"product_cat","embeddable":true,"href":"https:\/\/www.bon-vivin.fr\/index.php\/wp-json\/wp\/v2\/product_cat?post=360"},{"taxonomy":"product_tag","embeddable":true,"href":"https:\/\/www.bon-vivin.fr\/index.php\/wp-json\/wp\/v2\/product_tag?post=360"}],"curies":[{"name":"wp","href":"https:\/\/api.w.org\/{rel}","templated":true}]}}