{"id":356,"date":"2025-09-17T17:31:12","date_gmt":"2025-09-17T17:31:12","guid":{"rendered":"https:\/\/www.bon-vivin.fr\/?post_type=product&#038;p=356"},"modified":"2025-11-03T17:36:41","modified_gmt":"2025-11-03T17:36:41","slug":"grin-dores","status":"publish","type":"product","link":"https:\/\/www.bon-vivin.fr\/index.php\/produit\/grin-dores\/","title":{"rendered":"Grin dor\u00e9s <img src=\"http:\/\/www.bon-vivin.fr\/wp-content\/uploads\/2025\/09\/AB_HD.jpg\" alt=\"Label AB\" class=\"logo-titre-inline\">"},"content":{"rendered":"<p><strong><img loading=\"lazy\" decoding=\"async\" class=\"wp-image-575 alignleft\" src=\"http:\/\/www.bon-vivin.fr\/wp-content\/uploads\/2025\/09\/AB_HD-248x300.jpg\" alt=\"\" width=\"34\" height=\"41\" srcset=\"https:\/\/www.bon-vivin.fr\/wp-content\/uploads\/2025\/09\/AB_HD-248x300.jpg 248w, https:\/\/www.bon-vivin.fr\/wp-content\/uploads\/2025\/09\/AB_HD-847x1024.jpg 847w, https:\/\/www.bon-vivin.fr\/wp-content\/uploads\/2025\/09\/AB_HD-768x929.jpg 768w, https:\/\/www.bon-vivin.fr\/wp-content\/uploads\/2025\/09\/AB_HD-1270x1536.jpg 1270w, https:\/\/www.bon-vivin.fr\/wp-content\/uploads\/2025\/09\/AB_HD-1693x2048.jpg 1693w, https:\/\/www.bon-vivin.fr\/wp-content\/uploads\/2025\/09\/AB_HD-416x503.jpg 416w, https:\/\/www.bon-vivin.fr\/wp-content\/uploads\/2025\/09\/AB_HD.jpg 1833w\" sizes=\"auto, (max-width: 34px) 100vw, 34px\" \/><\/strong><\/p>\n<p>&nbsp;<\/p>\n<p>Un blanc \u00e9l\u00e9gant et lumineux, issu des c\u00e9pages Sauvignon, Gros Manseng et Ugni Blanc. Le nez r\u00e9v\u00e8le des ar\u00f4mes de fleurs blanches, d\u2019agrumes (citron, pamplemousse) et de fruits \u00e0 chair blanche, avec une touche de miel ou de vanille selon \u00e9levage subtil. En bouche, la fra\u00eecheur domine, soutenue par une min\u00e9ralit\u00e9 fine issue des sols calcaire \/ caillouteux ; finale salivante et digeste.<\/p>\n<p><strong>Accords gourmands<\/strong><\/p>\n<ul>\n<li>Ap\u00e9ritifs l\u00e9gers<\/li>\n<li>Fruits de mer ou coquillages<\/li>\n<li>Poissons grill\u00e9s ou en sauce citronn\u00e9e<\/li>\n<li>Fromages doux ou ch\u00e8vres frais<\/li>\n<\/ul>\n","protected":false},"excerpt":{"rendered":"<p>&nbsp; Un blanc \u00e9l\u00e9gant et lumineux, issu des c\u00e9pages Sauvignon, Gros Manseng et Ugni Blanc. Le nez r\u00e9v\u00e8le des ar\u00f4mes de fleurs blanches, d\u2019agrumes (citron, pamplemousse) et de fruits \u00e0 chair blanche, avec une touche de miel ou de vanille selon \u00e9levage subtil. En bouche, la fra\u00eecheur domine, soutenue par une min\u00e9ralit\u00e9 fine issue des [&hellip;]<\/p>\n","protected":false},"featured_media":358,"comment_status":"open","ping_status":"closed","template":"","meta":{"inline_featured_image":false},"product_brand":[],"product_cat":[22],"product_tag":[],"class_list":{"0":"post-356","1":"product","2":"type-product","3":"status-publish","4":"has-post-thumbnail","6":"product_cat-blanc","7":"pa_vigneron-domaine-de-la-seailles","9":"first","10":"instock","11":"shipping-taxable","12":"purchasable","13":"product-type-simple"},"_links":{"self":[{"href":"https:\/\/www.bon-vivin.fr\/index.php\/wp-json\/wp\/v2\/product\/356","targetHints":{"allow":["GET"]}}],"collection":[{"href":"https:\/\/www.bon-vivin.fr\/index.php\/wp-json\/wp\/v2\/product"}],"about":[{"href":"https:\/\/www.bon-vivin.fr\/index.php\/wp-json\/wp\/v2\/types\/product"}],"replies":[{"embeddable":true,"href":"https:\/\/www.bon-vivin.fr\/index.php\/wp-json\/wp\/v2\/comments?post=356"}],"wp:featuredmedia":[{"embeddable":true,"href":"https:\/\/www.bon-vivin.fr\/index.php\/wp-json\/wp\/v2\/media\/358"}],"wp:attachment":[{"href":"https:\/\/www.bon-vivin.fr\/index.php\/wp-json\/wp\/v2\/media?parent=356"}],"wp:term":[{"taxonomy":"product_brand","embeddable":true,"href":"https:\/\/www.bon-vivin.fr\/index.php\/wp-json\/wp\/v2\/product_brand?post=356"},{"taxonomy":"product_cat","embeddable":true,"href":"https:\/\/www.bon-vivin.fr\/index.php\/wp-json\/wp\/v2\/product_cat?post=356"},{"taxonomy":"product_tag","embeddable":true,"href":"https:\/\/www.bon-vivin.fr\/index.php\/wp-json\/wp\/v2\/product_tag?post=356"}],"curies":[{"name":"wp","href":"https:\/\/api.w.org\/{rel}","templated":true}]}}