{"id":353,"date":"2025-09-17T17:28:11","date_gmt":"2025-09-17T17:28:11","guid":{"rendered":"https:\/\/www.bon-vivin.fr\/?post_type=product&#038;p=353"},"modified":"2025-11-03T17:36:50","modified_gmt":"2025-11-03T17:36:50","slug":"muscadet","status":"publish","type":"product","link":"https:\/\/www.bon-vivin.fr\/index.php\/produit\/muscadet\/","title":{"rendered":"Muscadet <img src=\"http:\/\/www.bon-vivin.fr\/wp-content\/uploads\/2025\/09\/AB_HD.jpg\" alt=\"Label AB\" class=\"logo-titre-inline\">"},"content":{"rendered":"<p><strong><img loading=\"lazy\" decoding=\"async\" class=\"wp-image-575 alignleft\" src=\"http:\/\/www.bon-vivin.fr\/wp-content\/uploads\/2025\/09\/AB_HD-248x300.jpg\" alt=\"\" width=\"34\" height=\"41\" srcset=\"https:\/\/www.bon-vivin.fr\/wp-content\/uploads\/2025\/09\/AB_HD-248x300.jpg 248w, https:\/\/www.bon-vivin.fr\/wp-content\/uploads\/2025\/09\/AB_HD-847x1024.jpg 847w, https:\/\/www.bon-vivin.fr\/wp-content\/uploads\/2025\/09\/AB_HD-768x929.jpg 768w, https:\/\/www.bon-vivin.fr\/wp-content\/uploads\/2025\/09\/AB_HD-1270x1536.jpg 1270w, https:\/\/www.bon-vivin.fr\/wp-content\/uploads\/2025\/09\/AB_HD-1693x2048.jpg 1693w, https:\/\/www.bon-vivin.fr\/wp-content\/uploads\/2025\/09\/AB_HD-416x503.jpg 416w, https:\/\/www.bon-vivin.fr\/wp-content\/uploads\/2025\/09\/AB_HD.jpg 1833w\" sizes=\"auto, (max-width: 34px) 100vw, 34px\" \/><\/strong><br \/>\n<strong style=\"color: #2e7d32;\">Biodynamie\/Biodyvin<\/strong><\/p>\n<p>Un Muscadet vif et rafra\u00eechissant, aux ar\u00f4mes d\u00e9licats de fruits \u00e0 chair blanche et d\u2019agrumes frais. La bouche, souple mais tendue, pr\u00e9sente \u00e9quilibre, \u00e9nergie et une finale citronn\u00e9e l\u00e9g\u00e8rement am\u00e8re tr\u00e8s salivante. Issu de parcelles granitiques sur Maisdon-sur-S\u00e8vre, conduit en agriculture biologique et biodynamie, il exprime un terroir pur et min\u00e9ralit\u00e9 nette<\/p>\n<p><strong>Accords gourmands<\/strong><\/p>\n<ul>\n<li>Ap\u00e9ritif convivial<\/li>\n<li>Fruits de mer et coquillages (hu\u00eetres, bulots)<\/li>\n<li>Poissons grill\u00e9s ou ceviche<\/li>\n<li>Risotto de gambas ou plats iod\u00e9s (citrons, agrumes)<\/li>\n<\/ul>\n","protected":false},"excerpt":{"rendered":"<p>Biodynamie\/Biodyvin Un Muscadet vif et rafra\u00eechissant, aux ar\u00f4mes d\u00e9licats de fruits \u00e0 chair blanche et d\u2019agrumes frais. La bouche, souple mais tendue, pr\u00e9sente \u00e9quilibre, \u00e9nergie et une finale citronn\u00e9e l\u00e9g\u00e8rement am\u00e8re tr\u00e8s salivante. Issu de parcelles granitiques sur Maisdon-sur-S\u00e8vre, conduit en agriculture biologique et biodynamie, il exprime un terroir pur et min\u00e9ralit\u00e9 nette Accords gourmands [&hellip;]<\/p>\n","protected":false},"featured_media":354,"comment_status":"open","ping_status":"closed","template":"","meta":{"inline_featured_image":false},"product_brand":[],"product_cat":[22],"product_tag":[],"class_list":{"0":"post-353","1":"product","2":"type-product","3":"status-publish","4":"has-post-thumbnail","6":"product_cat-blanc","7":"pa_vigneron-domaine-de-la-pepiere","9":"first","10":"instock","11":"shipping-taxable","12":"purchasable","13":"product-type-simple"},"_links":{"self":[{"href":"https:\/\/www.bon-vivin.fr\/index.php\/wp-json\/wp\/v2\/product\/353","targetHints":{"allow":["GET"]}}],"collection":[{"href":"https:\/\/www.bon-vivin.fr\/index.php\/wp-json\/wp\/v2\/product"}],"about":[{"href":"https:\/\/www.bon-vivin.fr\/index.php\/wp-json\/wp\/v2\/types\/product"}],"replies":[{"embeddable":true,"href":"https:\/\/www.bon-vivin.fr\/index.php\/wp-json\/wp\/v2\/comments?post=353"}],"wp:featuredmedia":[{"embeddable":true,"href":"https:\/\/www.bon-vivin.fr\/index.php\/wp-json\/wp\/v2\/media\/354"}],"wp:attachment":[{"href":"https:\/\/www.bon-vivin.fr\/index.php\/wp-json\/wp\/v2\/media?parent=353"}],"wp:term":[{"taxonomy":"product_brand","embeddable":true,"href":"https:\/\/www.bon-vivin.fr\/index.php\/wp-json\/wp\/v2\/product_brand?post=353"},{"taxonomy":"product_cat","embeddable":true,"href":"https:\/\/www.bon-vivin.fr\/index.php\/wp-json\/wp\/v2\/product_cat?post=353"},{"taxonomy":"product_tag","embeddable":true,"href":"https:\/\/www.bon-vivin.fr\/index.php\/wp-json\/wp\/v2\/product_tag?post=353"}],"curies":[{"name":"wp","href":"https:\/\/api.w.org\/{rel}","templated":true}]}}