{"id":349,"date":"2025-09-17T16:00:24","date_gmt":"2025-09-17T16:00:24","guid":{"rendered":"https:\/\/www.bon-vivin.fr\/?post_type=product&#038;p=349"},"modified":"2025-11-03T17:37:04","modified_gmt":"2025-11-03T17:37:04","slug":"pur-fruit-de-causse","status":"publish","type":"product","link":"https:\/\/www.bon-vivin.fr\/index.php\/produit\/pur-fruit-de-causse\/","title":{"rendered":"Pur fruit de causse <img src=\"http:\/\/www.bon-vivin.fr\/wp-content\/uploads\/2025\/09\/AB_HD.jpg\" alt=\"Label AB\" class=\"logo-titre-inline\">"},"content":{"rendered":"<p><strong><img loading=\"lazy\" decoding=\"async\" class=\"wp-image-575 alignleft\" src=\"http:\/\/www.bon-vivin.fr\/wp-content\/uploads\/2025\/09\/AB_HD-248x300.jpg\" alt=\"\" width=\"34\" height=\"41\" srcset=\"https:\/\/www.bon-vivin.fr\/wp-content\/uploads\/2025\/09\/AB_HD-248x300.jpg 248w, https:\/\/www.bon-vivin.fr\/wp-content\/uploads\/2025\/09\/AB_HD-847x1024.jpg 847w, https:\/\/www.bon-vivin.fr\/wp-content\/uploads\/2025\/09\/AB_HD-768x929.jpg 768w, https:\/\/www.bon-vivin.fr\/wp-content\/uploads\/2025\/09\/AB_HD-1270x1536.jpg 1270w, https:\/\/www.bon-vivin.fr\/wp-content\/uploads\/2025\/09\/AB_HD-1693x2048.jpg 1693w, https:\/\/www.bon-vivin.fr\/wp-content\/uploads\/2025\/09\/AB_HD-416x503.jpg 416w, https:\/\/www.bon-vivin.fr\/wp-content\/uploads\/2025\/09\/AB_HD.jpg 1833w\" sizes=\"auto, (max-width: 34px) 100vw, 34px\" \/><\/strong><\/p>\n<p>&nbsp;<\/p>\n<p>Un Malbec charmeur, croquant et gourmand, issu du plateau calcaire du Causse (320\u2013350 m d\u2019altitude), o\u00f9 le fruit pur (cerise noire, cassis) se livre dans un style accessible, frais et joyeux. Les tanins sont soyeux, la texture fluide, avec une \u00e9nergie franche. Un vrai vin de copains, fid\u00e8le au renouveau de Cahors.<\/p>\n<p><strong>Accords gourmands<\/strong><\/p>\n<ul>\n<li>Viandes grill\u00e9es (agneau, b\u0153uf, volailles)<\/li>\n<li>Charcuteries &amp; jambon ib\u00e9rique<\/li>\n<li>Tajine \u00e9pic\u00e9 ou plats mijot\u00e9s aux fruits<\/li>\n<li>Terrine de campagne, p\u00e2t\u00e9<\/li>\n<\/ul>\n","protected":false},"excerpt":{"rendered":"<p>&nbsp; Un Malbec charmeur, croquant et gourmand, issu du plateau calcaire du Causse (320\u2013350 m d\u2019altitude), o\u00f9 le fruit pur (cerise noire, cassis) se livre dans un style accessible, frais et joyeux. Les tanins sont soyeux, la texture fluide, avec une \u00e9nergie franche. Un vrai vin de copains, fid\u00e8le au renouveau de Cahors. Accords gourmands [&hellip;]<\/p>\n","protected":false},"featured_media":351,"comment_status":"open","ping_status":"closed","template":"","meta":{"inline_featured_image":false},"product_brand":[],"product_cat":[18],"product_tag":[],"class_list":{"0":"post-349","1":"product","2":"type-product","3":"status-publish","4":"has-post-thumbnail","6":"product_cat-rouge","7":"pa_vigneron-combel-la-serre","9":"first","10":"instock","11":"shipping-taxable","12":"purchasable","13":"product-type-simple"},"_links":{"self":[{"href":"https:\/\/www.bon-vivin.fr\/index.php\/wp-json\/wp\/v2\/product\/349","targetHints":{"allow":["GET"]}}],"collection":[{"href":"https:\/\/www.bon-vivin.fr\/index.php\/wp-json\/wp\/v2\/product"}],"about":[{"href":"https:\/\/www.bon-vivin.fr\/index.php\/wp-json\/wp\/v2\/types\/product"}],"replies":[{"embeddable":true,"href":"https:\/\/www.bon-vivin.fr\/index.php\/wp-json\/wp\/v2\/comments?post=349"}],"wp:featuredmedia":[{"embeddable":true,"href":"https:\/\/www.bon-vivin.fr\/index.php\/wp-json\/wp\/v2\/media\/351"}],"wp:attachment":[{"href":"https:\/\/www.bon-vivin.fr\/index.php\/wp-json\/wp\/v2\/media?parent=349"}],"wp:term":[{"taxonomy":"product_brand","embeddable":true,"href":"https:\/\/www.bon-vivin.fr\/index.php\/wp-json\/wp\/v2\/product_brand?post=349"},{"taxonomy":"product_cat","embeddable":true,"href":"https:\/\/www.bon-vivin.fr\/index.php\/wp-json\/wp\/v2\/product_cat?post=349"},{"taxonomy":"product_tag","embeddable":true,"href":"https:\/\/www.bon-vivin.fr\/index.php\/wp-json\/wp\/v2\/product_tag?post=349"}],"curies":[{"name":"wp","href":"https:\/\/api.w.org\/{rel}","templated":true}]}}