{"id":346,"date":"2025-09-17T15:57:30","date_gmt":"2025-09-17T15:57:30","guid":{"rendered":"https:\/\/www.bon-vivin.fr\/?post_type=product&#038;p=346"},"modified":"2025-11-03T17:37:13","modified_gmt":"2025-11-03T17:37:13","slug":"les-greilles-vin-de-france-mauzac-loin-de-loeil-sauvignon","status":"publish","type":"product","link":"https:\/\/www.bon-vivin.fr\/index.php\/produit\/les-greilles-vin-de-france-mauzac-loin-de-loeil-sauvignon\/","title":{"rendered":"Les Greilles Vin de France <img src=\"http:\/\/www.bon-vivin.fr\/wp-content\/uploads\/2025\/09\/AB_HD.jpg\" alt=\"Label AB\" class=\"logo-titre-inline\">"},"content":{"rendered":"<p><strong><img loading=\"lazy\" decoding=\"async\" class=\"wp-image-575 alignleft\" src=\"http:\/\/www.bon-vivin.fr\/wp-content\/uploads\/2025\/09\/AB_HD-248x300.jpg\" alt=\"\" width=\"34\" height=\"41\" srcset=\"https:\/\/www.bon-vivin.fr\/wp-content\/uploads\/2025\/09\/AB_HD-248x300.jpg 248w, https:\/\/www.bon-vivin.fr\/wp-content\/uploads\/2025\/09\/AB_HD-847x1024.jpg 847w, https:\/\/www.bon-vivin.fr\/wp-content\/uploads\/2025\/09\/AB_HD-768x929.jpg 768w, https:\/\/www.bon-vivin.fr\/wp-content\/uploads\/2025\/09\/AB_HD-1270x1536.jpg 1270w, https:\/\/www.bon-vivin.fr\/wp-content\/uploads\/2025\/09\/AB_HD-1693x2048.jpg 1693w, https:\/\/www.bon-vivin.fr\/wp-content\/uploads\/2025\/09\/AB_HD-416x503.jpg 416w, https:\/\/www.bon-vivin.fr\/wp-content\/uploads\/2025\/09\/AB_HD.jpg 1833w\" sizes=\"auto, (max-width: 34px) 100vw, 34px\" \/><\/strong><\/p>\n<p>&nbsp;<\/p>\n<p>Un blanc sec et expressif, m\u00ealant la texture grasse du Mauzac \u00e0 la finesse florale du Loin-de-l\u2019\u0152il et la fra\u00eecheur vive du Sauvignon. Le nez se distingue par ses notes d\u00e9licates de fruits exotiques, miel et fleurs blanches, tandis que la bouche combine richesse, \u00e9quilibre et tonicit\u00e9 rafra\u00eechissante. Ce vin biodynamique (certifi\u00e9 AB et Demeter) traduit avec clart\u00e9 la min\u00e9ralit\u00e9 calcaire du terroir gaillacois<\/p>\n<p><strong>Accords gourmands<\/strong><\/p>\n<ul>\n<li>Ap\u00e9ritifs raffin\u00e9s et tapas l\u00e9g\u00e8rement \u00e9pic\u00e9es<\/li>\n<li>Fruits de mer ou crustac\u00e9s (hu\u00eetres, langoustines, ceviche\u2026)<\/li>\n<li>Poissons grill\u00e9s ou en sauce citronn\u00e9e<\/li>\n<li>Fromages doux, ch\u00e8vre frais ou faisselles<\/li>\n<\/ul>\n","protected":false},"excerpt":{"rendered":"<p>&nbsp; Un blanc sec et expressif, m\u00ealant la texture grasse du Mauzac \u00e0 la finesse florale du Loin-de-l\u2019\u0152il et la fra\u00eecheur vive du Sauvignon. Le nez se distingue par ses notes d\u00e9licates de fruits exotiques, miel et fleurs blanches, tandis que la bouche combine richesse, \u00e9quilibre et tonicit\u00e9 rafra\u00eechissante. Ce vin biodynamique (certifi\u00e9 AB et [&hellip;]<\/p>\n","protected":false},"featured_media":347,"comment_status":"open","ping_status":"closed","template":"","meta":{"inline_featured_image":false},"product_brand":[],"product_cat":[22],"product_tag":[],"class_list":{"0":"post-346","1":"product","2":"type-product","3":"status-publish","4":"has-post-thumbnail","6":"product_cat-blanc","7":"pa_vigneron-causse-marines-patrice-lescarret","9":"first","10":"instock","11":"shipping-taxable","12":"purchasable","13":"product-type-simple"},"_links":{"self":[{"href":"https:\/\/www.bon-vivin.fr\/index.php\/wp-json\/wp\/v2\/product\/346","targetHints":{"allow":["GET"]}}],"collection":[{"href":"https:\/\/www.bon-vivin.fr\/index.php\/wp-json\/wp\/v2\/product"}],"about":[{"href":"https:\/\/www.bon-vivin.fr\/index.php\/wp-json\/wp\/v2\/types\/product"}],"replies":[{"embeddable":true,"href":"https:\/\/www.bon-vivin.fr\/index.php\/wp-json\/wp\/v2\/comments?post=346"}],"wp:featuredmedia":[{"embeddable":true,"href":"https:\/\/www.bon-vivin.fr\/index.php\/wp-json\/wp\/v2\/media\/347"}],"wp:attachment":[{"href":"https:\/\/www.bon-vivin.fr\/index.php\/wp-json\/wp\/v2\/media?parent=346"}],"wp:term":[{"taxonomy":"product_brand","embeddable":true,"href":"https:\/\/www.bon-vivin.fr\/index.php\/wp-json\/wp\/v2\/product_brand?post=346"},{"taxonomy":"product_cat","embeddable":true,"href":"https:\/\/www.bon-vivin.fr\/index.php\/wp-json\/wp\/v2\/product_cat?post=346"},{"taxonomy":"product_tag","embeddable":true,"href":"https:\/\/www.bon-vivin.fr\/index.php\/wp-json\/wp\/v2\/product_tag?post=346"}],"curies":[{"name":"wp","href":"https:\/\/api.w.org\/{rel}","templated":true}]}}