{"id":344,"date":"2025-09-17T15:54:47","date_gmt":"2025-09-17T15:54:47","guid":{"rendered":"https:\/\/www.bon-vivin.fr\/?post_type=product&#038;p=344"},"modified":"2025-11-03T17:37:27","modified_gmt":"2025-11-03T17:37:27","slug":"peyrouzelle-vin-de-france-braucol-prunelard-duras","status":"publish","type":"product","link":"https:\/\/www.bon-vivin.fr\/index.php\/produit\/peyrouzelle-vin-de-france-braucol-prunelard-duras\/","title":{"rendered":"Peyrouzelle Vin de France <img src=\"http:\/\/www.bon-vivin.fr\/wp-content\/uploads\/2025\/09\/AB_HD.jpg\" alt=\"Label AB\" class=\"logo-titre-inline\">"},"content":{"rendered":"<p><strong><img loading=\"lazy\" decoding=\"async\" class=\"wp-image-575 alignleft\" src=\"http:\/\/www.bon-vivin.fr\/wp-content\/uploads\/2025\/09\/AB_HD-248x300.jpg\" alt=\"\" width=\"34\" height=\"41\" srcset=\"https:\/\/www.bon-vivin.fr\/wp-content\/uploads\/2025\/09\/AB_HD-248x300.jpg 248w, https:\/\/www.bon-vivin.fr\/wp-content\/uploads\/2025\/09\/AB_HD-847x1024.jpg 847w, https:\/\/www.bon-vivin.fr\/wp-content\/uploads\/2025\/09\/AB_HD-768x929.jpg 768w, https:\/\/www.bon-vivin.fr\/wp-content\/uploads\/2025\/09\/AB_HD-1270x1536.jpg 1270w, https:\/\/www.bon-vivin.fr\/wp-content\/uploads\/2025\/09\/AB_HD-1693x2048.jpg 1693w, https:\/\/www.bon-vivin.fr\/wp-content\/uploads\/2025\/09\/AB_HD-416x503.jpg 416w, https:\/\/www.bon-vivin.fr\/wp-content\/uploads\/2025\/09\/AB_HD.jpg 1833w\" sizes=\"auto, (max-width: 34px) 100vw, 34px\" \/><\/strong><\/p>\n<p>&nbsp;<\/p>\n<p>Un vin dense, charpent\u00e9 et g\u00e9n\u00e9reux, o\u00f9 les c\u00e9pages autochtones du Gaillacois s\u2019expriment pleinement, avec des ar\u00f4mes puissants de cassis, cerise noire, \u00e9pices et une min\u00e9ralit\u00e9 marqu\u00e9e, signature du terroir calcaire. La bouche est robuste, soyeuse, tendue et persistante<\/p>\n<p><strong>Accords gourmands<\/strong><\/p>\n<ul>\n<li>Barbecue et viandes grill\u00e9es entre amis<\/li>\n<li>Terrines de campagne &amp; charcuteries<\/li>\n<li>C\u00f4telettes d\u2019agneau ou viandes rouges r\u00f4ties<\/li>\n<li>Plateaux de fromages affin\u00e9s ou mod\u00e9r\u00e9ment secs<\/li>\n<\/ul>\n","protected":false},"excerpt":{"rendered":"<p>&nbsp; Un vin dense, charpent\u00e9 et g\u00e9n\u00e9reux, o\u00f9 les c\u00e9pages autochtones du Gaillacois s\u2019expriment pleinement, avec des ar\u00f4mes puissants de cassis, cerise noire, \u00e9pices et une min\u00e9ralit\u00e9 marqu\u00e9e, signature du terroir calcaire. La bouche est robuste, soyeuse, tendue et persistante Accords gourmands Barbecue et viandes grill\u00e9es entre amis Terrines de campagne &amp; charcuteries C\u00f4telettes d\u2019agneau [&hellip;]<\/p>\n","protected":false},"featured_media":345,"comment_status":"open","ping_status":"closed","template":"","meta":{"inline_featured_image":false},"product_brand":[],"product_cat":[18],"product_tag":[],"class_list":{"0":"post-344","1":"product","2":"type-product","3":"status-publish","4":"has-post-thumbnail","6":"product_cat-rouge","7":"pa_vigneron-causse-marines-patrice-lescarret","9":"first","10":"instock","11":"shipping-taxable","12":"purchasable","13":"product-type-simple"},"_links":{"self":[{"href":"https:\/\/www.bon-vivin.fr\/index.php\/wp-json\/wp\/v2\/product\/344","targetHints":{"allow":["GET"]}}],"collection":[{"href":"https:\/\/www.bon-vivin.fr\/index.php\/wp-json\/wp\/v2\/product"}],"about":[{"href":"https:\/\/www.bon-vivin.fr\/index.php\/wp-json\/wp\/v2\/types\/product"}],"replies":[{"embeddable":true,"href":"https:\/\/www.bon-vivin.fr\/index.php\/wp-json\/wp\/v2\/comments?post=344"}],"wp:featuredmedia":[{"embeddable":true,"href":"https:\/\/www.bon-vivin.fr\/index.php\/wp-json\/wp\/v2\/media\/345"}],"wp:attachment":[{"href":"https:\/\/www.bon-vivin.fr\/index.php\/wp-json\/wp\/v2\/media?parent=344"}],"wp:term":[{"taxonomy":"product_brand","embeddable":true,"href":"https:\/\/www.bon-vivin.fr\/index.php\/wp-json\/wp\/v2\/product_brand?post=344"},{"taxonomy":"product_cat","embeddable":true,"href":"https:\/\/www.bon-vivin.fr\/index.php\/wp-json\/wp\/v2\/product_cat?post=344"},{"taxonomy":"product_tag","embeddable":true,"href":"https:\/\/www.bon-vivin.fr\/index.php\/wp-json\/wp\/v2\/product_tag?post=344"}],"curies":[{"name":"wp","href":"https:\/\/api.w.org\/{rel}","templated":true}]}}