{"id":340,"date":"2025-09-11T09:47:57","date_gmt":"2025-09-11T09:47:57","guid":{"rendered":"https:\/\/www.bon-vivin.fr\/?post_type=product&#038;p=340"},"modified":"2025-11-03T17:37:35","modified_gmt":"2025-11-03T17:37:35","slug":"viti-vini-bibi-aop-minervois-grenache-cinsault","status":"publish","type":"product","link":"https:\/\/www.bon-vivin.fr\/index.php\/produit\/viti-vini-bibi-aop-minervois-grenache-cinsault\/","title":{"rendered":"Viti Vini Bibi AOP Minervois <img src=\"http:\/\/www.bon-vivin.fr\/wp-content\/uploads\/2025\/09\/AB_HD.jpg\" alt=\"Label AB\" class=\"logo-titre-inline\">"},"content":{"rendered":"<p><strong><img loading=\"lazy\" decoding=\"async\" class=\"wp-image-575 alignleft\" src=\"http:\/\/www.bon-vivin.fr\/wp-content\/uploads\/2025\/09\/AB_HD-248x300.jpg\" alt=\"\" width=\"34\" height=\"41\" srcset=\"https:\/\/www.bon-vivin.fr\/wp-content\/uploads\/2025\/09\/AB_HD-248x300.jpg 248w, https:\/\/www.bon-vivin.fr\/wp-content\/uploads\/2025\/09\/AB_HD-847x1024.jpg 847w, https:\/\/www.bon-vivin.fr\/wp-content\/uploads\/2025\/09\/AB_HD-768x929.jpg 768w, https:\/\/www.bon-vivin.fr\/wp-content\/uploads\/2025\/09\/AB_HD-1270x1536.jpg 1270w, https:\/\/www.bon-vivin.fr\/wp-content\/uploads\/2025\/09\/AB_HD-1693x2048.jpg 1693w, https:\/\/www.bon-vivin.fr\/wp-content\/uploads\/2025\/09\/AB_HD-416x503.jpg 416w, https:\/\/www.bon-vivin.fr\/wp-content\/uploads\/2025\/09\/AB_HD.jpg 1833w\" sizes=\"auto, (max-width: 34px) 100vw, 34px\" \/><\/strong><\/p>\n<p>&nbsp;<\/p>\n<p>Un rouge expressif, fruit\u00e9 et vif, alliant la gourmandise charnue du Grenache \u00e0 la tension saline et \u00e9pic\u00e9e du Cinsault. En bouche, une texture velout\u00e9e et fra\u00eecheante, adoss\u00e9e \u00e0 une \u00e9l\u00e9gante finale florale. Un Minervois moderne, biodynamique et sinc\u00e8re, qui d\u00e9poussi\u00e8re l\u2019image traditionnelle de l\u2019appellation.<\/p>\n<p><strong>Accords gourmands<\/strong><\/p>\n<ul>\n<li>Pi\u00e8ce de b\u0153uf grill\u00e9e<\/li>\n<li>Omelette au chorizo et tomates<\/li>\n<li>L\u00e9gumes r\u00f4tis ou ratatouille<\/li>\n<li>Tapas et charcuterie<\/li>\n<\/ul>\n","protected":false},"excerpt":{"rendered":"<p>&nbsp; Un rouge expressif, fruit\u00e9 et vif, alliant la gourmandise charnue du Grenache \u00e0 la tension saline et \u00e9pic\u00e9e du Cinsault. En bouche, une texture velout\u00e9e et fra\u00eecheante, adoss\u00e9e \u00e0 une \u00e9l\u00e9gante finale florale. Un Minervois moderne, biodynamique et sinc\u00e8re, qui d\u00e9poussi\u00e8re l\u2019image traditionnelle de l\u2019appellation. Accords gourmands Pi\u00e8ce de b\u0153uf grill\u00e9e Omelette au chorizo [&hellip;]<\/p>\n","protected":false},"featured_media":341,"comment_status":"open","ping_status":"closed","template":"","meta":{"inline_featured_image":false},"product_brand":[],"product_cat":[18],"product_tag":[],"class_list":{"0":"post-340","1":"product","2":"type-product","3":"status-publish","4":"has-post-thumbnail","6":"product_cat-rouge","7":"pa_vigneron-benjamin-taillandier","9":"first","10":"instock","11":"shipping-taxable","12":"purchasable","13":"product-type-simple"},"_links":{"self":[{"href":"https:\/\/www.bon-vivin.fr\/index.php\/wp-json\/wp\/v2\/product\/340","targetHints":{"allow":["GET"]}}],"collection":[{"href":"https:\/\/www.bon-vivin.fr\/index.php\/wp-json\/wp\/v2\/product"}],"about":[{"href":"https:\/\/www.bon-vivin.fr\/index.php\/wp-json\/wp\/v2\/types\/product"}],"replies":[{"embeddable":true,"href":"https:\/\/www.bon-vivin.fr\/index.php\/wp-json\/wp\/v2\/comments?post=340"}],"wp:featuredmedia":[{"embeddable":true,"href":"https:\/\/www.bon-vivin.fr\/index.php\/wp-json\/wp\/v2\/media\/341"}],"wp:attachment":[{"href":"https:\/\/www.bon-vivin.fr\/index.php\/wp-json\/wp\/v2\/media?parent=340"}],"wp:term":[{"taxonomy":"product_brand","embeddable":true,"href":"https:\/\/www.bon-vivin.fr\/index.php\/wp-json\/wp\/v2\/product_brand?post=340"},{"taxonomy":"product_cat","embeddable":true,"href":"https:\/\/www.bon-vivin.fr\/index.php\/wp-json\/wp\/v2\/product_cat?post=340"},{"taxonomy":"product_tag","embeddable":true,"href":"https:\/\/www.bon-vivin.fr\/index.php\/wp-json\/wp\/v2\/product_tag?post=340"}],"curies":[{"name":"wp","href":"https:\/\/api.w.org\/{rel}","templated":true}]}}