{"id":338,"date":"2025-09-11T09:45:10","date_gmt":"2025-09-11T09:45:10","guid":{"rendered":"https:\/\/www.bon-vivin.fr\/?post_type=product&#038;p=338"},"modified":"2025-11-17T17:40:36","modified_gmt":"2025-11-17T17:40:36","slug":"viti-vini-bibi-vin-de-france-grenache-gris-blanc-terret","status":"publish","type":"product","link":"https:\/\/www.bon-vivin.fr\/index.php\/produit\/viti-vini-bibi-vin-de-france-grenache-gris-blanc-terret\/","title":{"rendered":"Viti Vini Bibi Vin de France <img src=\"http:\/\/www.bon-vivin.fr\/wp-content\/uploads\/2025\/09\/AB_HD.jpg\" alt=\"Label AB\" class=\"logo-titre-inline\">"},"content":{"rendered":"<p><strong><img loading=\"lazy\" decoding=\"async\" class=\"wp-image-575 alignleft\" src=\"http:\/\/www.bon-vivin.fr\/wp-content\/uploads\/2025\/09\/AB_HD-248x300.jpg\" alt=\"\" width=\"34\" height=\"41\" srcset=\"https:\/\/www.bon-vivin.fr\/wp-content\/uploads\/2025\/09\/AB_HD-248x300.jpg 248w, https:\/\/www.bon-vivin.fr\/wp-content\/uploads\/2025\/09\/AB_HD-847x1024.jpg 847w, https:\/\/www.bon-vivin.fr\/wp-content\/uploads\/2025\/09\/AB_HD-768x929.jpg 768w, https:\/\/www.bon-vivin.fr\/wp-content\/uploads\/2025\/09\/AB_HD-1270x1536.jpg 1270w, https:\/\/www.bon-vivin.fr\/wp-content\/uploads\/2025\/09\/AB_HD-1693x2048.jpg 1693w, https:\/\/www.bon-vivin.fr\/wp-content\/uploads\/2025\/09\/AB_HD-416x503.jpg 416w, https:\/\/www.bon-vivin.fr\/wp-content\/uploads\/2025\/09\/AB_HD.jpg 1833w\" sizes=\"auto, (max-width: 34px) 100vw, 34px\" \/><\/strong><\/p>\n<p>&nbsp;<\/p>\n<p>Un blanc vif et s\u00e9duisant m\u00ealant Grenache Gris, Blanc et Terret Gris. Le nez s\u2019ouvre sur des agrumes, fleurs blanches et fenouil, tandis que la bouche, tendue et rafra\u00eechissante, r\u00e9v\u00e8le une texture pure et un soup\u00e7on beurr\u00e9 en finale<\/p>\n<p><strong>Accords gourmands<\/strong><\/p>\n<ul>\n<li>Ap\u00e9ritif convivial et tapas l\u00e9gers<\/li>\n<li>Coquillages et crustac\u00e9s (hu\u00eetres, crevettes\u2026)<\/li>\n<li>Plats de poissons blancs grill\u00e9s ou r\u00f4tis<\/li>\n<li>Fromages frais ou fromages de ch\u00e8vre doux<\/li>\n<\/ul>\n","protected":false},"excerpt":{"rendered":"<p>&nbsp; Un blanc vif et s\u00e9duisant m\u00ealant Grenache Gris, Blanc et Terret Gris. Le nez s\u2019ouvre sur des agrumes, fleurs blanches et fenouil, tandis que la bouche, tendue et rafra\u00eechissante, r\u00e9v\u00e8le une texture pure et un soup\u00e7on beurr\u00e9 en finale Accords gourmands Ap\u00e9ritif convivial et tapas l\u00e9gers Coquillages et crustac\u00e9s (hu\u00eetres, crevettes\u2026) Plats de poissons [&hellip;]<\/p>\n","protected":false},"featured_media":647,"comment_status":"open","ping_status":"closed","template":"","meta":{"inline_featured_image":false},"product_brand":[],"product_cat":[22],"product_tag":[],"class_list":{"0":"post-338","1":"product","2":"type-product","3":"status-publish","4":"has-post-thumbnail","6":"product_cat-blanc","7":"pa_vigneron-benjamin-taillandier","9":"first","10":"instock","11":"shipping-taxable","12":"purchasable","13":"product-type-simple"},"_links":{"self":[{"href":"https:\/\/www.bon-vivin.fr\/index.php\/wp-json\/wp\/v2\/product\/338","targetHints":{"allow":["GET"]}}],"collection":[{"href":"https:\/\/www.bon-vivin.fr\/index.php\/wp-json\/wp\/v2\/product"}],"about":[{"href":"https:\/\/www.bon-vivin.fr\/index.php\/wp-json\/wp\/v2\/types\/product"}],"replies":[{"embeddable":true,"href":"https:\/\/www.bon-vivin.fr\/index.php\/wp-json\/wp\/v2\/comments?post=338"}],"wp:featuredmedia":[{"embeddable":true,"href":"https:\/\/www.bon-vivin.fr\/index.php\/wp-json\/wp\/v2\/media\/647"}],"wp:attachment":[{"href":"https:\/\/www.bon-vivin.fr\/index.php\/wp-json\/wp\/v2\/media?parent=338"}],"wp:term":[{"taxonomy":"product_brand","embeddable":true,"href":"https:\/\/www.bon-vivin.fr\/index.php\/wp-json\/wp\/v2\/product_brand?post=338"},{"taxonomy":"product_cat","embeddable":true,"href":"https:\/\/www.bon-vivin.fr\/index.php\/wp-json\/wp\/v2\/product_cat?post=338"},{"taxonomy":"product_tag","embeddable":true,"href":"https:\/\/www.bon-vivin.fr\/index.php\/wp-json\/wp\/v2\/product_tag?post=338"}],"curies":[{"name":"wp","href":"https:\/\/api.w.org\/{rel}","templated":true}]}}