{"id":335,"date":"2025-09-11T09:39:12","date_gmt":"2025-09-11T09:39:12","guid":{"rendered":"https:\/\/www.bon-vivin.fr\/?post_type=product&#038;p=335"},"modified":"2025-11-03T16:56:57","modified_gmt":"2025-11-03T16:56:57","slug":"freesia-rose","status":"publish","type":"product","link":"https:\/\/www.bon-vivin.fr\/index.php\/produit\/freesia-rose\/","title":{"rendered":"Freesia ros\u00e9 <img src=\"http:\/\/www.bon-vivin.fr\/wp-content\/uploads\/2025\/09\/AB_HD.jpg\" alt=\"Label AB\" class=\"logo-titre-inline\">"},"content":{"rendered":"<p><strong><img loading=\"lazy\" decoding=\"async\" class=\"wp-image-575 alignleft\" src=\"http:\/\/www.bon-vivin.fr\/wp-content\/uploads\/2025\/09\/AB_HD-248x300.jpg\" alt=\"\" width=\"34\" height=\"41\" srcset=\"https:\/\/www.bon-vivin.fr\/wp-content\/uploads\/2025\/09\/AB_HD-248x300.jpg 248w, https:\/\/www.bon-vivin.fr\/wp-content\/uploads\/2025\/09\/AB_HD-847x1024.jpg 847w, https:\/\/www.bon-vivin.fr\/wp-content\/uploads\/2025\/09\/AB_HD-768x929.jpg 768w, https:\/\/www.bon-vivin.fr\/wp-content\/uploads\/2025\/09\/AB_HD-1270x1536.jpg 1270w, https:\/\/www.bon-vivin.fr\/wp-content\/uploads\/2025\/09\/AB_HD-1693x2048.jpg 1693w, https:\/\/www.bon-vivin.fr\/wp-content\/uploads\/2025\/09\/AB_HD-416x503.jpg 416w, https:\/\/www.bon-vivin.fr\/wp-content\/uploads\/2025\/09\/AB_HD.jpg 1833w\" sizes=\"auto, (max-width: 34px) 100vw, 34px\" \/><\/strong><br \/>\n<strong style=\"color: #2e7d32;\">Biodynamie\/Demeter<\/strong><\/p>\n<p>Un ros\u00e9 vif et lumineux, vinifi\u00e9 en pressurage direct \u00e0 partir de c\u00e9pages majoritairement autochtones comme le Cinsault, Grenache Gris, et un peu de vari\u00e9t\u00e9s comme Counoise ou Aubun. Le nez s\u2019ouvre sur des ar\u00f4mes de fraise, groseille, fruits rouges frais avec une touche herbac\u00e9e l\u00e9g\u00e8re (menthe), la bouche est l\u00e9g\u00e8re, croquante, fluide, avec une belle fra\u00eecheur aromatique. Un vin de soif, festif, parfait pour les journ\u00e9es estivales, sans pr\u00e9tention mais tr\u00e8s plaisant.<\/p>\n<p><strong>Accords gourmands<\/strong><\/p>\n<ul>\n<li>Ap\u00e9ritif l\u00e9ger : tapas, charcuterie douce<\/li>\n<li>Salades estivales, plats m\u00e9diterran\u00e9ens aux l\u00e9gumes grill\u00e9s<\/li>\n<li>Poissons maigres, ceviche ou tartare<\/li>\n<li>Fromages frais ou p\u00e2tes l\u00e9g\u00e8res<\/li>\n<\/ul>\n","protected":false},"excerpt":{"rendered":"<p>Biodynamie\/Demeter Un ros\u00e9 vif et lumineux, vinifi\u00e9 en pressurage direct \u00e0 partir de c\u00e9pages majoritairement autochtones comme le Cinsault, Grenache Gris, et un peu de vari\u00e9t\u00e9s comme Counoise ou Aubun. Le nez s\u2019ouvre sur des ar\u00f4mes de fraise, groseille, fruits rouges frais avec une touche herbac\u00e9e l\u00e9g\u00e8re (menthe), la bouche est l\u00e9g\u00e8re, croquante, fluide, avec [&hellip;]<\/p>\n","protected":false},"featured_media":336,"comment_status":"open","ping_status":"closed","template":"","meta":{"inline_featured_image":false},"product_brand":[],"product_cat":[44],"product_tag":[],"class_list":{"0":"post-335","1":"product","2":"type-product","3":"status-publish","4":"has-post-thumbnail","6":"product_cat-rose","7":"pa_vigneron-mas-despanet","9":"first","10":"instock","11":"shipping-taxable","12":"purchasable","13":"product-type-simple"},"_links":{"self":[{"href":"https:\/\/www.bon-vivin.fr\/index.php\/wp-json\/wp\/v2\/product\/335","targetHints":{"allow":["GET"]}}],"collection":[{"href":"https:\/\/www.bon-vivin.fr\/index.php\/wp-json\/wp\/v2\/product"}],"about":[{"href":"https:\/\/www.bon-vivin.fr\/index.php\/wp-json\/wp\/v2\/types\/product"}],"replies":[{"embeddable":true,"href":"https:\/\/www.bon-vivin.fr\/index.php\/wp-json\/wp\/v2\/comments?post=335"}],"wp:featuredmedia":[{"embeddable":true,"href":"https:\/\/www.bon-vivin.fr\/index.php\/wp-json\/wp\/v2\/media\/336"}],"wp:attachment":[{"href":"https:\/\/www.bon-vivin.fr\/index.php\/wp-json\/wp\/v2\/media?parent=335"}],"wp:term":[{"taxonomy":"product_brand","embeddable":true,"href":"https:\/\/www.bon-vivin.fr\/index.php\/wp-json\/wp\/v2\/product_brand?post=335"},{"taxonomy":"product_cat","embeddable":true,"href":"https:\/\/www.bon-vivin.fr\/index.php\/wp-json\/wp\/v2\/product_cat?post=335"},{"taxonomy":"product_tag","embeddable":true,"href":"https:\/\/www.bon-vivin.fr\/index.php\/wp-json\/wp\/v2\/product_tag?post=335"}],"curies":[{"name":"wp","href":"https:\/\/api.w.org\/{rel}","templated":true}]}}