{"id":332,"date":"2025-09-11T09:37:45","date_gmt":"2025-09-11T09:37:45","guid":{"rendered":"https:\/\/www.bon-vivin.fr\/?post_type=product&#038;p=332"},"modified":"2025-11-17T17:34:19","modified_gmt":"2025-11-17T17:34:19","slug":"freesia-blanc","status":"publish","type":"product","link":"https:\/\/www.bon-vivin.fr\/index.php\/produit\/freesia-blanc\/","title":{"rendered":"Freesia blanc <img src=\"http:\/\/www.bon-vivin.fr\/wp-content\/uploads\/2025\/09\/AB_HD.jpg\" alt=\"Label AB\" class=\"logo-titre-inline\">"},"content":{"rendered":"<p><strong><img loading=\"lazy\" decoding=\"async\" class=\"wp-image-575 alignleft\" src=\"http:\/\/www.bon-vivin.fr\/wp-content\/uploads\/2025\/09\/AB_HD-248x300.jpg\" alt=\"\" width=\"34\" height=\"41\" srcset=\"https:\/\/www.bon-vivin.fr\/wp-content\/uploads\/2025\/09\/AB_HD-248x300.jpg 248w, https:\/\/www.bon-vivin.fr\/wp-content\/uploads\/2025\/09\/AB_HD-847x1024.jpg 847w, https:\/\/www.bon-vivin.fr\/wp-content\/uploads\/2025\/09\/AB_HD-768x929.jpg 768w, https:\/\/www.bon-vivin.fr\/wp-content\/uploads\/2025\/09\/AB_HD-1270x1536.jpg 1270w, https:\/\/www.bon-vivin.fr\/wp-content\/uploads\/2025\/09\/AB_HD-1693x2048.jpg 1693w, https:\/\/www.bon-vivin.fr\/wp-content\/uploads\/2025\/09\/AB_HD-416x503.jpg 416w, https:\/\/www.bon-vivin.fr\/wp-content\/uploads\/2025\/09\/AB_HD.jpg 1833w\" sizes=\"auto, (max-width: 34px) 100vw, 34px\" \/><\/strong><br \/>\n<strong style=\"color: #2e7d32;\">Biodynamie\/Demeter<\/strong><\/p>\n<p>Un blanc sec \u00e9l\u00e9gant qui marie la fra\u00eecheur aromatique du Sauvignon (blanc et gris) \u00e0 la rondeur parfum\u00e9e du Viognier. Teinte or clair, nez fin sur fleurs blanches (acacia, verger en fleur), agrumes, et bouche fruit\u00e9e, min\u00e9rale, avec une belle finesse et une finale l\u00e9g\u00e8re. Vin biodynamique expressif, sans lourdeur, qui s\u00e9duit par son \u00e9quilibre.<\/p>\n<p><strong>Accords gourmands<\/strong><\/p>\n<ul>\n<li>\u00c0 l\u2019ap\u00e9ritif pour d\u00e9buter un repas en douceur<\/li>\n<li>Poissons grill\u00e9s ou plancha de l\u00e9gumes<\/li>\n<li>Salades estivales, tapas frais, ou buffet printanier<\/li>\n<li>Fromage de ch\u00e8vre frais ou salade de ch\u00e8vre chaud<\/li>\n<\/ul>\n","protected":false},"excerpt":{"rendered":"<p>Biodynamie\/Demeter Un blanc sec \u00e9l\u00e9gant qui marie la fra\u00eecheur aromatique du Sauvignon (blanc et gris) \u00e0 la rondeur parfum\u00e9e du Viognier. Teinte or clair, nez fin sur fleurs blanches (acacia, verger en fleur), agrumes, et bouche fruit\u00e9e, min\u00e9rale, avec une belle finesse et une finale l\u00e9g\u00e8re. Vin biodynamique expressif, sans lourdeur, qui s\u00e9duit par son [&hellip;]<\/p>\n","protected":false},"featured_media":641,"comment_status":"open","ping_status":"closed","template":"","meta":{"inline_featured_image":false},"product_brand":[],"product_cat":[22],"product_tag":[],"class_list":{"0":"post-332","1":"product","2":"type-product","3":"status-publish","4":"has-post-thumbnail","6":"product_cat-blanc","7":"pa_vigneron-mas-despanet","9":"first","10":"instock","11":"shipping-taxable","12":"purchasable","13":"product-type-simple"},"_links":{"self":[{"href":"https:\/\/www.bon-vivin.fr\/index.php\/wp-json\/wp\/v2\/product\/332","targetHints":{"allow":["GET"]}}],"collection":[{"href":"https:\/\/www.bon-vivin.fr\/index.php\/wp-json\/wp\/v2\/product"}],"about":[{"href":"https:\/\/www.bon-vivin.fr\/index.php\/wp-json\/wp\/v2\/types\/product"}],"replies":[{"embeddable":true,"href":"https:\/\/www.bon-vivin.fr\/index.php\/wp-json\/wp\/v2\/comments?post=332"}],"wp:featuredmedia":[{"embeddable":true,"href":"https:\/\/www.bon-vivin.fr\/index.php\/wp-json\/wp\/v2\/media\/641"}],"wp:attachment":[{"href":"https:\/\/www.bon-vivin.fr\/index.php\/wp-json\/wp\/v2\/media?parent=332"}],"wp:term":[{"taxonomy":"product_brand","embeddable":true,"href":"https:\/\/www.bon-vivin.fr\/index.php\/wp-json\/wp\/v2\/product_brand?post=332"},{"taxonomy":"product_cat","embeddable":true,"href":"https:\/\/www.bon-vivin.fr\/index.php\/wp-json\/wp\/v2\/product_cat?post=332"},{"taxonomy":"product_tag","embeddable":true,"href":"https:\/\/www.bon-vivin.fr\/index.php\/wp-json\/wp\/v2\/product_tag?post=332"}],"curies":[{"name":"wp","href":"https:\/\/api.w.org\/{rel}","templated":true}]}}