{"id":328,"date":"2025-09-11T09:20:59","date_gmt":"2025-09-11T09:20:59","guid":{"rendered":"https:\/\/www.bon-vivin.fr\/?post_type=product&#038;p=328"},"modified":"2025-11-17T17:34:47","modified_gmt":"2025-11-17T17:34:47","slug":"freesia-rouge","status":"publish","type":"product","link":"https:\/\/www.bon-vivin.fr\/index.php\/produit\/freesia-rouge\/","title":{"rendered":"Freesia rouge <img src=\"http:\/\/www.bon-vivin.fr\/wp-content\/uploads\/2025\/09\/AB_HD.jpg\" alt=\"Label AB\" class=\"logo-titre-inline\">"},"content":{"rendered":"<p><strong><img loading=\"lazy\" decoding=\"async\" class=\"wp-image-575 alignleft\" src=\"http:\/\/www.bon-vivin.fr\/wp-content\/uploads\/2025\/09\/AB_HD-248x300.jpg\" alt=\"\" width=\"34\" height=\"41\" srcset=\"https:\/\/www.bon-vivin.fr\/wp-content\/uploads\/2025\/09\/AB_HD-248x300.jpg 248w, https:\/\/www.bon-vivin.fr\/wp-content\/uploads\/2025\/09\/AB_HD-847x1024.jpg 847w, https:\/\/www.bon-vivin.fr\/wp-content\/uploads\/2025\/09\/AB_HD-768x929.jpg 768w, https:\/\/www.bon-vivin.fr\/wp-content\/uploads\/2025\/09\/AB_HD-1270x1536.jpg 1270w, https:\/\/www.bon-vivin.fr\/wp-content\/uploads\/2025\/09\/AB_HD-1693x2048.jpg 1693w, https:\/\/www.bon-vivin.fr\/wp-content\/uploads\/2025\/09\/AB_HD-416x503.jpg 416w, https:\/\/www.bon-vivin.fr\/wp-content\/uploads\/2025\/09\/AB_HD.jpg 1833w\" sizes=\"auto, (max-width: 34px) 100vw, 34px\" \/><\/strong><br \/>\n<strong style=\"color: #2e7d32;\">Biodynamie\/Demeter<\/strong><\/p>\n<p>Un vin l\u00e9ger, festif et fruit\u00e9, \u00e9labor\u00e9 majoritairement \u00e0 partir de c\u00e9pages locaux (Cinsault, avec des compl\u00e9ments comme Ribeyrenc, Counoise, Aubun, Grand Noir de la Calmette) pour pr\u00e9server l\u2019ar\u00f4me pur du fruit. Le nez d\u00e9voile m\u00fbre fra\u00eeche, violette et menthe, la robe est rouge pourpre aux reflets violets. En bouche, on trouve des tanins souples, une texture fine et digeste, avec une fra\u00eecheur d\u00e9salt\u00e9rante id\u00e9ale pour l\u2019\u00e9t\u00e9.<\/p>\n<p><strong>Accords gourmands<\/strong><\/p>\n<ul>\n<li>Ap\u00e9ritifs l\u00e9gers ou charcuteries fines<\/li>\n<li>Grillades (volaille, porc), pizzas, salades estivales<\/li>\n<li>Cuisine m\u00e9diterran\u00e9enne : tomates, herbes, plats relev\u00e9s mod\u00e9r\u00e9ment<\/li>\n<li>Fromages frais ou \u00e0 p\u00e2te molle<\/li>\n<\/ul>\n","protected":false},"excerpt":{"rendered":"<p>Biodynamie\/Demeter Un vin l\u00e9ger, festif et fruit\u00e9, \u00e9labor\u00e9 majoritairement \u00e0 partir de c\u00e9pages locaux (Cinsault, avec des compl\u00e9ments comme Ribeyrenc, Counoise, Aubun, Grand Noir de la Calmette) pour pr\u00e9server l\u2019ar\u00f4me pur du fruit. Le nez d\u00e9voile m\u00fbre fra\u00eeche, violette et menthe, la robe est rouge pourpre aux reflets violets. En bouche, on trouve des tanins [&hellip;]<\/p>\n","protected":false},"featured_media":644,"comment_status":"open","ping_status":"closed","template":"","meta":{"inline_featured_image":false},"product_brand":[],"product_cat":[18],"product_tag":[],"class_list":{"0":"post-328","1":"product","2":"type-product","3":"status-publish","4":"has-post-thumbnail","6":"product_cat-rouge","7":"pa_vigneron-mas-despanet","9":"first","10":"instock","11":"shipping-taxable","12":"purchasable","13":"product-type-simple"},"_links":{"self":[{"href":"https:\/\/www.bon-vivin.fr\/index.php\/wp-json\/wp\/v2\/product\/328","targetHints":{"allow":["GET"]}}],"collection":[{"href":"https:\/\/www.bon-vivin.fr\/index.php\/wp-json\/wp\/v2\/product"}],"about":[{"href":"https:\/\/www.bon-vivin.fr\/index.php\/wp-json\/wp\/v2\/types\/product"}],"replies":[{"embeddable":true,"href":"https:\/\/www.bon-vivin.fr\/index.php\/wp-json\/wp\/v2\/comments?post=328"}],"wp:featuredmedia":[{"embeddable":true,"href":"https:\/\/www.bon-vivin.fr\/index.php\/wp-json\/wp\/v2\/media\/644"}],"wp:attachment":[{"href":"https:\/\/www.bon-vivin.fr\/index.php\/wp-json\/wp\/v2\/media?parent=328"}],"wp:term":[{"taxonomy":"product_brand","embeddable":true,"href":"https:\/\/www.bon-vivin.fr\/index.php\/wp-json\/wp\/v2\/product_brand?post=328"},{"taxonomy":"product_cat","embeddable":true,"href":"https:\/\/www.bon-vivin.fr\/index.php\/wp-json\/wp\/v2\/product_cat?post=328"},{"taxonomy":"product_tag","embeddable":true,"href":"https:\/\/www.bon-vivin.fr\/index.php\/wp-json\/wp\/v2\/product_tag?post=328"}],"curies":[{"name":"wp","href":"https:\/\/api.w.org\/{rel}","templated":true}]}}