{"id":326,"date":"2025-09-11T09:18:16","date_gmt":"2025-09-11T09:18:16","guid":{"rendered":"https:\/\/www.bon-vivin.fr\/?post_type=product&#038;p=326"},"modified":"2025-11-17T16:37:59","modified_gmt":"2025-11-17T16:37:59","slug":"loustal-blanc-igp-oc-sauvignon-chardonney-copie","status":"publish","type":"product","link":"https:\/\/www.bon-vivin.fr\/index.php\/produit\/loustal-blanc-igp-oc-sauvignon-chardonney-copie\/","title":{"rendered":"L&rsquo;Oustal Rouge IGP Oc <img src=\"http:\/\/www.bon-vivin.fr\/wp-content\/uploads\/2025\/09\/AB_HD.jpg\" alt=\"Label AB\" class=\"logo-titre-inline\">"},"content":{"rendered":"<p><strong><img loading=\"lazy\" decoding=\"async\" class=\"wp-image-575 alignleft\" src=\"http:\/\/www.bon-vivin.fr\/wp-content\/uploads\/2025\/09\/AB_HD-248x300.jpg\" alt=\"\" width=\"34\" height=\"41\" srcset=\"https:\/\/www.bon-vivin.fr\/wp-content\/uploads\/2025\/09\/AB_HD-248x300.jpg 248w, https:\/\/www.bon-vivin.fr\/wp-content\/uploads\/2025\/09\/AB_HD-847x1024.jpg 847w, https:\/\/www.bon-vivin.fr\/wp-content\/uploads\/2025\/09\/AB_HD-768x929.jpg 768w, https:\/\/www.bon-vivin.fr\/wp-content\/uploads\/2025\/09\/AB_HD-1270x1536.jpg 1270w, https:\/\/www.bon-vivin.fr\/wp-content\/uploads\/2025\/09\/AB_HD-1693x2048.jpg 1693w, https:\/\/www.bon-vivin.fr\/wp-content\/uploads\/2025\/09\/AB_HD-416x503.jpg 416w, https:\/\/www.bon-vivin.fr\/wp-content\/uploads\/2025\/09\/AB_HD.jpg 1833w\" sizes=\"auto, (max-width: 34px) 100vw, 34px\" \/><\/strong><\/p>\n<p>&nbsp;<\/p>\n<p>Un assemblage chaleureux de Merlot et Syrah qui m\u00eale la rondeur du Merlot \u00e0 la vivacit\u00e9 \u00e9pic\u00e9e de la Syrah. Des ar\u00f4mes g\u00e9n\u00e9reux de fruits rouges m\u00fbrs et d\u2019\u00e9pices, sur une bouche souple, bien \u00e9quilibr\u00e9e, qui conclut sur une belle fra\u00eecheur. Un vin de caract\u00e8re, sans superflu, reflet authentique de Limoux.<\/p>\n<p><strong>Accords gourmands<\/strong><\/p>\n<ul>\n<li>Charcuterie et plats simples<\/li>\n<li>Grillades ou viandes rouges r\u00f4ties<\/li>\n<li>Plats mijot\u00e9s ou \u00e9pic\u00e9s (ratatouille, tajine)<\/li>\n<li>Fromages peu affin\u00e9s (tommes, p\u00e2tes press\u00e9es)<\/li>\n<\/ul>\n","protected":false},"excerpt":{"rendered":"<p>&nbsp; Un assemblage chaleureux de Merlot et Syrah qui m\u00eale la rondeur du Merlot \u00e0 la vivacit\u00e9 \u00e9pic\u00e9e de la Syrah. Des ar\u00f4mes g\u00e9n\u00e9reux de fruits rouges m\u00fbrs et d\u2019\u00e9pices, sur une bouche souple, bien \u00e9quilibr\u00e9e, qui conclut sur une belle fra\u00eecheur. Un vin de caract\u00e8re, sans superflu, reflet authentique de Limoux. Accords gourmands Charcuterie [&hellip;]<\/p>\n","protected":false},"featured_media":638,"comment_status":"open","ping_status":"closed","template":"","meta":{"inline_featured_image":false},"product_brand":[],"product_cat":[18],"product_tag":[],"class_list":{"0":"post-326","1":"product","2":"type-product","3":"status-publish","4":"has-post-thumbnail","6":"product_cat-rouge","7":"pa_vigneron-anne-de-joyeuse","9":"first","10":"instock","11":"shipping-taxable","12":"purchasable","13":"product-type-simple"},"_links":{"self":[{"href":"https:\/\/www.bon-vivin.fr\/index.php\/wp-json\/wp\/v2\/product\/326","targetHints":{"allow":["GET"]}}],"collection":[{"href":"https:\/\/www.bon-vivin.fr\/index.php\/wp-json\/wp\/v2\/product"}],"about":[{"href":"https:\/\/www.bon-vivin.fr\/index.php\/wp-json\/wp\/v2\/types\/product"}],"replies":[{"embeddable":true,"href":"https:\/\/www.bon-vivin.fr\/index.php\/wp-json\/wp\/v2\/comments?post=326"}],"wp:featuredmedia":[{"embeddable":true,"href":"https:\/\/www.bon-vivin.fr\/index.php\/wp-json\/wp\/v2\/media\/638"}],"wp:attachment":[{"href":"https:\/\/www.bon-vivin.fr\/index.php\/wp-json\/wp\/v2\/media?parent=326"}],"wp:term":[{"taxonomy":"product_brand","embeddable":true,"href":"https:\/\/www.bon-vivin.fr\/index.php\/wp-json\/wp\/v2\/product_brand?post=326"},{"taxonomy":"product_cat","embeddable":true,"href":"https:\/\/www.bon-vivin.fr\/index.php\/wp-json\/wp\/v2\/product_cat?post=326"},{"taxonomy":"product_tag","embeddable":true,"href":"https:\/\/www.bon-vivin.fr\/index.php\/wp-json\/wp\/v2\/product_tag?post=326"}],"curies":[{"name":"wp","href":"https:\/\/api.w.org\/{rel}","templated":true}]}}