{"id":313,"date":"2025-09-10T17:18:19","date_gmt":"2025-09-10T17:18:19","guid":{"rendered":"https:\/\/www.bon-vivin.fr\/?post_type=product&#038;p=313"},"modified":"2025-11-17T16:38:18","modified_gmt":"2025-11-17T16:38:18","slug":"loustal-blanc-igp-oc-sauvignon-chardonney","status":"publish","type":"product","link":"https:\/\/www.bon-vivin.fr\/index.php\/produit\/loustal-blanc-igp-oc-sauvignon-chardonney\/","title":{"rendered":"L&rsquo;Oustal Blanc IGP Oc <img src=\"http:\/\/www.bon-vivin.fr\/wp-content\/uploads\/2025\/09\/AB_HD.jpg\" alt=\"Label AB\" class=\"logo-titre-inline\">"},"content":{"rendered":"<p><strong><img loading=\"lazy\" decoding=\"async\" class=\"wp-image-575 alignleft\" src=\"http:\/\/www.bon-vivin.fr\/wp-content\/uploads\/2025\/09\/AB_HD-248x300.jpg\" alt=\"\" width=\"34\" height=\"41\" srcset=\"https:\/\/www.bon-vivin.fr\/wp-content\/uploads\/2025\/09\/AB_HD-248x300.jpg 248w, https:\/\/www.bon-vivin.fr\/wp-content\/uploads\/2025\/09\/AB_HD-847x1024.jpg 847w, https:\/\/www.bon-vivin.fr\/wp-content\/uploads\/2025\/09\/AB_HD-768x929.jpg 768w, https:\/\/www.bon-vivin.fr\/wp-content\/uploads\/2025\/09\/AB_HD-1270x1536.jpg 1270w, https:\/\/www.bon-vivin.fr\/wp-content\/uploads\/2025\/09\/AB_HD-1693x2048.jpg 1693w, https:\/\/www.bon-vivin.fr\/wp-content\/uploads\/2025\/09\/AB_HD-416x503.jpg 416w, https:\/\/www.bon-vivin.fr\/wp-content\/uploads\/2025\/09\/AB_HD.jpg 1833w\" sizes=\"auto, (max-width: 34px) 100vw, 34px\" \/><\/strong><\/p>\n<p>&nbsp;<\/p>\n<p>Un blanc vif et \u00e9quilibr\u00e9, alliant la fra\u00eecheur aromatique du Sauvignon aux rondeurs d\u00e9licates du Chardonnay. Il offre des notes fruit\u00e9es d\u2019agrumes et de pomme verte, soutenues par une min\u00e9ralit\u00e9 tendre et une belle amplitude en bouche. Un assemblage \u00e9l\u00e9gant, issu d\u2019un terroir argilo-calcaire typique de Limoux.<\/p>\n<p><strong>Accords gourmands<\/strong><\/p>\n<ul>\n<li>\u00c0 l\u2019ap\u00e9ritif, simple et sans artifice<\/li>\n<li>Coquillages et crustac\u00e9s (hu\u00eetres, crevettes, palourdes)<\/li>\n<li>Cuisine marine l\u00e9g\u00e8re : poissons grill\u00e9s, ceviche, tartare de Saint-Jacques<\/li>\n<li>Plateaux de fromages frais (ch\u00e8vre frais, faisselle)<\/li>\n<\/ul>\n","protected":false},"excerpt":{"rendered":"<p>&nbsp; Un blanc vif et \u00e9quilibr\u00e9, alliant la fra\u00eecheur aromatique du Sauvignon aux rondeurs d\u00e9licates du Chardonnay. Il offre des notes fruit\u00e9es d\u2019agrumes et de pomme verte, soutenues par une min\u00e9ralit\u00e9 tendre et une belle amplitude en bouche. Un assemblage \u00e9l\u00e9gant, issu d\u2019un terroir argilo-calcaire typique de Limoux. Accords gourmands \u00c0 l\u2019ap\u00e9ritif, simple et sans [&hellip;]<\/p>\n","protected":false},"featured_media":639,"comment_status":"open","ping_status":"closed","template":"","meta":{"inline_featured_image":false},"product_brand":[],"product_cat":[22],"product_tag":[],"class_list":{"0":"post-313","1":"product","2":"type-product","3":"status-publish","4":"has-post-thumbnail","6":"product_cat-blanc","7":"pa_vigneron-anne-de-joyeuse","9":"first","10":"instock","11":"shipping-taxable","12":"purchasable","13":"product-type-simple"},"_links":{"self":[{"href":"https:\/\/www.bon-vivin.fr\/index.php\/wp-json\/wp\/v2\/product\/313","targetHints":{"allow":["GET"]}}],"collection":[{"href":"https:\/\/www.bon-vivin.fr\/index.php\/wp-json\/wp\/v2\/product"}],"about":[{"href":"https:\/\/www.bon-vivin.fr\/index.php\/wp-json\/wp\/v2\/types\/product"}],"replies":[{"embeddable":true,"href":"https:\/\/www.bon-vivin.fr\/index.php\/wp-json\/wp\/v2\/comments?post=313"}],"wp:featuredmedia":[{"embeddable":true,"href":"https:\/\/www.bon-vivin.fr\/index.php\/wp-json\/wp\/v2\/media\/639"}],"wp:attachment":[{"href":"https:\/\/www.bon-vivin.fr\/index.php\/wp-json\/wp\/v2\/media?parent=313"}],"wp:term":[{"taxonomy":"product_brand","embeddable":true,"href":"https:\/\/www.bon-vivin.fr\/index.php\/wp-json\/wp\/v2\/product_brand?post=313"},{"taxonomy":"product_cat","embeddable":true,"href":"https:\/\/www.bon-vivin.fr\/index.php\/wp-json\/wp\/v2\/product_cat?post=313"},{"taxonomy":"product_tag","embeddable":true,"href":"https:\/\/www.bon-vivin.fr\/index.php\/wp-json\/wp\/v2\/product_tag?post=313"}],"curies":[{"name":"wp","href":"https:\/\/api.w.org\/{rel}","templated":true}]}}