{"id":309,"date":"2025-09-10T16:58:46","date_gmt":"2025-09-10T16:58:46","guid":{"rendered":"https:\/\/www.bon-vivin.fr\/?post_type=product&#038;p=309"},"modified":"2025-11-03T17:32:37","modified_gmt":"2025-11-03T17:32:37","slug":"haute-cote-de-fruit-aop-cahors-100-malbec-calcaires-kimmeridgiens","status":"publish","type":"product","link":"https:\/\/www.bon-vivin.fr\/index.php\/produit\/haute-cote-de-fruit-aop-cahors-100-malbec-calcaires-kimmeridgiens\/","title":{"rendered":"Haute C\u00f4te de Fruit AOP Cahors <img src=\"http:\/\/www.bon-vivin.fr\/wp-content\/uploads\/2025\/09\/AB_HD.jpg\" alt=\"Label AB\" class=\"logo-titre-inline\">"},"content":{"rendered":"<p><strong><img loading=\"lazy\" decoding=\"async\" class=\"wp-image-575 alignleft\" src=\"http:\/\/www.bon-vivin.fr\/wp-content\/uploads\/2025\/09\/AB_HD-248x300.jpg\" alt=\"\" width=\"34\" height=\"41\" srcset=\"https:\/\/www.bon-vivin.fr\/wp-content\/uploads\/2025\/09\/AB_HD-248x300.jpg 248w, https:\/\/www.bon-vivin.fr\/wp-content\/uploads\/2025\/09\/AB_HD-847x1024.jpg 847w, https:\/\/www.bon-vivin.fr\/wp-content\/uploads\/2025\/09\/AB_HD-768x929.jpg 768w, https:\/\/www.bon-vivin.fr\/wp-content\/uploads\/2025\/09\/AB_HD-1270x1536.jpg 1270w, https:\/\/www.bon-vivin.fr\/wp-content\/uploads\/2025\/09\/AB_HD-1693x2048.jpg 1693w, https:\/\/www.bon-vivin.fr\/wp-content\/uploads\/2025\/09\/AB_HD-416x503.jpg 416w, https:\/\/www.bon-vivin.fr\/wp-content\/uploads\/2025\/09\/AB_HD.jpg 1833w\" sizes=\"auto, (max-width: 34px) 100vw, 34px\" \/><\/strong><br \/>\n<strong style=\"color: #2e7d32;\">Biodynamie\/Demeter et <strong>Biodyvin<\/strong><\/strong><\/p>\n<p>Un Malbec frais et fruit\u00e9, issu de vignes de 25 ans sur sols argilo-calcaires kimm\u00e9ridgiens d&rsquo;altitude (350 m), cultiv\u00e9es en biodynamie (Demeter). Nez intense de fruits noirs compot\u00e9s et \u00e9pices douces, bouche velout\u00e9e, dense et pure qui se termine sur une finale longue et gourmande. Une expression authentique et digeste de Cahors, sign\u00e9e Fabien Jouves.<\/p>\n<p><strong>Accords gourmands<\/strong><\/p>\n<ul>\n<li>Planche de charcuterie et fromages frais<\/li>\n<li>Grillades ou c\u00f4telettes d\u2019agneau<\/li>\n<li>Omelette \u00e0 la truffe ou terrine de canard<\/li>\n<\/ul>\n","protected":false},"excerpt":{"rendered":"<p>Biodynamie\/Demeter et Biodyvin Un Malbec frais et fruit\u00e9, issu de vignes de 25 ans sur sols argilo-calcaires kimm\u00e9ridgiens d&rsquo;altitude (350 m), cultiv\u00e9es en biodynamie (Demeter). Nez intense de fruits noirs compot\u00e9s et \u00e9pices douces, bouche velout\u00e9e, dense et pure qui se termine sur une finale longue et gourmande. Une expression authentique et digeste de Cahors, [&hellip;]<\/p>\n","protected":false},"featured_media":310,"comment_status":"open","ping_status":"closed","template":"","meta":{"inline_featured_image":false},"product_brand":[],"product_cat":[18],"product_tag":[],"class_list":{"0":"post-309","1":"product","2":"type-product","3":"status-publish","4":"has-post-thumbnail","6":"product_cat-rouge","7":"pa_vigneron-mas-delperie","9":"first","10":"instock","11":"shipping-taxable","12":"purchasable","13":"product-type-simple"},"_links":{"self":[{"href":"https:\/\/www.bon-vivin.fr\/index.php\/wp-json\/wp\/v2\/product\/309","targetHints":{"allow":["GET"]}}],"collection":[{"href":"https:\/\/www.bon-vivin.fr\/index.php\/wp-json\/wp\/v2\/product"}],"about":[{"href":"https:\/\/www.bon-vivin.fr\/index.php\/wp-json\/wp\/v2\/types\/product"}],"replies":[{"embeddable":true,"href":"https:\/\/www.bon-vivin.fr\/index.php\/wp-json\/wp\/v2\/comments?post=309"}],"wp:featuredmedia":[{"embeddable":true,"href":"https:\/\/www.bon-vivin.fr\/index.php\/wp-json\/wp\/v2\/media\/310"}],"wp:attachment":[{"href":"https:\/\/www.bon-vivin.fr\/index.php\/wp-json\/wp\/v2\/media?parent=309"}],"wp:term":[{"taxonomy":"product_brand","embeddable":true,"href":"https:\/\/www.bon-vivin.fr\/index.php\/wp-json\/wp\/v2\/product_brand?post=309"},{"taxonomy":"product_cat","embeddable":true,"href":"https:\/\/www.bon-vivin.fr\/index.php\/wp-json\/wp\/v2\/product_cat?post=309"},{"taxonomy":"product_tag","embeddable":true,"href":"https:\/\/www.bon-vivin.fr\/index.php\/wp-json\/wp\/v2\/product_tag?post=309"}],"curies":[{"name":"wp","href":"https:\/\/api.w.org\/{rel}","templated":true}]}}