{"id":307,"date":"2025-09-10T16:57:52","date_gmt":"2025-09-10T16:57:52","guid":{"rendered":"https:\/\/www.bon-vivin.fr\/?post_type=product&#038;p=307"},"modified":"2025-11-03T17:32:25","modified_gmt":"2025-11-03T17:32:25","slug":"tu-vin-plus-aux-soirees-vin-de-france-malbec-gamay-syrah","status":"publish","type":"product","link":"https:\/\/www.bon-vivin.fr\/index.php\/produit\/tu-vin-plus-aux-soirees-vin-de-france-malbec-gamay-syrah\/","title":{"rendered":"Tu vin plus aux soir\u00e9es Vin de France <img src=\"http:\/\/www.bon-vivin.fr\/wp-content\/uploads\/2025\/09\/AB_HD.jpg\" alt=\"Label AB\" class=\"logo-titre-inline\">"},"content":{"rendered":"<p><strong><img loading=\"lazy\" decoding=\"async\" class=\"wp-image-575 alignleft\" src=\"http:\/\/www.bon-vivin.fr\/wp-content\/uploads\/2025\/09\/AB_HD-248x300.jpg\" alt=\"\" width=\"34\" height=\"41\" srcset=\"https:\/\/www.bon-vivin.fr\/wp-content\/uploads\/2025\/09\/AB_HD-248x300.jpg 248w, https:\/\/www.bon-vivin.fr\/wp-content\/uploads\/2025\/09\/AB_HD-847x1024.jpg 847w, https:\/\/www.bon-vivin.fr\/wp-content\/uploads\/2025\/09\/AB_HD-768x929.jpg 768w, https:\/\/www.bon-vivin.fr\/wp-content\/uploads\/2025\/09\/AB_HD-1270x1536.jpg 1270w, https:\/\/www.bon-vivin.fr\/wp-content\/uploads\/2025\/09\/AB_HD-1693x2048.jpg 1693w, https:\/\/www.bon-vivin.fr\/wp-content\/uploads\/2025\/09\/AB_HD-416x503.jpg 416w, https:\/\/www.bon-vivin.fr\/wp-content\/uploads\/2025\/09\/AB_HD.jpg 1833w\" sizes=\"auto, (max-width: 34px) 100vw, 34px\" \/><\/strong><br \/>\n<strong style=\"color: #2e7d32;\">Biodynamie\/Demeter et <strong>Biodyvin<\/strong><\/strong><\/p>\n<p>Un vin de copains nature, frais et gourmand, mariant Malbec, Merlot et Gamay (ou Syrah selon le mill\u00e9sime). Sa robe rubis d\u00e9voile un nez vif de fruits rouges croquants, violette et \u00e9pices. En bouche, c\u2019est juteux, l\u00e9ger, structur\u00e9 par des tanins croquants, avec une finale acidul\u00e9e et sapide \u2014 parfait pour une d\u00e9gustation d\u00e9sinvolte entre amis.<\/p>\n<p><strong>Accords gourmands<\/strong><\/p>\n<ul>\n<li>Planche ap\u00e9ro ou charcuterie<\/li>\n<li>Grillades &amp; barbecues en duo<\/li>\n<li>R\u00f4ti de porc farci ou tapas vari\u00e9s<\/li>\n<li>Wraps frais ou cuisine l\u00e9g\u00e8re estivale<\/li>\n<\/ul>\n","protected":false},"excerpt":{"rendered":"<p>Biodynamie\/Demeter et Biodyvin Un vin de copains nature, frais et gourmand, mariant Malbec, Merlot et Gamay (ou Syrah selon le mill\u00e9sime). Sa robe rubis d\u00e9voile un nez vif de fruits rouges croquants, violette et \u00e9pices. En bouche, c\u2019est juteux, l\u00e9ger, structur\u00e9 par des tanins croquants, avec une finale acidul\u00e9e et sapide \u2014 parfait pour une [&hellip;]<\/p>\n","protected":false},"featured_media":308,"comment_status":"open","ping_status":"closed","template":"","meta":{"inline_featured_image":false},"product_brand":[],"product_cat":[18],"product_tag":[],"class_list":{"0":"post-307","1":"product","2":"type-product","3":"status-publish","4":"has-post-thumbnail","6":"product_cat-rouge","7":"pa_vigneron-mas-delperie","9":"first","10":"instock","11":"shipping-taxable","12":"purchasable","13":"product-type-simple"},"_links":{"self":[{"href":"https:\/\/www.bon-vivin.fr\/index.php\/wp-json\/wp\/v2\/product\/307","targetHints":{"allow":["GET"]}}],"collection":[{"href":"https:\/\/www.bon-vivin.fr\/index.php\/wp-json\/wp\/v2\/product"}],"about":[{"href":"https:\/\/www.bon-vivin.fr\/index.php\/wp-json\/wp\/v2\/types\/product"}],"replies":[{"embeddable":true,"href":"https:\/\/www.bon-vivin.fr\/index.php\/wp-json\/wp\/v2\/comments?post=307"}],"wp:featuredmedia":[{"embeddable":true,"href":"https:\/\/www.bon-vivin.fr\/index.php\/wp-json\/wp\/v2\/media\/308"}],"wp:attachment":[{"href":"https:\/\/www.bon-vivin.fr\/index.php\/wp-json\/wp\/v2\/media?parent=307"}],"wp:term":[{"taxonomy":"product_brand","embeddable":true,"href":"https:\/\/www.bon-vivin.fr\/index.php\/wp-json\/wp\/v2\/product_brand?post=307"},{"taxonomy":"product_cat","embeddable":true,"href":"https:\/\/www.bon-vivin.fr\/index.php\/wp-json\/wp\/v2\/product_cat?post=307"},{"taxonomy":"product_tag","embeddable":true,"href":"https:\/\/www.bon-vivin.fr\/index.php\/wp-json\/wp\/v2\/product_tag?post=307"}],"curies":[{"name":"wp","href":"https:\/\/api.w.org\/{rel}","templated":true}]}}