{"id":144,"date":"2025-07-31T14:20:58","date_gmt":"2025-07-31T14:20:58","guid":{"rendered":"https:\/\/www.bon-vivin.fr\/?post_type=product&#038;p=144"},"modified":"2025-11-03T17:31:44","modified_gmt":"2025-11-03T17:31:44","slug":"les-acacias-aop-cahors-100-malbec-calcaire-ferrugineux","status":"publish","type":"product","link":"https:\/\/www.bon-vivin.fr\/index.php\/produit\/les-acacias-aop-cahors-100-malbec-calcaire-ferrugineux\/","title":{"rendered":"Les Acacias AOP Cahors <img src=\"http:\/\/www.bon-vivin.fr\/wp-content\/uploads\/2025\/09\/AB_HD.jpg\" alt=\"Label AB\" class=\"logo-titre-inline\">"},"content":{"rendered":"<p><strong><img loading=\"lazy\" decoding=\"async\" class=\"wp-image-575 alignleft\" src=\"http:\/\/www.bon-vivin.fr\/wp-content\/uploads\/2025\/09\/AB_HD-248x300.jpg\" alt=\"\" width=\"34\" height=\"41\" srcset=\"https:\/\/www.bon-vivin.fr\/wp-content\/uploads\/2025\/09\/AB_HD-248x300.jpg 248w, https:\/\/www.bon-vivin.fr\/wp-content\/uploads\/2025\/09\/AB_HD-847x1024.jpg 847w, https:\/\/www.bon-vivin.fr\/wp-content\/uploads\/2025\/09\/AB_HD-768x929.jpg 768w, https:\/\/www.bon-vivin.fr\/wp-content\/uploads\/2025\/09\/AB_HD-1270x1536.jpg 1270w, https:\/\/www.bon-vivin.fr\/wp-content\/uploads\/2025\/09\/AB_HD-1693x2048.jpg 1693w, https:\/\/www.bon-vivin.fr\/wp-content\/uploads\/2025\/09\/AB_HD-416x503.jpg 416w, https:\/\/www.bon-vivin.fr\/wp-content\/uploads\/2025\/09\/AB_HD.jpg 1833w\" sizes=\"auto, (max-width: 34px) 100vw, 34px\" \/><\/strong><br \/>\n<strong style=\"color: #2e7d32;\">Biodynamie\/Demeter et <strong>Biodyvin<\/strong><\/strong><\/p>\n<p>Un Cahors rac\u00e9, aux notes intenses de m\u00fbre sauvage, r\u00e9glisse et une pointe de cuir.<br data-start=\"83\" data-end=\"86\" \/>La bouche r\u00e9v\u00e8le une structure dense, tendue par la min\u00e9ralit\u00e9 du calcaire ferrugineux, offrant longueur et fra\u00eecheur.<br data-start=\"204\" data-end=\"207\" \/>Un vin de caract\u00e8re, taill\u00e9 pour la garde, qui exprime toute la typicit\u00e9 du Malbec sur terroir noble.<\/p>\n<p data-start=\"708\" data-end=\"731\"><strong data-start=\"708\" data-end=\"729\">Accords gourmands<\/strong><\/p>\n<ul>\n<li data-start=\"708\" data-end=\"731\">Viandes rouges matur\u00e9es ou grill\u00e9es (c\u00f4te de b\u0153uf, gigot d\u2019agneau<\/li>\n<li data-start=\"708\" data-end=\"731\">Plats en sauce ou gibier (tajine, civet)<\/li>\n<li data-start=\"708\" data-end=\"731\">Fromages de caract\u00e8re<\/li>\n<\/ul>\n","protected":false},"excerpt":{"rendered":"<p>Biodynamie\/Demeter et Biodyvin Un Cahors rac\u00e9, aux notes intenses de m\u00fbre sauvage, r\u00e9glisse et une pointe de cuir.La bouche r\u00e9v\u00e8le une structure dense, tendue par la min\u00e9ralit\u00e9 du calcaire ferrugineux, offrant longueur et fra\u00eecheur.Un vin de caract\u00e8re, taill\u00e9 pour la garde, qui exprime toute la typicit\u00e9 du Malbec sur terroir noble. Accords gourmands Viandes rouges [&hellip;]<\/p>\n","protected":false},"featured_media":163,"comment_status":"open","ping_status":"closed","template":"","meta":{"inline_featured_image":false},"product_brand":[],"product_cat":[18],"product_tag":[],"class_list":{"0":"post-144","1":"product","2":"type-product","3":"status-publish","4":"has-post-thumbnail","6":"product_cat-rouge","7":"pa_vigneron-mas-delperie","9":"first","10":"instock","11":"shipping-taxable","12":"purchasable","13":"product-type-simple"},"_links":{"self":[{"href":"https:\/\/www.bon-vivin.fr\/index.php\/wp-json\/wp\/v2\/product\/144","targetHints":{"allow":["GET"]}}],"collection":[{"href":"https:\/\/www.bon-vivin.fr\/index.php\/wp-json\/wp\/v2\/product"}],"about":[{"href":"https:\/\/www.bon-vivin.fr\/index.php\/wp-json\/wp\/v2\/types\/product"}],"replies":[{"embeddable":true,"href":"https:\/\/www.bon-vivin.fr\/index.php\/wp-json\/wp\/v2\/comments?post=144"}],"wp:featuredmedia":[{"embeddable":true,"href":"https:\/\/www.bon-vivin.fr\/index.php\/wp-json\/wp\/v2\/media\/163"}],"wp:attachment":[{"href":"https:\/\/www.bon-vivin.fr\/index.php\/wp-json\/wp\/v2\/media?parent=144"}],"wp:term":[{"taxonomy":"product_brand","embeddable":true,"href":"https:\/\/www.bon-vivin.fr\/index.php\/wp-json\/wp\/v2\/product_brand?post=144"},{"taxonomy":"product_cat","embeddable":true,"href":"https:\/\/www.bon-vivin.fr\/index.php\/wp-json\/wp\/v2\/product_cat?post=144"},{"taxonomy":"product_tag","embeddable":true,"href":"https:\/\/www.bon-vivin.fr\/index.php\/wp-json\/wp\/v2\/product_tag?post=144"}],"curies":[{"name":"wp","href":"https:\/\/api.w.org\/{rel}","templated":true}]}}