{"id":52,"date":"2025-07-24T19:39:30","date_gmt":"2025-07-24T19:39:30","guid":{"rendered":"https:\/\/www.bon-vivin.fr\/?page_id=52"},"modified":"2025-10-09T14:52:43","modified_gmt":"2025-10-09T14:52:43","slug":"mas-delperie-fabien-jouves","status":"publish","type":"page","link":"https:\/\/www.bon-vivin.fr\/index.php\/mas-delperie-fabien-jouves\/","title":{"rendered":"Mas Delp\u00e9ri\u00e9 &#8211; Fabien JOUVES"},"content":{"rendered":"\n<div class=\"wp-block-group is-nowrap is-layout-flex wp-container-core-group-is-layout-6c531013 wp-block-group-is-layout-flex\">\n<p class=\"wp-container-content-432d1f4f\">Le Mas del P\u00e9ri\u00e9 est un domaine viticole situ\u00e9 sur les hauts coteaux de Cahors, \u00e0 Trespoux-Rassiels, dans le Sud-Ouest de la France. Cr\u00e9\u00e9 en 2006 par Fabien Jouves, issu d\u2019une famille paysanne du Causse, le vignoble couvre 30 hectares sur des sols argilo-calcaires typiques du Quercy.<br>Le c\u00e9page principal est le Malbec, embl\u00e9matique de l\u2019appellation Cahors. Fabien Jouves cultive ses vignes selon les principes de la biodynamie, certifi\u00e9e AB et Biodyvin, avec une approche respectueuse de la nature et de l\u2019environnement. En cave, il privil\u00e9gie des vinifications naturelles, sans intrants, et des \u00e9levages adapt\u00e9s \u00e0 chaque vin (cuves b\u00e9ton, f\u00fbts, foudres ou amphores), afin de pr\u00e9server l\u2019authenticit\u00e9 du terroir.<br>Le Mas del P\u00e9ri\u00e9 incarne ainsi une viticulture vivante, alliant tradition et innovation, pour produire des vins sinc\u00e8res et expressifs, v\u00e9ritables reflets du terroir de Cahors.<\/p>\n\n\n\n<figure class=\"wp-block-image size-full is-resized\"><img loading=\"lazy\" decoding=\"async\" width=\"678\" height=\"733\" src=\"https:\/\/www.bon-vivin.fr\/wp-content\/uploads\/2025\/07\/Mas-Delperie-1.png\" alt=\"\" class=\"wp-image-54\" style=\"width:270px\" srcset=\"https:\/\/www.bon-vivin.fr\/wp-content\/uploads\/2025\/07\/Mas-Delperie-1.png 678w, https:\/\/www.bon-vivin.fr\/wp-content\/uploads\/2025\/07\/Mas-Delperie-1-277x300.png 277w, https:\/\/www.bon-vivin.fr\/wp-content\/uploads\/2025\/07\/Mas-Delperie-1-416x450.png 416w\" sizes=\"auto, (max-width: 678px) 100vw, 678px\" \/><\/figure>\n<\/div>\n\n\n\n<div data-wp-context=\"{&quot;notices&quot;:[],&quot;hideNextPreviousButtons&quot;:false,&quot;isDisabledPrevious&quot;:true,&quot;isDisabledNext&quot;:false,&quot;ariaLabelPrevious&quot;:&quot;Produits pr\\u00e9c\\u00e9dents&quot;,&quot;ariaLabelNext&quot;:&quot;Produits suivants&quot;}\" data-wp-init=\"callbacks.onRender\" data-wp-interactive=\"woocommerce\/product-collection\" data-wp-router-region=\"wc-product-collection-1\" data-__private-preview-state=\"{&quot;isPreview&quot;:false,&quot;previewMessage&quot;:&quot;Les produits d\\u00e9pendront de la page consult\\u00e9e.&quot;}\" data-block-name=\"woocommerce\/product-collection\" data-dimensions=\"{&quot;widthType&quot;:&quot;fill&quot;}\" data-display-layout=\"{&quot;type&quot;:&quot;flex&quot;,&quot;columns&quot;:3,&quot;shrinkColumns&quot;:true}\" data-query-context-includes=\"[&quot;collection&quot;]\" data-query-id=\"1\" data-query=\"{&quot;perPage&quot;:9,&quot;pages&quot;:0,&quot;offset&quot;:0,&quot;postType&quot;:&quot;product&quot;,&quot;order&quot;:&quot;asc&quot;,&quot;orderBy&quot;:&quot;title&quot;,&quot;search&quot;:&quot;&quot;,&quot;exclude&quot;:[],&quot;inherit&quot;:false,&quot;taxQuery&quot;:[],&quot;isProductCollectionBlock&quot;:true,&quot;featured&quot;:false,&quot;woocommerceOnSale&quot;:false,&quot;woocommerceStockStatus&quot;:[&quot;instock&quot;,&quot;outofstock&quot;,&quot;onbackorder&quot;],&quot;woocommerceAttributes&quot;:[{&quot;termId&quot;:21,&quot;taxonomy&quot;:&quot;pa_vigneron&quot;}],&quot;woocommerceHandPickedProducts&quot;:[],&quot;filterable&quot;:false,&quot;relatedBy&quot;:{&quot;categories&quot;:true,&quot;tags&quot;:true}}\" data-tag-name=\"div\" class=\"wp-block-woocommerce-product-collection is-layout-flow wp-block-woocommerce-product-collection-is-layout-flow\">\t\t<div data-wp-interactive=\"woocommerce\/store-notices\" class=\"wc-block-components-notices alignwide\">\n\t\t\t<template data-wp-each--notice=\"state.notices\" data-wp-each-key=\"context.notice.id\">\n\t\t\t\t<div\n\t\t\t\t\tclass=\"wc-block-components-notice-banner\"\n\t\t\t\t\tdata-wp-init=\"callbacks.scrollIntoView\"\n\t\t\t\t\tdata-wp-class--is-error=\"state.isError\"\n\t\t\t\t\tdata-wp-class--is-success=\"state.isSuccess\"\n\t\t\t\t\tdata-wp-class--is-info=\"state.isInfo\"\n\t\t\t\t\tdata-wp-class--is-dismissible=\"context.notice.dismissible\"\n\t\t\t\t\tdata-wp-bind--role=\"state.role\"\n\t\t\t\t\tdata-wp-watch=\"callbacks.injectIcon\"\n\t\t\t\t>\n\t\t\t\t\t<div class=\"wc-block-components-notice-banner__content\">\n\t\t\t\t\t\t<span data-wp-init=\"callbacks.renderNoticeContent\" aria-live=\"assertive\" aria-atomic=\"true\"><\/span>\n\t\t\t\t\t<\/div>\n\t\t\t\t\t<button\n\t\t\t\t\t\tdata-wp-bind--hidden=\"!context.notice.dismissible\"\n\t\t\t\t\t\tclass=\"wc-block-components-button wp-element-button wc-block-components-notice-banner__dismiss contained\"\n\t\t\t\t\t\taria-label=\"D\u00e9sactiver cette notification\"\n\t\t\t\t\t\tdata-wp-on--click=\"actions.removeNotice\"\n\t\t\t\t\t>\n\t\t\t\t\t\t<svg xmlns=\"http:\/\/www.w3.org\/2000\/svg\" viewBox=\"0 0 24 24\">\n\t\t\t\t\t\t\t<path d=\"M13 11.8l6.1-6.3-1-1-6.1 6.2-6.1-6.2-1 1 6.1 6.3-6.5 6.7 1 1 6.5-6.6 6.5 6.6 1-1z\" \/>\n\t\t\t\t\t\t<\/svg>\n\t\t\t\t\t<\/button>\n\t\t\t\t<\/div>\n\t\t\t<\/template>\n\t\t<\/div>\n\t\t<ul data-block-name=\"woocommerce\/product-template\" class=\"wc-block-product-template__responsive columns-3 wc-block-product-template wp-block-woocommerce-product-template is-layout-flow wp-block-woocommerce-product-template-is-layout-flow\" data-wp-on--scroll=\"actions.watchScroll\" data-wp-init=\"callbacks.initResizeObserver\"><li class=\"wc-block-product post-309 product type-product status-publish has-post-thumbnail product_cat-rouge pa_vigneron-mas-delperie first instock shipping-taxable purchasable product-type-simple\"\n\t\t\t\t\t\n\t\t\t\tdata-wp-interactive=\"woocommerce\/product-collection\"\n\t\t\t\tdata-wp-context='{\"productId\":309}'\n\t\t\t\tdata-wp-key=\"product-item-309\"\n\t\t\t\n\t\t\t\t>\n\t\t\t\t\t\n<div data-block-name=\"woocommerce\/product-image\" data-image-sizing=\"thumbnail\" data-is-descendent-of-query-loop=\"true\" data-show-sale-badge=\"false\" class=\"wc-block-components-product-image wc-block-grid__product-image wc-block-components-product-image--aspect-ratio-auto wp-block-woocommerce-product-image\"><a href=\"https:\/\/www.bon-vivin.fr\/index.php\/produit\/haute-cote-de-fruit-aop-cahors-100-malbec-calcaires-kimmeridgiens\/\" style=\"\" data-wp-on--click=\"woocommerce\/product-collection::actions.viewProduct\"><img decoding=\"async\" width=\"324\" height=\"756\" src=\"https:\/\/www.bon-vivin.fr\/wp-content\/uploads\/2025\/09\/hautes-cotes-de-fruits-324x756.png\" class=\"attachment-woocommerce_thumbnail size-woocommerce_thumbnail\" alt=\"Haute C\u00f4te de Fruit AOP Cahors\" data-testid=\"product-image\" data-image-id=\"310\" style=\"object-fit:cover;\" loading=\"lazy\" \/><div class=\"wc-block-components-product-image__inner-container\">\n\n<\/div><\/a><\/div>\n\n<h2 style=\"line-height:1.4; margin-bottom:0.75rem;margin-top:0;\" class=\"has-text-align-center wp-block-post-title has-medium-font-size\"><a data-wp-on--click=\"woocommerce\/product-collection::actions.viewProduct\" href=\"https:\/\/www.bon-vivin.fr\/index.php\/produit\/haute-cote-de-fruit-aop-cahors-100-malbec-calcaires-kimmeridgiens\/\" target=\"_self\" >Haute C\u00f4te de Fruit AOP Cahors <img decoding=\"async\" src=\"http:\/\/www.bon-vivin.fr\/wp-content\/uploads\/2025\/09\/AB_HD.jpg\" alt=\"Label AB\" class=\"logo-titre-inline\"><\/a><\/h2>\n\n<div data-block-name=\"woocommerce\/product-price\" data-font-size=\"small\" data-is-descendent-of-query-loop=\"true\" data-text-align=\"center\" class=\"has-font-size has-small-font-size has-text-align-center wp-block-woocommerce-product-price has-small-font-size\" ><div class=\"wc-block-components-product-price wc-block-grid__product-price\" >\n\t\t\t\t\t<span class=\"woocommerce-Price-amount amount\"><bdi>12,00&nbsp;<span class=\"woocommerce-Price-currencySymbol\">&euro;<\/span><\/bdi><\/span>\n\t\t\t\t<\/div><\/div>\n\n<div data-block-name=\"woocommerce\/product-button\" data-font-size=\"small\" data-is-descendent-of-query-loop=\"true\" data-text-align=\"center\" class=\"add-to-cart\"><a class=\"button product_type_simple add_to_cart_button\" href=\"https:\/\/www.bon-vivin.fr\/index.php\/produit\/haute-cote-de-fruit-aop-cahors-100-malbec-calcaires-kimmeridgiens\/\">Ajouter au panier<\/a><\/div>\n\n\t\t\t\t<\/li><li class=\"wc-block-product post-144 product type-product status-publish has-post-thumbnail product_cat-rouge pa_vigneron-mas-delperie  instock shipping-taxable purchasable product-type-simple\"\n\t\t\t\t\t\n\t\t\t\tdata-wp-interactive=\"woocommerce\/product-collection\"\n\t\t\t\tdata-wp-context='{\"productId\":144}'\n\t\t\t\tdata-wp-key=\"product-item-144\"\n\t\t\t\n\t\t\t\t>\n\t\t\t\t\t\n<div data-block-name=\"woocommerce\/product-image\" data-image-sizing=\"thumbnail\" data-is-descendent-of-query-loop=\"true\" data-show-sale-badge=\"false\" class=\"wc-block-components-product-image wc-block-grid__product-image wc-block-components-product-image--aspect-ratio-auto wp-block-woocommerce-product-image\"><a href=\"https:\/\/www.bon-vivin.fr\/index.php\/produit\/les-acacias-aop-cahors-100-malbec-calcaire-ferrugineux\/\" style=\"\" data-wp-on--click=\"woocommerce\/product-collection::actions.viewProduct\"><img decoding=\"async\" width=\"324\" height=\"756\" src=\"https:\/\/www.bon-vivin.fr\/wp-content\/uploads\/2025\/07\/les-acacias-2-324x756.png\" class=\"attachment-woocommerce_thumbnail size-woocommerce_thumbnail\" alt=\"Les Acacias AOP Cahors\" data-testid=\"product-image\" data-image-id=\"163\" style=\"object-fit:cover;\" loading=\"lazy\" \/><div class=\"wc-block-components-product-image__inner-container\">\n\n<\/div><\/a><\/div>\n\n<h2 style=\"line-height:1.4; margin-bottom:0.75rem;margin-top:0;\" class=\"has-text-align-center wp-block-post-title has-medium-font-size\"><a data-wp-on--click=\"woocommerce\/product-collection::actions.viewProduct\" href=\"https:\/\/www.bon-vivin.fr\/index.php\/produit\/les-acacias-aop-cahors-100-malbec-calcaire-ferrugineux\/\" target=\"_self\" >Les Acacias AOP Cahors <img decoding=\"async\" src=\"http:\/\/www.bon-vivin.fr\/wp-content\/uploads\/2025\/09\/AB_HD.jpg\" alt=\"Label AB\" class=\"logo-titre-inline\"><\/a><\/h2>\n\n<div data-block-name=\"woocommerce\/product-price\" data-font-size=\"small\" data-is-descendent-of-query-loop=\"true\" data-text-align=\"center\" class=\"has-font-size has-small-font-size has-text-align-center wp-block-woocommerce-product-price has-small-font-size\" ><div class=\"wc-block-components-product-price wc-block-grid__product-price\" >\n\t\t\t\t\t<span class=\"woocommerce-Price-amount amount\"><bdi>29,00&nbsp;<span class=\"woocommerce-Price-currencySymbol\">&euro;<\/span><\/bdi><\/span>\n\t\t\t\t<\/div><\/div>\n\n<div data-block-name=\"woocommerce\/product-button\" data-font-size=\"small\" data-is-descendent-of-query-loop=\"true\" data-text-align=\"center\" class=\"add-to-cart\"><a class=\"button product_type_simple add_to_cart_button\" href=\"https:\/\/www.bon-vivin.fr\/index.php\/produit\/les-acacias-aop-cahors-100-malbec-calcaire-ferrugineux\/\">Ajouter au panier<\/a><\/div>\n\n\t\t\t\t<\/li><li class=\"wc-block-product post-165 product type-product status-publish has-post-thumbnail product_cat-blanc pa_vigneron-mas-delperie  instock shipping-taxable purchasable product-type-simple\"\n\t\t\t\t\t\n\t\t\t\tdata-wp-interactive=\"woocommerce\/product-collection\"\n\t\t\t\tdata-wp-context='{\"productId\":165}'\n\t\t\t\tdata-wp-key=\"product-item-165\"\n\t\t\t\n\t\t\t\t>\n\t\t\t\t\t\n<div data-block-name=\"woocommerce\/product-image\" data-image-sizing=\"thumbnail\" data-is-descendent-of-query-loop=\"true\" data-show-sale-badge=\"false\" class=\"wc-block-components-product-image wc-block-grid__product-image wc-block-components-product-image--aspect-ratio-auto wp-block-woocommerce-product-image\"><a href=\"https:\/\/www.bon-vivin.fr\/index.php\/produit\/amphore-100-malbec-calcaire-ferrugineux-siderolithique\/\" style=\"\" data-wp-on--click=\"woocommerce\/product-collection::actions.viewProduct\"><img decoding=\"async\" width=\"324\" height=\"756\" src=\"https:\/\/www.bon-vivin.fr\/wp-content\/uploads\/2025\/07\/skin-contact-324x756.png\" class=\"attachment-woocommerce_thumbnail size-woocommerce_thumbnail\" alt=\"Skin-Contact Vin de France\" data-testid=\"product-image\" data-image-id=\"305\" style=\"object-fit:cover;\" loading=\"lazy\" \/><div class=\"wc-block-components-product-image__inner-container\">\n\n<\/div><\/a><\/div>\n\n<h2 style=\"line-height:1.4; margin-bottom:0.75rem;margin-top:0;\" class=\"has-text-align-center wp-block-post-title has-medium-font-size\"><a data-wp-on--click=\"woocommerce\/product-collection::actions.viewProduct\" href=\"https:\/\/www.bon-vivin.fr\/index.php\/produit\/amphore-100-malbec-calcaire-ferrugineux-siderolithique\/\" target=\"_self\" >Skin-Contact Vin de France <img decoding=\"async\" src=\"http:\/\/www.bon-vivin.fr\/wp-content\/uploads\/2025\/09\/AB_HD.jpg\" alt=\"Label AB\" class=\"logo-titre-inline\"><\/a><\/h2>\n\n<div data-block-name=\"woocommerce\/product-price\" data-font-size=\"small\" data-is-descendent-of-query-loop=\"true\" data-text-align=\"center\" class=\"has-font-size has-small-font-size has-text-align-center wp-block-woocommerce-product-price has-small-font-size\" ><div class=\"wc-block-components-product-price wc-block-grid__product-price\" >\n\t\t\t\t\t<span class=\"woocommerce-Price-amount amount\"><bdi>16,00&nbsp;<span class=\"woocommerce-Price-currencySymbol\">&euro;<\/span><\/bdi><\/span>\n\t\t\t\t<\/div><\/div>\n\n<div data-block-name=\"woocommerce\/product-button\" data-font-size=\"small\" data-is-descendent-of-query-loop=\"true\" data-text-align=\"center\" class=\"add-to-cart\"><a class=\"button product_type_simple add_to_cart_button\" href=\"https:\/\/www.bon-vivin.fr\/index.php\/produit\/amphore-100-malbec-calcaire-ferrugineux-siderolithique\/\">Ajouter au panier<\/a><\/div>\n\n\t\t\t\t<\/li><li class=\"wc-block-product post-307 product type-product status-publish has-post-thumbnail product_cat-rouge pa_vigneron-mas-delperie last instock shipping-taxable purchasable product-type-simple\"\n\t\t\t\t\t\n\t\t\t\tdata-wp-interactive=\"woocommerce\/product-collection\"\n\t\t\t\tdata-wp-context='{\"productId\":307}'\n\t\t\t\tdata-wp-key=\"product-item-307\"\n\t\t\t\n\t\t\t\t>\n\t\t\t\t\t\n<div data-block-name=\"woocommerce\/product-image\" data-image-sizing=\"thumbnail\" data-is-descendent-of-query-loop=\"true\" data-show-sale-badge=\"false\" class=\"wc-block-components-product-image wc-block-grid__product-image wc-block-components-product-image--aspect-ratio-auto wp-block-woocommerce-product-image\"><a href=\"https:\/\/www.bon-vivin.fr\/index.php\/produit\/tu-vin-plus-aux-soirees-vin-de-france-malbec-gamay-syrah\/\" style=\"\" data-wp-on--click=\"woocommerce\/product-collection::actions.viewProduct\"><img decoding=\"async\" width=\"324\" height=\"756\" src=\"https:\/\/www.bon-vivin.fr\/wp-content\/uploads\/2025\/09\/tu-vin-plus-aux-soirees-324x756.png\" class=\"attachment-woocommerce_thumbnail size-woocommerce_thumbnail\" alt=\"Tu vin plus aux soir\u00e9es Vin de France\" data-testid=\"product-image\" data-image-id=\"308\" style=\"object-fit:cover;\" loading=\"lazy\" \/><div class=\"wc-block-components-product-image__inner-container\">\n\n<\/div><\/a><\/div>\n\n<h2 style=\"line-height:1.4; margin-bottom:0.75rem;margin-top:0;\" class=\"has-text-align-center wp-block-post-title has-medium-font-size\"><a data-wp-on--click=\"woocommerce\/product-collection::actions.viewProduct\" href=\"https:\/\/www.bon-vivin.fr\/index.php\/produit\/tu-vin-plus-aux-soirees-vin-de-france-malbec-gamay-syrah\/\" target=\"_self\" >Tu vin plus aux soir\u00e9es Vin de France <img decoding=\"async\" src=\"http:\/\/www.bon-vivin.fr\/wp-content\/uploads\/2025\/09\/AB_HD.jpg\" alt=\"Label AB\" class=\"logo-titre-inline\"><\/a><\/h2>\n\n<div data-block-name=\"woocommerce\/product-price\" data-font-size=\"small\" data-is-descendent-of-query-loop=\"true\" data-text-align=\"center\" class=\"has-font-size has-small-font-size has-text-align-center wp-block-woocommerce-product-price has-small-font-size\" ><div class=\"wc-block-components-product-price wc-block-grid__product-price\" >\n\t\t\t\t\t<span class=\"woocommerce-Price-amount amount\"><bdi>13,00&nbsp;<span class=\"woocommerce-Price-currencySymbol\">&euro;<\/span><\/bdi><\/span>\n\t\t\t\t<\/div><\/div>\n\n<div data-block-name=\"woocommerce\/product-button\" data-font-size=\"small\" data-is-descendent-of-query-loop=\"true\" data-text-align=\"center\" class=\"add-to-cart\"><a class=\"button product_type_simple add_to_cart_button\" href=\"https:\/\/www.bon-vivin.fr\/index.php\/produit\/tu-vin-plus-aux-soirees-vin-de-france-malbec-gamay-syrah\/\">Ajouter au panier<\/a><\/div>\n\n\t\t\t\t<\/li><\/ul>\n\n\n\n<\/div>\n\n\n\n<p><\/p>\n","protected":false},"excerpt":{"rendered":"<p>Le Mas del P\u00e9ri\u00e9 est un domaine viticole situ\u00e9 sur les hauts coteaux de Cahors, \u00e0 Trespoux-Rassiels, dans le Sud-Ouest de la France. Cr\u00e9\u00e9 en 2006 par Fabien Jouves, issu d\u2019une famille paysanne du Causse, le vignoble couvre 30 hectares sur des sols argilo-calcaires typiques du Quercy.Le c\u00e9page principal est le Malbec, embl\u00e9matique de l\u2019appellation [&hellip;]<\/p>\n","protected":false},"author":1,"featured_media":0,"parent":0,"menu_order":0,"comment_status":"closed","ping_status":"closed","template":"","meta":{"inline_featured_image":false,"footnotes":""},"class_list":["post-52","page","type-page","status-publish","hentry"],"_links":{"self":[{"href":"https:\/\/www.bon-vivin.fr\/index.php\/wp-json\/wp\/v2\/pages\/52","targetHints":{"allow":["GET"]}}],"collection":[{"href":"https:\/\/www.bon-vivin.fr\/index.php\/wp-json\/wp\/v2\/pages"}],"about":[{"href":"https:\/\/www.bon-vivin.fr\/index.php\/wp-json\/wp\/v2\/types\/page"}],"author":[{"embeddable":true,"href":"https:\/\/www.bon-vivin.fr\/index.php\/wp-json\/wp\/v2\/users\/1"}],"replies":[{"embeddable":true,"href":"https:\/\/www.bon-vivin.fr\/index.php\/wp-json\/wp\/v2\/comments?post=52"}],"version-history":[{"count":17,"href":"https:\/\/www.bon-vivin.fr\/index.php\/wp-json\/wp\/v2\/pages\/52\/revisions"}],"predecessor-version":[{"id":491,"href":"https:\/\/www.bon-vivin.fr\/index.php\/wp-json\/wp\/v2\/pages\/52\/revisions\/491"}],"wp:attachment":[{"href":"https:\/\/www.bon-vivin.fr\/index.php\/wp-json\/wp\/v2\/media?parent=52"}],"curies":[{"name":"wp","href":"https:\/\/api.w.org\/{rel}","templated":true}]}}