{"id":288,"date":"2025-08-22T15:03:13","date_gmt":"2025-08-22T15:03:13","guid":{"rendered":"https:\/\/www.bon-vivin.fr\/?page_id=288"},"modified":"2025-10-09T15:08:47","modified_gmt":"2025-10-09T15:08:47","slug":"les-vignerons-destezargues","status":"publish","type":"page","link":"https:\/\/www.bon-vivin.fr\/index.php\/les-vignerons-destezargues\/","title":{"rendered":"Les Vignerons d&rsquo;Est\u00e9zargues"},"content":{"rendered":"\n<div class=\"wp-block-group is-nowrap is-layout-flex wp-container-core-group-is-layout-6c531013 wp-block-group-is-layout-flex\">\n<p class=\"wp-container-content-432d1f4f\">Les Vignerons d&rsquo;Est\u00e9zargues sont une coop\u00e9rative viticole situ\u00e9e \u00e0 Est\u00e9zargues, pr\u00e8s d&rsquo;Avignon, dans la vall\u00e9e du Rh\u00f4ne m\u00e9ridionale. Fond\u00e9e en 1965, elle regroupe une dizaine de vignerons qui cultivent ensemble environ 400 hectares de vignes. D\u00e8s les ann\u00e9es 1980, sous l&rsquo;impulsion de Jean-Fran\u00e7ois Nicq, la coop\u00e9rative s&rsquo;est orient\u00e9e vers des pratiques de vinification naturelle, \u00e9vitant l&rsquo;utilisation de levures commerciales, d&rsquo;enzymes et en limitant au maximum l&rsquo;ajout de soufre. Aujourd&rsquo;hui, la majorit\u00e9 des vignobles sont certifi\u00e9s en agriculture biologique, refl\u00e9tant un engagement fort envers des pratiques respectueuses de l&rsquo;environnement. Les Vignerons d&rsquo;Est\u00e9zargues se distinguent \u00e9galement par leur approche unique consistant \u00e0 vinifier s\u00e9par\u00e9ment les parcelles de chaque vigneron, mettant ainsi en valeur la sp\u00e9cificit\u00e9 de chaque terroir. Cette approche collective et innovante leur permet de produire des vins authentiques, refl\u00e9tant la richesse et la diversit\u00e9 de leur terroir.<\/p>\n\n\n\n<figure class=\"wp-block-image size-full is-resized\"><img loading=\"lazy\" decoding=\"async\" width=\"862\" height=\"763\" src=\"https:\/\/www.bon-vivin.fr\/wp-content\/uploads\/2025\/08\/Sans-titre-8.png\" alt=\"\" class=\"wp-image-289\" style=\"width:400px\" srcset=\"https:\/\/www.bon-vivin.fr\/wp-content\/uploads\/2025\/08\/Sans-titre-8.png 862w, https:\/\/www.bon-vivin.fr\/wp-content\/uploads\/2025\/08\/Sans-titre-8-300x266.png 300w, https:\/\/www.bon-vivin.fr\/wp-content\/uploads\/2025\/08\/Sans-titre-8-768x680.png 768w, https:\/\/www.bon-vivin.fr\/wp-content\/uploads\/2025\/08\/Sans-titre-8-416x368.png 416w\" sizes=\"auto, (max-width: 862px) 100vw, 862px\" \/><\/figure>\n<\/div>\n\n\n\n<div data-wp-context=\"{&quot;notices&quot;:[],&quot;hideNextPreviousButtons&quot;:false,&quot;isDisabledPrevious&quot;:true,&quot;isDisabledNext&quot;:false,&quot;ariaLabelPrevious&quot;:&quot;Produits pr\\u00e9c\\u00e9dents&quot;,&quot;ariaLabelNext&quot;:&quot;Produits suivants&quot;}\" data-wp-init=\"callbacks.onRender\" data-wp-interactive=\"woocommerce\/product-collection\" data-wp-router-region=\"wc-product-collection-2\" data-__private-preview-state=\"{&quot;isPreview&quot;:false,&quot;previewMessage&quot;:&quot;Les produits d\\u00e9pendront de la page consult\\u00e9e.&quot;}\" data-block-name=\"woocommerce\/product-collection\" data-dimensions=\"{&quot;widthType&quot;:&quot;fill&quot;}\" data-display-layout=\"{&quot;type&quot;:&quot;flex&quot;,&quot;columns&quot;:3,&quot;shrinkColumns&quot;:true}\" data-query-context-includes=\"[&quot;collection&quot;]\" data-query-id=\"2\" data-query=\"{&quot;perPage&quot;:9,&quot;pages&quot;:0,&quot;offset&quot;:0,&quot;postType&quot;:&quot;product&quot;,&quot;order&quot;:&quot;asc&quot;,&quot;orderBy&quot;:&quot;title&quot;,&quot;search&quot;:&quot;&quot;,&quot;exclude&quot;:[],&quot;inherit&quot;:false,&quot;taxQuery&quot;:[],&quot;isProductCollectionBlock&quot;:true,&quot;featured&quot;:false,&quot;woocommerceOnSale&quot;:false,&quot;woocommerceStockStatus&quot;:[&quot;instock&quot;,&quot;outofstock&quot;,&quot;onbackorder&quot;],&quot;woocommerceAttributes&quot;:[{&quot;termId&quot;:54,&quot;taxonomy&quot;:&quot;pa_vigneron&quot;}],&quot;woocommerceHandPickedProducts&quot;:[],&quot;filterable&quot;:true,&quot;relatedBy&quot;:{&quot;categories&quot;:true,&quot;tags&quot;:true}}\" data-tag-name=\"div\" class=\"wp-block-woocommerce-product-collection is-layout-flow wp-block-woocommerce-product-collection-is-layout-flow\">\t\t<div data-wp-interactive=\"woocommerce\/store-notices\" class=\"wc-block-components-notices alignwide\">\n\t\t\t<template data-wp-each--notice=\"state.notices\" data-wp-each-key=\"context.notice.id\">\n\t\t\t\t<div\n\t\t\t\t\tclass=\"wc-block-components-notice-banner\"\n\t\t\t\t\tdata-wp-init=\"callbacks.scrollIntoView\"\n\t\t\t\t\tdata-wp-class--is-error=\"state.isError\"\n\t\t\t\t\tdata-wp-class--is-success=\"state.isSuccess\"\n\t\t\t\t\tdata-wp-class--is-info=\"state.isInfo\"\n\t\t\t\t\tdata-wp-class--is-dismissible=\"context.notice.dismissible\"\n\t\t\t\t\tdata-wp-bind--role=\"state.role\"\n\t\t\t\t\tdata-wp-watch=\"callbacks.injectIcon\"\n\t\t\t\t>\n\t\t\t\t\t<div class=\"wc-block-components-notice-banner__content\">\n\t\t\t\t\t\t<span data-wp-init=\"callbacks.renderNoticeContent\" aria-live=\"assertive\" aria-atomic=\"true\"><\/span>\n\t\t\t\t\t<\/div>\n\t\t\t\t\t<button\n\t\t\t\t\t\tdata-wp-bind--hidden=\"!context.notice.dismissible\"\n\t\t\t\t\t\tclass=\"wc-block-components-button wp-element-button wc-block-components-notice-banner__dismiss contained\"\n\t\t\t\t\t\taria-label=\"D\u00e9sactiver cette notification\"\n\t\t\t\t\t\tdata-wp-on--click=\"actions.removeNotice\"\n\t\t\t\t\t>\n\t\t\t\t\t\t<svg xmlns=\"http:\/\/www.w3.org\/2000\/svg\" viewBox=\"0 0 24 24\">\n\t\t\t\t\t\t\t<path d=\"M13 11.8l6.1-6.3-1-1-6.1 6.2-6.1-6.2-1 1 6.1 6.3-6.5 6.7 1 1 6.5-6.6 6.5 6.6 1-1z\" \/>\n\t\t\t\t\t\t<\/svg>\n\t\t\t\t\t<\/button>\n\t\t\t\t<\/div>\n\t\t\t<\/template>\n\t\t<\/div>\n\t\t<ul data-block-name=\"woocommerce\/product-template\" class=\"wc-block-product-template__responsive columns-3 wc-block-product-template wp-block-woocommerce-product-template is-layout-flow wp-block-woocommerce-product-template-is-layout-flow\" data-wp-on--scroll=\"actions.watchScroll\" data-wp-init=\"callbacks.initResizeObserver\"><li class=\"wc-block-product post-369 product type-product status-publish has-post-thumbnail product_cat-blanc pa_vigneron-les-vignerons-destezargues first instock shipping-taxable purchasable product-type-simple\"\n\t\t\t\t\t\n\t\t\t\tdata-wp-interactive=\"woocommerce\/product-collection\"\n\t\t\t\tdata-wp-context='{\"productId\":369}'\n\t\t\t\tdata-wp-key=\"product-item-369\"\n\t\t\t\n\t\t\t\t>\n\t\t\t\t\t\n<div data-block-name=\"woocommerce\/product-image\" data-image-sizing=\"thumbnail\" data-is-descendent-of-query-loop=\"true\" data-show-sale-badge=\"false\" class=\"wc-block-components-product-image wc-block-grid__product-image wc-block-components-product-image--aspect-ratio-auto wp-block-woocommerce-product-image\"><a href=\"https:\/\/www.bon-vivin.fr\/index.php\/produit\/les-grin-galets-blanc\/\" style=\"\" data-wp-on--click=\"woocommerce\/product-collection::actions.viewProduct\"><img decoding=\"async\" width=\"324\" height=\"756\" src=\"https:\/\/www.bon-vivin.fr\/wp-content\/uploads\/2025\/09\/Capture-decran-2025-09-03-133526-324x756.png\" class=\"attachment-woocommerce_thumbnail size-woocommerce_thumbnail\" alt=\"Les Grin galets Blanc\" data-testid=\"product-image\" data-image-id=\"370\" style=\"object-fit:cover;\" loading=\"lazy\" \/><div class=\"wc-block-components-product-image__inner-container\">\n\n<\/div><\/a><\/div>\n\n<h2 style=\"line-height:1.4; margin-bottom:0.75rem;margin-top:0;\" class=\"has-text-align-center wp-block-post-title has-medium-font-size\"><a data-wp-on--click=\"woocommerce\/product-collection::actions.viewProduct\" href=\"https:\/\/www.bon-vivin.fr\/index.php\/produit\/les-grin-galets-blanc\/\" target=\"_self\" >Les Grin galets Blanc <img decoding=\"async\" src=\"http:\/\/www.bon-vivin.fr\/wp-content\/uploads\/2025\/09\/AB_HD.jpg\" alt=\"Label AB\" class=\"logo-titre-inline\"><\/a><\/h2>\n\n<div data-block-name=\"woocommerce\/product-price\" data-font-size=\"small\" data-is-descendent-of-query-loop=\"true\" data-text-align=\"center\" class=\"has-font-size has-small-font-size has-text-align-center wp-block-woocommerce-product-price has-small-font-size\" ><div class=\"wc-block-components-product-price wc-block-grid__product-price\" >\n\t\t\t\t\t<span class=\"woocommerce-Price-amount amount\"><bdi>9,30&nbsp;<span class=\"woocommerce-Price-currencySymbol\">&euro;<\/span><\/bdi><\/span>\n\t\t\t\t<\/div><\/div>\n\n<div data-block-name=\"woocommerce\/product-button\" data-font-size=\"small\" data-is-descendent-of-query-loop=\"true\" data-text-align=\"center\" class=\"add-to-cart\"><a class=\"button product_type_simple add_to_cart_button\" href=\"https:\/\/www.bon-vivin.fr\/index.php\/produit\/les-grin-galets-blanc\/\">Ajouter au panier<\/a><\/div>\n\n\t\t\t\t<\/li><li class=\"wc-block-product post-367 product type-product status-publish has-post-thumbnail product_cat-rouge pa_vigneron-les-vignerons-destezargues  instock shipping-taxable purchasable product-type-simple\"\n\t\t\t\t\t\n\t\t\t\tdata-wp-interactive=\"woocommerce\/product-collection\"\n\t\t\t\tdata-wp-context='{\"productId\":367}'\n\t\t\t\tdata-wp-key=\"product-item-367\"\n\t\t\t\n\t\t\t\t>\n\t\t\t\t\t\n<div data-block-name=\"woocommerce\/product-image\" data-image-sizing=\"thumbnail\" data-is-descendent-of-query-loop=\"true\" data-show-sale-badge=\"false\" class=\"wc-block-components-product-image wc-block-grid__product-image wc-block-components-product-image--aspect-ratio-auto wp-block-woocommerce-product-image\"><a href=\"https:\/\/www.bon-vivin.fr\/index.php\/produit\/les-grin-galets-rouge\/\" style=\"\" data-wp-on--click=\"woocommerce\/product-collection::actions.viewProduct\"><img decoding=\"async\" width=\"324\" height=\"756\" src=\"https:\/\/www.bon-vivin.fr\/wp-content\/uploads\/2025\/09\/Capture-decran-2025-09-03-133453-324x756.png\" class=\"attachment-woocommerce_thumbnail size-woocommerce_thumbnail\" alt=\"Les Grin galets Rouge\" data-testid=\"product-image\" data-image-id=\"368\" style=\"object-fit:cover;\" loading=\"lazy\" \/><div class=\"wc-block-components-product-image__inner-container\">\n\n<\/div><\/a><\/div>\n\n<h2 style=\"line-height:1.4; margin-bottom:0.75rem;margin-top:0;\" class=\"has-text-align-center wp-block-post-title has-medium-font-size\"><a data-wp-on--click=\"woocommerce\/product-collection::actions.viewProduct\" href=\"https:\/\/www.bon-vivin.fr\/index.php\/produit\/les-grin-galets-rouge\/\" target=\"_self\" >Les Grin galets Rouge <img decoding=\"async\" src=\"http:\/\/www.bon-vivin.fr\/wp-content\/uploads\/2025\/09\/AB_HD.jpg\" alt=\"Label AB\" class=\"logo-titre-inline\"><\/a><\/h2>\n\n<div data-block-name=\"woocommerce\/product-price\" data-font-size=\"small\" data-is-descendent-of-query-loop=\"true\" data-text-align=\"center\" class=\"has-font-size has-small-font-size has-text-align-center wp-block-woocommerce-product-price has-small-font-size\" ><div class=\"wc-block-components-product-price wc-block-grid__product-price\" >\n\t\t\t\t\t<span class=\"woocommerce-Price-amount amount\"><bdi>9,30&nbsp;<span class=\"woocommerce-Price-currencySymbol\">&euro;<\/span><\/bdi><\/span>\n\t\t\t\t<\/div><\/div>\n\n<div data-block-name=\"woocommerce\/product-button\" data-font-size=\"small\" data-is-descendent-of-query-loop=\"true\" data-text-align=\"center\" class=\"add-to-cart\"><a class=\"button product_type_simple add_to_cart_button\" href=\"https:\/\/www.bon-vivin.fr\/index.php\/produit\/les-grin-galets-rouge\/\">Ajouter au panier<\/a><\/div>\n\n\t\t\t\t<\/li><\/ul>\n\n\n\n<\/div>\n","protected":false},"excerpt":{"rendered":"<p>Les Vignerons d&rsquo;Est\u00e9zargues sont une coop\u00e9rative viticole situ\u00e9e \u00e0 Est\u00e9zargues, pr\u00e8s d&rsquo;Avignon, dans la vall\u00e9e du Rh\u00f4ne m\u00e9ridionale. Fond\u00e9e en 1965, elle regroupe une dizaine de vignerons qui cultivent ensemble environ 400 hectares de vignes. D\u00e8s les ann\u00e9es 1980, sous l&rsquo;impulsion de Jean-Fran\u00e7ois Nicq, la coop\u00e9rative s&rsquo;est orient\u00e9e vers des pratiques de vinification naturelle, \u00e9vitant [&hellip;]<\/p>\n","protected":false},"author":1,"featured_media":0,"parent":0,"menu_order":0,"comment_status":"closed","ping_status":"closed","template":"","meta":{"inline_featured_image":false,"footnotes":""},"class_list":["post-288","page","type-page","status-publish","hentry"],"_links":{"self":[{"href":"https:\/\/www.bon-vivin.fr\/index.php\/wp-json\/wp\/v2\/pages\/288","targetHints":{"allow":["GET"]}}],"collection":[{"href":"https:\/\/www.bon-vivin.fr\/index.php\/wp-json\/wp\/v2\/pages"}],"about":[{"href":"https:\/\/www.bon-vivin.fr\/index.php\/wp-json\/wp\/v2\/types\/page"}],"author":[{"embeddable":true,"href":"https:\/\/www.bon-vivin.fr\/index.php\/wp-json\/wp\/v2\/users\/1"}],"replies":[{"embeddable":true,"href":"https:\/\/www.bon-vivin.fr\/index.php\/wp-json\/wp\/v2\/comments?post=288"}],"version-history":[{"count":4,"href":"https:\/\/www.bon-vivin.fr\/index.php\/wp-json\/wp\/v2\/pages\/288\/revisions"}],"predecessor-version":[{"id":513,"href":"https:\/\/www.bon-vivin.fr\/index.php\/wp-json\/wp\/v2\/pages\/288\/revisions\/513"}],"wp:attachment":[{"href":"https:\/\/www.bon-vivin.fr\/index.php\/wp-json\/wp\/v2\/media?parent=288"}],"curies":[{"name":"wp","href":"https:\/\/api.w.org\/{rel}","templated":true}]}}