{"id":250,"date":"2025-08-22T11:47:05","date_gmt":"2025-08-22T11:47:05","guid":{"rendered":"https:\/\/www.bon-vivin.fr\/?page_id=250"},"modified":"2025-10-09T15:07:34","modified_gmt":"2025-10-09T15:07:34","slug":"domaine-du-facteur-fabien-brutout","status":"publish","type":"page","link":"https:\/\/www.bon-vivin.fr\/index.php\/domaine-du-facteur-fabien-brutout\/","title":{"rendered":"Domaine du Facteur &#8211; Fabien BRUTOUT"},"content":{"rendered":"\n<div class=\"wp-block-group is-nowrap is-layout-flex wp-container-core-group-is-layout-6c531013 wp-block-group-is-layout-flex\">\n<p class=\"wp-container-content-432d1f4f\">Le Domaine du Facteur, dirig\u00e9 par Fabien Brutout, est un vignoble situ\u00e9 \u00e0 Noizay, dans l&rsquo;appellation Vouvray, au coeur de la vall\u00e9e de la Loire. Apr\u00e8s des \u00e9tudes en viticulture et oenologie, Fabien a travaill\u00e9 aux c\u00f4t\u00e9s de S\u00e9bastien Brunet \u00e0 Vouvray, puis a rejoint Mathieu Cosme en 2008. En 2013, il a lanc\u00e9 sa propre gamme de vins, \u00ab\u00a0Le Facteur\u00a0\u00bb, en collaboration avec Mathieu Cosme, visant \u00e0 produire des vins accessibles et conviviaux.<br>Le domaine s&rsquo;\u00e9tend sur 7 hectares, r\u00e9partis sur plusieurs terroirs calcaires. Les vignes, principalement de Chenin Blanc, sont cultiv\u00e9es selon des pratiques biologiques et biodynamiques, avec une certification en cours. Les vinifications sont r\u00e9alis\u00e9es avec des levures indig\u00e8nes, sans ajout de soufre, afin de pr\u00e9server l&rsquo;expression authentique du terroir.<\/p>\n\n\n\n<figure class=\"wp-block-image size-full is-resized\"><img loading=\"lazy\" decoding=\"async\" width=\"865\" height=\"823\" src=\"https:\/\/www.bon-vivin.fr\/wp-content\/uploads\/2025\/08\/Sans-titre-2.png\" alt=\"\" class=\"wp-image-251\" style=\"width:270px\" srcset=\"https:\/\/www.bon-vivin.fr\/wp-content\/uploads\/2025\/08\/Sans-titre-2.png 865w, https:\/\/www.bon-vivin.fr\/wp-content\/uploads\/2025\/08\/Sans-titre-2-300x285.png 300w, https:\/\/www.bon-vivin.fr\/wp-content\/uploads\/2025\/08\/Sans-titre-2-768x731.png 768w, https:\/\/www.bon-vivin.fr\/wp-content\/uploads\/2025\/08\/Sans-titre-2-416x396.png 416w\" sizes=\"auto, (max-width: 865px) 100vw, 865px\" \/><\/figure>\n<\/div>\n\n\n\n<div data-wp-context=\"{&quot;notices&quot;:[],&quot;hideNextPreviousButtons&quot;:false,&quot;isDisabledPrevious&quot;:true,&quot;isDisabledNext&quot;:false,&quot;ariaLabelPrevious&quot;:&quot;Produits pr\\u00e9c\\u00e9dents&quot;,&quot;ariaLabelNext&quot;:&quot;Produits suivants&quot;}\" data-wp-init=\"callbacks.onRender\" data-wp-interactive=\"woocommerce\/product-collection\" data-wp-router-region=\"wc-product-collection-2\" data-__private-preview-state=\"{&quot;isPreview&quot;:false,&quot;previewMessage&quot;:&quot;Les produits d\\u00e9pendront de la page consult\\u00e9e.&quot;}\" data-block-name=\"woocommerce\/product-collection\" data-dimensions=\"{&quot;widthType&quot;:&quot;fill&quot;}\" data-display-layout=\"{&quot;type&quot;:&quot;flex&quot;,&quot;columns&quot;:3,&quot;shrinkColumns&quot;:true}\" data-query-context-includes=\"[&quot;collection&quot;]\" data-query-id=\"2\" data-query=\"{&quot;perPage&quot;:9,&quot;pages&quot;:0,&quot;offset&quot;:0,&quot;postType&quot;:&quot;product&quot;,&quot;order&quot;:&quot;asc&quot;,&quot;orderBy&quot;:&quot;title&quot;,&quot;search&quot;:&quot;&quot;,&quot;exclude&quot;:[],&quot;inherit&quot;:false,&quot;taxQuery&quot;:[],&quot;isProductCollectionBlock&quot;:true,&quot;featured&quot;:false,&quot;woocommerceOnSale&quot;:false,&quot;woocommerceStockStatus&quot;:[&quot;instock&quot;,&quot;outofstock&quot;,&quot;onbackorder&quot;],&quot;woocommerceAttributes&quot;:[{&quot;termId&quot;:52,&quot;taxonomy&quot;:&quot;pa_vigneron&quot;}],&quot;woocommerceHandPickedProducts&quot;:[],&quot;filterable&quot;:true,&quot;relatedBy&quot;:{&quot;categories&quot;:true,&quot;tags&quot;:true}}\" data-tag-name=\"div\" class=\"wp-block-woocommerce-product-collection is-layout-flow wp-block-woocommerce-product-collection-is-layout-flow\">\t\t<div data-wp-interactive=\"woocommerce\/store-notices\" class=\"wc-block-components-notices alignwide\">\n\t\t\t<template data-wp-each--notice=\"state.notices\" data-wp-each-key=\"context.notice.id\">\n\t\t\t\t<div\n\t\t\t\t\tclass=\"wc-block-components-notice-banner\"\n\t\t\t\t\tdata-wp-init=\"callbacks.scrollIntoView\"\n\t\t\t\t\tdata-wp-class--is-error=\"state.isError\"\n\t\t\t\t\tdata-wp-class--is-success=\"state.isSuccess\"\n\t\t\t\t\tdata-wp-class--is-info=\"state.isInfo\"\n\t\t\t\t\tdata-wp-class--is-dismissible=\"context.notice.dismissible\"\n\t\t\t\t\tdata-wp-bind--role=\"state.role\"\n\t\t\t\t\tdata-wp-watch=\"callbacks.injectIcon\"\n\t\t\t\t>\n\t\t\t\t\t<div class=\"wc-block-components-notice-banner__content\">\n\t\t\t\t\t\t<span data-wp-init=\"callbacks.renderNoticeContent\" aria-live=\"assertive\" aria-atomic=\"true\"><\/span>\n\t\t\t\t\t<\/div>\n\t\t\t\t\t<button\n\t\t\t\t\t\tdata-wp-bind--hidden=\"!context.notice.dismissible\"\n\t\t\t\t\t\tclass=\"wc-block-components-button wp-element-button wc-block-components-notice-banner__dismiss contained\"\n\t\t\t\t\t\taria-label=\"D\u00e9sactiver cette notification\"\n\t\t\t\t\t\tdata-wp-on--click=\"actions.removeNotice\"\n\t\t\t\t\t>\n\t\t\t\t\t\t<svg xmlns=\"http:\/\/www.w3.org\/2000\/svg\" viewBox=\"0 0 24 24\">\n\t\t\t\t\t\t\t<path d=\"M13 11.8l6.1-6.3-1-1-6.1 6.2-6.1-6.2-1 1 6.1 6.3-6.5 6.7 1 1 6.5-6.6 6.5 6.6 1-1z\" \/>\n\t\t\t\t\t\t<\/svg>\n\t\t\t\t\t<\/button>\n\t\t\t\t<\/div>\n\t\t\t<\/template>\n\t\t<\/div>\n\t\t<ul data-block-name=\"woocommerce\/product-template\" class=\"wc-block-product-template__responsive columns-3 wc-block-product-template wp-block-woocommerce-product-template is-layout-flow wp-block-woocommerce-product-template-is-layout-flow\" data-wp-on--scroll=\"actions.watchScroll\" data-wp-init=\"callbacks.initResizeObserver\"><li class=\"wc-block-product post-360 product type-product status-publish has-post-thumbnail product_cat-petillant pa_vigneron-domaine-du-facteur first instock shipping-taxable purchasable product-type-simple\"\n\t\t\t\t\t\n\t\t\t\tdata-wp-interactive=\"woocommerce\/product-collection\"\n\t\t\t\tdata-wp-context='{\"productId\":360}'\n\t\t\t\tdata-wp-key=\"product-item-360\"\n\t\t\t\n\t\t\t\t>\n\t\t\t\t\t\n<div data-block-name=\"woocommerce\/product-image\" data-image-sizing=\"thumbnail\" data-is-descendent-of-query-loop=\"true\" data-show-sale-badge=\"false\" class=\"wc-block-components-product-image wc-block-grid__product-image wc-block-components-product-image--aspect-ratio-auto wp-block-woocommerce-product-image\"><a href=\"https:\/\/www.bon-vivin.fr\/index.php\/produit\/brut-nature\/\" style=\"\" data-wp-on--click=\"woocommerce\/product-collection::actions.viewProduct\"><img decoding=\"async\" width=\"324\" height=\"756\" src=\"https:\/\/www.bon-vivin.fr\/wp-content\/uploads\/2025\/09\/Capture-decran-2025-09-03-133300-1-324x756.png\" class=\"attachment-woocommerce_thumbnail size-woocommerce_thumbnail\" alt=\"Brut Nature\" data-testid=\"product-image\" data-image-id=\"362\" style=\"object-fit:cover;\" loading=\"lazy\" \/><div class=\"wc-block-components-product-image__inner-container\">\n\n<\/div><\/a><\/div>\n\n<h2 style=\"line-height:1.4; margin-bottom:0.75rem;margin-top:0;\" class=\"has-text-align-center wp-block-post-title has-medium-font-size\"><a data-wp-on--click=\"woocommerce\/product-collection::actions.viewProduct\" href=\"https:\/\/www.bon-vivin.fr\/index.php\/produit\/brut-nature\/\" target=\"_self\" >Brut Nature <img decoding=\"async\" src=\"http:\/\/www.bon-vivin.fr\/wp-content\/uploads\/2025\/09\/AB_HD.jpg\" alt=\"Label AB\" class=\"logo-titre-inline\"><\/a><\/h2>\n\n<div data-block-name=\"woocommerce\/product-price\" data-font-size=\"small\" data-is-descendent-of-query-loop=\"true\" data-text-align=\"center\" class=\"has-font-size has-small-font-size has-text-align-center wp-block-woocommerce-product-price has-small-font-size\" ><div class=\"wc-block-components-product-price wc-block-grid__product-price\" >\n\t\t\t\t\t<span class=\"woocommerce-Price-amount amount\"><bdi>14,10&nbsp;<span class=\"woocommerce-Price-currencySymbol\">&euro;<\/span><\/bdi><\/span>\n\t\t\t\t<\/div><\/div>\n\n<div data-block-name=\"woocommerce\/product-button\" data-font-size=\"small\" data-is-descendent-of-query-loop=\"true\" data-text-align=\"center\" class=\"add-to-cart\"><a class=\"button product_type_simple add_to_cart_button\" href=\"https:\/\/www.bon-vivin.fr\/index.php\/produit\/brut-nature\/\">Ajouter au panier<\/a><\/div>\n\n\t\t\t\t<\/li><\/ul>\n\n\n\n<\/div>\n","protected":false},"excerpt":{"rendered":"<p>Le Domaine du Facteur, dirig\u00e9 par Fabien Brutout, est un vignoble situ\u00e9 \u00e0 Noizay, dans l&rsquo;appellation Vouvray, au coeur de la vall\u00e9e de la Loire. Apr\u00e8s des \u00e9tudes en viticulture et oenologie, Fabien a travaill\u00e9 aux c\u00f4t\u00e9s de S\u00e9bastien Brunet \u00e0 Vouvray, puis a rejoint Mathieu Cosme en 2008. En 2013, il a lanc\u00e9 sa [&hellip;]<\/p>\n","protected":false},"author":1,"featured_media":0,"parent":0,"menu_order":0,"comment_status":"closed","ping_status":"closed","template":"","meta":{"inline_featured_image":false,"footnotes":""},"class_list":["post-250","page","type-page","status-publish","hentry"],"_links":{"self":[{"href":"https:\/\/www.bon-vivin.fr\/index.php\/wp-json\/wp\/v2\/pages\/250","targetHints":{"allow":["GET"]}}],"collection":[{"href":"https:\/\/www.bon-vivin.fr\/index.php\/wp-json\/wp\/v2\/pages"}],"about":[{"href":"https:\/\/www.bon-vivin.fr\/index.php\/wp-json\/wp\/v2\/types\/page"}],"author":[{"embeddable":true,"href":"https:\/\/www.bon-vivin.fr\/index.php\/wp-json\/wp\/v2\/users\/1"}],"replies":[{"embeddable":true,"href":"https:\/\/www.bon-vivin.fr\/index.php\/wp-json\/wp\/v2\/comments?post=250"}],"version-history":[{"count":4,"href":"https:\/\/www.bon-vivin.fr\/index.php\/wp-json\/wp\/v2\/pages\/250\/revisions"}],"predecessor-version":[{"id":511,"href":"https:\/\/www.bon-vivin.fr\/index.php\/wp-json\/wp\/v2\/pages\/250\/revisions\/511"}],"wp:attachment":[{"href":"https:\/\/www.bon-vivin.fr\/index.php\/wp-json\/wp\/v2\/media?parent=250"}],"curies":[{"name":"wp","href":"https:\/\/api.w.org\/{rel}","templated":true}]}}