{"id":245,"date":"2025-08-22T11:43:56","date_gmt":"2025-08-22T11:43:56","guid":{"rendered":"https:\/\/www.bon-vivin.fr\/?page_id=245"},"modified":"2025-10-09T14:53:30","modified_gmt":"2025-10-09T14:53:30","slug":"combel-la-serre-sophie-julien-ilbert","status":"publish","type":"page","link":"https:\/\/www.bon-vivin.fr\/index.php\/combel-la-serre-sophie-julien-ilbert\/","title":{"rendered":"Combel la Serre &#8211; Sophie &amp; Julien ILBERT"},"content":{"rendered":"\n<div class=\"wp-block-group is-nowrap is-layout-flex wp-container-core-group-is-layout-6c531013 wp-block-group-is-layout-flex\">\n<p class=\"wp-container-content-432d1f4f\">Combel-la-Serre, c&rsquo;est un domaine familial de 23 hectares en Agriculture Biologique sur le Causse calcaire de Cahors. Il est aujourd&rsquo;hui men\u00e9 par Julien et Sophie ILBERT, deux amoureux du vin et deux v\u00e9ritables passionn\u00e9s de leurs terroirs. Sophie &amp; Julien placent toujours l&rsquo;humain au coeur de leur priorit\u00e9. Situ\u00e9 \u00e0 17 kilom\u00e8tres de Cahors, sur la commune de St Vincent Rive d\u2019Olt, Sophie et Julien proposent diff\u00e9rentes cuv\u00e9es en Cahors et en Vin de France, dont plusieurs s\u00e9lections parcellaires.<\/p>\n\n\n\n<figure class=\"wp-block-image size-full is-resized\"><img loading=\"lazy\" decoding=\"async\" width=\"760\" height=\"823\" src=\"https:\/\/www.bon-vivin.fr\/wp-content\/uploads\/2025\/08\/Sans-titre-1.png\" alt=\"\" class=\"wp-image-246\" style=\"width:270px\" srcset=\"https:\/\/www.bon-vivin.fr\/wp-content\/uploads\/2025\/08\/Sans-titre-1.png 760w, https:\/\/www.bon-vivin.fr\/wp-content\/uploads\/2025\/08\/Sans-titre-1-277x300.png 277w, https:\/\/www.bon-vivin.fr\/wp-content\/uploads\/2025\/08\/Sans-titre-1-416x450.png 416w\" sizes=\"auto, (max-width: 760px) 100vw, 760px\" \/><\/figure>\n<\/div>\n\n\n\n<div data-wp-context=\"{&quot;notices&quot;:[],&quot;hideNextPreviousButtons&quot;:false,&quot;isDisabledPrevious&quot;:true,&quot;isDisabledNext&quot;:false,&quot;ariaLabelPrevious&quot;:&quot;Produits pr\\u00e9c\\u00e9dents&quot;,&quot;ariaLabelNext&quot;:&quot;Produits suivants&quot;}\" data-wp-init=\"callbacks.onRender\" data-wp-interactive=\"woocommerce\/product-collection\" data-wp-router-region=\"wc-product-collection-2\" data-__private-preview-state=\"{&quot;isPreview&quot;:false,&quot;previewMessage&quot;:&quot;Les produits d\\u00e9pendront de la page consult\\u00e9e.&quot;}\" data-block-name=\"woocommerce\/product-collection\" data-dimensions=\"{&quot;widthType&quot;:&quot;fill&quot;}\" data-display-layout=\"{&quot;type&quot;:&quot;flex&quot;,&quot;columns&quot;:3,&quot;shrinkColumns&quot;:true}\" data-query-context-includes=\"[&quot;collection&quot;]\" data-query-id=\"2\" data-query=\"{&quot;perPage&quot;:9,&quot;pages&quot;:0,&quot;offset&quot;:0,&quot;postType&quot;:&quot;product&quot;,&quot;order&quot;:&quot;asc&quot;,&quot;orderBy&quot;:&quot;title&quot;,&quot;search&quot;:&quot;&quot;,&quot;exclude&quot;:[],&quot;inherit&quot;:false,&quot;taxQuery&quot;:[],&quot;isProductCollectionBlock&quot;:true,&quot;featured&quot;:false,&quot;woocommerceOnSale&quot;:false,&quot;woocommerceStockStatus&quot;:[&quot;instock&quot;,&quot;outofstock&quot;,&quot;onbackorder&quot;],&quot;woocommerceAttributes&quot;:[{&quot;termId&quot;:49,&quot;taxonomy&quot;:&quot;pa_vigneron&quot;}],&quot;woocommerceHandPickedProducts&quot;:[],&quot;filterable&quot;:true,&quot;relatedBy&quot;:{&quot;categories&quot;:true,&quot;tags&quot;:true}}\" data-tag-name=\"div\" class=\"wp-block-woocommerce-product-collection is-layout-flow wp-block-woocommerce-product-collection-is-layout-flow\">\t\t<div data-wp-interactive=\"woocommerce\/store-notices\" class=\"wc-block-components-notices alignwide\">\n\t\t\t<template data-wp-each--notice=\"state.notices\" data-wp-each-key=\"context.notice.id\">\n\t\t\t\t<div\n\t\t\t\t\tclass=\"wc-block-components-notice-banner\"\n\t\t\t\t\tdata-wp-init=\"callbacks.scrollIntoView\"\n\t\t\t\t\tdata-wp-class--is-error=\"state.isError\"\n\t\t\t\t\tdata-wp-class--is-success=\"state.isSuccess\"\n\t\t\t\t\tdata-wp-class--is-info=\"state.isInfo\"\n\t\t\t\t\tdata-wp-class--is-dismissible=\"context.notice.dismissible\"\n\t\t\t\t\tdata-wp-bind--role=\"state.role\"\n\t\t\t\t\tdata-wp-watch=\"callbacks.injectIcon\"\n\t\t\t\t>\n\t\t\t\t\t<div class=\"wc-block-components-notice-banner__content\">\n\t\t\t\t\t\t<span data-wp-init=\"callbacks.renderNoticeContent\" aria-live=\"assertive\" aria-atomic=\"true\"><\/span>\n\t\t\t\t\t<\/div>\n\t\t\t\t\t<button\n\t\t\t\t\t\tdata-wp-bind--hidden=\"!context.notice.dismissible\"\n\t\t\t\t\t\tclass=\"wc-block-components-button wp-element-button wc-block-components-notice-banner__dismiss contained\"\n\t\t\t\t\t\taria-label=\"D\u00e9sactiver cette notification\"\n\t\t\t\t\t\tdata-wp-on--click=\"actions.removeNotice\"\n\t\t\t\t\t>\n\t\t\t\t\t\t<svg xmlns=\"http:\/\/www.w3.org\/2000\/svg\" viewBox=\"0 0 24 24\">\n\t\t\t\t\t\t\t<path d=\"M13 11.8l6.1-6.3-1-1-6.1 6.2-6.1-6.2-1 1 6.1 6.3-6.5 6.7 1 1 6.5-6.6 6.5 6.6 1-1z\" \/>\n\t\t\t\t\t\t<\/svg>\n\t\t\t\t\t<\/button>\n\t\t\t\t<\/div>\n\t\t\t<\/template>\n\t\t<\/div>\n\t\t<ul data-block-name=\"woocommerce\/product-template\" class=\"wc-block-product-template__responsive columns-3 wc-block-product-template wp-block-woocommerce-product-template is-layout-flow wp-block-woocommerce-product-template-is-layout-flow\" data-wp-on--scroll=\"actions.watchScroll\" data-wp-init=\"callbacks.initResizeObserver\"><li class=\"wc-block-product post-349 product type-product status-publish has-post-thumbnail product_cat-rouge pa_vigneron-combel-la-serre first instock shipping-taxable purchasable product-type-simple\"\n\t\t\t\t\t\n\t\t\t\tdata-wp-interactive=\"woocommerce\/product-collection\"\n\t\t\t\tdata-wp-context='{\"productId\":349}'\n\t\t\t\tdata-wp-key=\"product-item-349\"\n\t\t\t\n\t\t\t\t>\n\t\t\t\t\t\n<div data-block-name=\"woocommerce\/product-image\" data-image-sizing=\"thumbnail\" data-is-descendent-of-query-loop=\"true\" data-show-sale-badge=\"false\" class=\"wc-block-components-product-image wc-block-grid__product-image wc-block-components-product-image--aspect-ratio-auto wp-block-woocommerce-product-image\"><a href=\"https:\/\/www.bon-vivin.fr\/index.php\/produit\/pur-fruit-de-causse\/\" style=\"\" data-wp-on--click=\"woocommerce\/product-collection::actions.viewProduct\"><img decoding=\"async\" width=\"324\" height=\"756\" src=\"https:\/\/www.bon-vivin.fr\/wp-content\/uploads\/2025\/09\/Capture-decran-2025-09-03-133043-324x756.png\" class=\"attachment-woocommerce_thumbnail size-woocommerce_thumbnail\" alt=\"Pur fruit de causse\" data-testid=\"product-image\" data-image-id=\"351\" style=\"object-fit:cover;\" loading=\"lazy\" \/><div class=\"wc-block-components-product-image__inner-container\">\n\n<\/div><\/a><\/div>\n\n<h2 style=\"line-height:1.4; margin-bottom:0.75rem;margin-top:0;\" class=\"has-text-align-center wp-block-post-title has-medium-font-size\"><a data-wp-on--click=\"woocommerce\/product-collection::actions.viewProduct\" href=\"https:\/\/www.bon-vivin.fr\/index.php\/produit\/pur-fruit-de-causse\/\" target=\"_self\" >Pur fruit de causse <img decoding=\"async\" src=\"http:\/\/www.bon-vivin.fr\/wp-content\/uploads\/2025\/09\/AB_HD.jpg\" alt=\"Label AB\" class=\"logo-titre-inline\"><\/a><\/h2>\n\n<div data-block-name=\"woocommerce\/product-price\" data-font-size=\"small\" data-is-descendent-of-query-loop=\"true\" data-text-align=\"center\" class=\"has-font-size has-small-font-size has-text-align-center wp-block-woocommerce-product-price has-small-font-size\" ><div class=\"wc-block-components-product-price wc-block-grid__product-price\" >\n\t\t\t\t\t<span class=\"woocommerce-Price-amount amount\"><bdi>11,60&nbsp;<span class=\"woocommerce-Price-currencySymbol\">&euro;<\/span><\/bdi><\/span>\n\t\t\t\t<\/div><\/div>\n\n<div data-block-name=\"woocommerce\/product-button\" data-font-size=\"small\" data-is-descendent-of-query-loop=\"true\" data-text-align=\"center\" class=\"add-to-cart\"><a class=\"button product_type_simple add_to_cart_button\" href=\"https:\/\/www.bon-vivin.fr\/index.php\/produit\/pur-fruit-de-causse\/\">Ajouter au panier<\/a><\/div>\n\n\t\t\t\t<\/li><\/ul>\n\n\n\n<\/div>\n","protected":false},"excerpt":{"rendered":"<p>Combel-la-Serre, c&rsquo;est un domaine familial de 23 hectares en Agriculture Biologique sur le Causse calcaire de Cahors. Il est aujourd&rsquo;hui men\u00e9 par Julien et Sophie ILBERT, deux amoureux du vin et deux v\u00e9ritables passionn\u00e9s de leurs terroirs. Sophie &amp; Julien placent toujours l&rsquo;humain au coeur de leur priorit\u00e9. Situ\u00e9 \u00e0 17 kilom\u00e8tres de Cahors, sur [&hellip;]<\/p>\n","protected":false},"author":1,"featured_media":0,"parent":0,"menu_order":0,"comment_status":"closed","ping_status":"closed","template":"","meta":{"inline_featured_image":false,"footnotes":""},"class_list":["post-245","page","type-page","status-publish","hentry"],"_links":{"self":[{"href":"https:\/\/www.bon-vivin.fr\/index.php\/wp-json\/wp\/v2\/pages\/245","targetHints":{"allow":["GET"]}}],"collection":[{"href":"https:\/\/www.bon-vivin.fr\/index.php\/wp-json\/wp\/v2\/pages"}],"about":[{"href":"https:\/\/www.bon-vivin.fr\/index.php\/wp-json\/wp\/v2\/types\/page"}],"author":[{"embeddable":true,"href":"https:\/\/www.bon-vivin.fr\/index.php\/wp-json\/wp\/v2\/users\/1"}],"replies":[{"embeddable":true,"href":"https:\/\/www.bon-vivin.fr\/index.php\/wp-json\/wp\/v2\/comments?post=245"}],"version-history":[{"count":4,"href":"https:\/\/www.bon-vivin.fr\/index.php\/wp-json\/wp\/v2\/pages\/245\/revisions"}],"predecessor-version":[{"id":492,"href":"https:\/\/www.bon-vivin.fr\/index.php\/wp-json\/wp\/v2\/pages\/245\/revisions\/492"}],"wp:attachment":[{"href":"https:\/\/www.bon-vivin.fr\/index.php\/wp-json\/wp\/v2\/media?parent=245"}],"curies":[{"name":"wp","href":"https:\/\/api.w.org\/{rel}","templated":true}]}}