{"id":234,"date":"2025-08-22T11:35:34","date_gmt":"2025-08-22T11:35:34","guid":{"rendered":"https:\/\/www.bon-vivin.fr\/?page_id=234"},"modified":"2025-10-09T15:09:14","modified_gmt":"2025-10-09T15:09:14","slug":"benjamin-thaillandier","status":"publish","type":"page","link":"https:\/\/www.bon-vivin.fr\/index.php\/benjamin-thaillandier\/","title":{"rendered":"Benjamin Thaillandier"},"content":{"rendered":"\n<div class=\"wp-block-group is-nowrap is-layout-flex wp-container-core-group-is-layout-6c531013 wp-block-group-is-layout-flex\">\n<p class=\"wp-container-content-432d1f4f\">Le Domaine Benjamin Taillandier est un vignoble situ\u00e9 \u00e0 Caunes Minervois, dans la r\u00e9gion du Languedoc-Roussillon en France. Fond\u00e9 en 2007 par Benjamin Taillandier, le domaine s&rsquo;\u00e9tend actuellement sur 9,5 hectares de vignes cultiv\u00e9es selon les principes de l&rsquo;agriculture biologique et biodynamique. Les c\u00e9pages cultiv\u00e9s incluent le Cinsault, la Syrah, le Carignan, le Grenache Blanc, le Grenache Gris et le Terret Gris. Les sols sont vari\u00e9s, compos\u00e9s de schiste, d&rsquo;argile, de calcaire et de sable, situ\u00e9s entre 250 et 400 m\u00e8tres d&rsquo;altitude. Benjamin vise \u00e0 produire des vins plus l\u00e9gers, frais et moins alcoolis\u00e9s que la moyenne des vins du Languedoc, refl\u00e9tant ainsi une approche moderne et respectueuse de l&rsquo;environnement.<\/p>\n\n\n\n<figure class=\"wp-block-image size-full is-resized\"><img loading=\"lazy\" decoding=\"async\" width=\"2000\" height=\"1333\" src=\"https:\/\/www.bon-vivin.fr\/wp-content\/uploads\/2025\/08\/L1030266-2-Taillandier.jpg\" alt=\"\" class=\"wp-image-235\" style=\"width:400px\" srcset=\"https:\/\/www.bon-vivin.fr\/wp-content\/uploads\/2025\/08\/L1030266-2-Taillandier.jpg 2000w, https:\/\/www.bon-vivin.fr\/wp-content\/uploads\/2025\/08\/L1030266-2-Taillandier-300x200.jpg 300w, https:\/\/www.bon-vivin.fr\/wp-content\/uploads\/2025\/08\/L1030266-2-Taillandier-1024x682.jpg 1024w, https:\/\/www.bon-vivin.fr\/wp-content\/uploads\/2025\/08\/L1030266-2-Taillandier-768x512.jpg 768w, https:\/\/www.bon-vivin.fr\/wp-content\/uploads\/2025\/08\/L1030266-2-Taillandier-1536x1024.jpg 1536w, https:\/\/www.bon-vivin.fr\/wp-content\/uploads\/2025\/08\/L1030266-2-Taillandier-416x277.jpg 416w\" sizes=\"auto, (max-width: 2000px) 100vw, 2000px\" \/><\/figure>\n<\/div>\n\n\n\n<div data-wp-context=\"{&quot;notices&quot;:[],&quot;hideNextPreviousButtons&quot;:false,&quot;isDisabledPrevious&quot;:true,&quot;isDisabledNext&quot;:false,&quot;ariaLabelPrevious&quot;:&quot;Produits pr\\u00e9c\\u00e9dents&quot;,&quot;ariaLabelNext&quot;:&quot;Produits suivants&quot;}\" data-wp-init=\"callbacks.onRender\" data-wp-interactive=\"woocommerce\/product-collection\" data-wp-router-region=\"wc-product-collection-2\" data-__private-preview-state=\"{&quot;isPreview&quot;:false,&quot;previewMessage&quot;:&quot;Les produits d\\u00e9pendront de la page consult\\u00e9e.&quot;}\" data-block-name=\"woocommerce\/product-collection\" data-dimensions=\"{&quot;widthType&quot;:&quot;fill&quot;}\" data-display-layout=\"{&quot;type&quot;:&quot;flex&quot;,&quot;columns&quot;:3,&quot;shrinkColumns&quot;:true}\" data-query-context-includes=\"[&quot;collection&quot;]\" data-query-id=\"2\" data-query=\"{&quot;perPage&quot;:9,&quot;pages&quot;:0,&quot;offset&quot;:0,&quot;postType&quot;:&quot;product&quot;,&quot;order&quot;:&quot;asc&quot;,&quot;orderBy&quot;:&quot;title&quot;,&quot;search&quot;:&quot;&quot;,&quot;exclude&quot;:[],&quot;inherit&quot;:false,&quot;taxQuery&quot;:[],&quot;isProductCollectionBlock&quot;:true,&quot;featured&quot;:false,&quot;woocommerceOnSale&quot;:false,&quot;woocommerceStockStatus&quot;:[&quot;instock&quot;,&quot;outofstock&quot;,&quot;onbackorder&quot;],&quot;woocommerceAttributes&quot;:[{&quot;termId&quot;:47,&quot;taxonomy&quot;:&quot;pa_vigneron&quot;}],&quot;woocommerceHandPickedProducts&quot;:[],&quot;filterable&quot;:true,&quot;relatedBy&quot;:{&quot;categories&quot;:true,&quot;tags&quot;:true}}\" data-tag-name=\"div\" class=\"wp-block-woocommerce-product-collection is-layout-flow wp-block-woocommerce-product-collection-is-layout-flow\">\t\t<div data-wp-interactive=\"woocommerce\/store-notices\" class=\"wc-block-components-notices alignwide\">\n\t\t\t<template data-wp-each--notice=\"state.notices\" data-wp-each-key=\"context.notice.id\">\n\t\t\t\t<div\n\t\t\t\t\tclass=\"wc-block-components-notice-banner\"\n\t\t\t\t\tdata-wp-init=\"callbacks.scrollIntoView\"\n\t\t\t\t\tdata-wp-class--is-error=\"state.isError\"\n\t\t\t\t\tdata-wp-class--is-success=\"state.isSuccess\"\n\t\t\t\t\tdata-wp-class--is-info=\"state.isInfo\"\n\t\t\t\t\tdata-wp-class--is-dismissible=\"context.notice.dismissible\"\n\t\t\t\t\tdata-wp-bind--role=\"state.role\"\n\t\t\t\t\tdata-wp-watch=\"callbacks.injectIcon\"\n\t\t\t\t>\n\t\t\t\t\t<div class=\"wc-block-components-notice-banner__content\">\n\t\t\t\t\t\t<span data-wp-init=\"callbacks.renderNoticeContent\" aria-live=\"assertive\" aria-atomic=\"true\"><\/span>\n\t\t\t\t\t<\/div>\n\t\t\t\t\t<button\n\t\t\t\t\t\tdata-wp-bind--hidden=\"!context.notice.dismissible\"\n\t\t\t\t\t\tclass=\"wc-block-components-button wp-element-button wc-block-components-notice-banner__dismiss contained\"\n\t\t\t\t\t\taria-label=\"D\u00e9sactiver cette notification\"\n\t\t\t\t\t\tdata-wp-on--click=\"actions.removeNotice\"\n\t\t\t\t\t>\n\t\t\t\t\t\t<svg xmlns=\"http:\/\/www.w3.org\/2000\/svg\" viewBox=\"0 0 24 24\">\n\t\t\t\t\t\t\t<path d=\"M13 11.8l6.1-6.3-1-1-6.1 6.2-6.1-6.2-1 1 6.1 6.3-6.5 6.7 1 1 6.5-6.6 6.5 6.6 1-1z\" \/>\n\t\t\t\t\t\t<\/svg>\n\t\t\t\t\t<\/button>\n\t\t\t\t<\/div>\n\t\t\t<\/template>\n\t\t<\/div>\n\t\t<ul data-block-name=\"woocommerce\/product-template\" class=\"wc-block-product-template__responsive columns-3 wc-block-product-template wp-block-woocommerce-product-template is-layout-flow wp-block-woocommerce-product-template-is-layout-flow\" data-wp-on--scroll=\"actions.watchScroll\" data-wp-init=\"callbacks.initResizeObserver\"><li class=\"wc-block-product post-340 product type-product status-publish has-post-thumbnail product_cat-rouge pa_vigneron-benjamin-taillandier first instock shipping-taxable purchasable product-type-simple\"\n\t\t\t\t\t\n\t\t\t\tdata-wp-interactive=\"woocommerce\/product-collection\"\n\t\t\t\tdata-wp-context='{\"productId\":340}'\n\t\t\t\tdata-wp-key=\"product-item-340\"\n\t\t\t\n\t\t\t\t>\n\t\t\t\t\t\n<div data-block-name=\"woocommerce\/product-image\" data-image-sizing=\"thumbnail\" data-is-descendent-of-query-loop=\"true\" data-show-sale-badge=\"false\" class=\"wc-block-components-product-image wc-block-grid__product-image wc-block-components-product-image--aspect-ratio-auto wp-block-woocommerce-product-image\"><a href=\"https:\/\/www.bon-vivin.fr\/index.php\/produit\/viti-vini-bibi-aop-minervois-grenache-cinsault\/\" style=\"\" data-wp-on--click=\"woocommerce\/product-collection::actions.viewProduct\"><img decoding=\"async\" width=\"324\" height=\"756\" src=\"https:\/\/www.bon-vivin.fr\/wp-content\/uploads\/2025\/09\/VitiViniBibi-2019_2x-removebg-preview-324x756.png\" class=\"attachment-woocommerce_thumbnail size-woocommerce_thumbnail\" alt=\"Viti Vini Bibi AOP Minervois\" data-testid=\"product-image\" data-image-id=\"341\" style=\"object-fit:cover;\" loading=\"lazy\" \/><div class=\"wc-block-components-product-image__inner-container\">\n\n<\/div><\/a><\/div>\n\n<h2 style=\"line-height:1.4; margin-bottom:0.75rem;margin-top:0;\" class=\"has-text-align-center wp-block-post-title has-medium-font-size\"><a data-wp-on--click=\"woocommerce\/product-collection::actions.viewProduct\" href=\"https:\/\/www.bon-vivin.fr\/index.php\/produit\/viti-vini-bibi-aop-minervois-grenache-cinsault\/\" target=\"_self\" >Viti Vini Bibi AOP Minervois <img decoding=\"async\" src=\"http:\/\/www.bon-vivin.fr\/wp-content\/uploads\/2025\/09\/AB_HD.jpg\" alt=\"Label AB\" class=\"logo-titre-inline\"><\/a><\/h2>\n\n<div data-block-name=\"woocommerce\/product-price\" data-font-size=\"small\" data-is-descendent-of-query-loop=\"true\" data-text-align=\"center\" class=\"has-font-size has-small-font-size has-text-align-center wp-block-woocommerce-product-price has-small-font-size\" ><div class=\"wc-block-components-product-price wc-block-grid__product-price\" >\n\t\t\t\t\t<span class=\"woocommerce-Price-amount amount\"><bdi>12,90&nbsp;<span class=\"woocommerce-Price-currencySymbol\">&euro;<\/span><\/bdi><\/span>\n\t\t\t\t<\/div><\/div>\n\n<div data-block-name=\"woocommerce\/product-button\" data-font-size=\"small\" data-is-descendent-of-query-loop=\"true\" data-text-align=\"center\" class=\"add-to-cart\"><a class=\"button product_type_simple add_to_cart_button\" href=\"https:\/\/www.bon-vivin.fr\/index.php\/produit\/viti-vini-bibi-aop-minervois-grenache-cinsault\/\">Ajouter au panier<\/a><\/div>\n\n\t\t\t\t<\/li><li class=\"wc-block-product post-338 product type-product status-publish has-post-thumbnail product_cat-blanc pa_vigneron-benjamin-taillandier  instock shipping-taxable purchasable product-type-simple\"\n\t\t\t\t\t\n\t\t\t\tdata-wp-interactive=\"woocommerce\/product-collection\"\n\t\t\t\tdata-wp-context='{\"productId\":338}'\n\t\t\t\tdata-wp-key=\"product-item-338\"\n\t\t\t\n\t\t\t\t>\n\t\t\t\t\t\n<div data-block-name=\"woocommerce\/product-image\" data-image-sizing=\"thumbnail\" data-is-descendent-of-query-loop=\"true\" data-show-sale-badge=\"false\" class=\"wc-block-components-product-image wc-block-grid__product-image wc-block-components-product-image--aspect-ratio-auto wp-block-woocommerce-product-image\"><a href=\"https:\/\/www.bon-vivin.fr\/index.php\/produit\/viti-vini-bibi-vin-de-france-grenache-gris-blanc-terret\/\" style=\"\" data-wp-on--click=\"woocommerce\/product-collection::actions.viewProduct\"><img decoding=\"async\" width=\"324\" height=\"756\" src=\"https:\/\/www.bon-vivin.fr\/wp-content\/uploads\/2025\/09\/viti-vini-blanc2-324x756.png\" class=\"attachment-woocommerce_thumbnail size-woocommerce_thumbnail\" alt=\"Viti Vini Bibi Vin de France\" data-testid=\"product-image\" data-image-id=\"647\" style=\"object-fit:cover;\" loading=\"lazy\" \/><div class=\"wc-block-components-product-image__inner-container\">\n\n<\/div><\/a><\/div>\n\n<h2 style=\"line-height:1.4; margin-bottom:0.75rem;margin-top:0;\" class=\"has-text-align-center wp-block-post-title has-medium-font-size\"><a data-wp-on--click=\"woocommerce\/product-collection::actions.viewProduct\" href=\"https:\/\/www.bon-vivin.fr\/index.php\/produit\/viti-vini-bibi-vin-de-france-grenache-gris-blanc-terret\/\" target=\"_self\" >Viti Vini Bibi Vin de France <img decoding=\"async\" src=\"http:\/\/www.bon-vivin.fr\/wp-content\/uploads\/2025\/09\/AB_HD.jpg\" alt=\"Label AB\" class=\"logo-titre-inline\"><\/a><\/h2>\n\n<div data-block-name=\"woocommerce\/product-price\" data-font-size=\"small\" data-is-descendent-of-query-loop=\"true\" data-text-align=\"center\" class=\"has-font-size has-small-font-size has-text-align-center wp-block-woocommerce-product-price has-small-font-size\" ><div class=\"wc-block-components-product-price wc-block-grid__product-price\" >\n\t\t\t\t\t<span class=\"woocommerce-Price-amount amount\"><bdi>14,50&nbsp;<span class=\"woocommerce-Price-currencySymbol\">&euro;<\/span><\/bdi><\/span>\n\t\t\t\t<\/div><\/div>\n\n<div data-block-name=\"woocommerce\/product-button\" data-font-size=\"small\" data-is-descendent-of-query-loop=\"true\" data-text-align=\"center\" class=\"add-to-cart\"><a class=\"button product_type_simple add_to_cart_button\" href=\"https:\/\/www.bon-vivin.fr\/index.php\/produit\/viti-vini-bibi-vin-de-france-grenache-gris-blanc-terret\/\">Ajouter au panier<\/a><\/div>\n\n\t\t\t\t<\/li><\/ul>\n\n\n\n<\/div>\n","protected":false},"excerpt":{"rendered":"<p>Le Domaine Benjamin Taillandier est un vignoble situ\u00e9 \u00e0 Caunes Minervois, dans la r\u00e9gion du Languedoc-Roussillon en France. Fond\u00e9 en 2007 par Benjamin Taillandier, le domaine s&rsquo;\u00e9tend actuellement sur 9,5 hectares de vignes cultiv\u00e9es selon les principes de l&rsquo;agriculture biologique et biodynamique. Les c\u00e9pages cultiv\u00e9s incluent le Cinsault, la Syrah, le Carignan, le Grenache Blanc, [&hellip;]<\/p>\n","protected":false},"author":1,"featured_media":0,"parent":0,"menu_order":0,"comment_status":"closed","ping_status":"closed","template":"","meta":{"inline_featured_image":false,"footnotes":""},"class_list":["post-234","page","type-page","status-publish","hentry"],"_links":{"self":[{"href":"https:\/\/www.bon-vivin.fr\/index.php\/wp-json\/wp\/v2\/pages\/234","targetHints":{"allow":["GET"]}}],"collection":[{"href":"https:\/\/www.bon-vivin.fr\/index.php\/wp-json\/wp\/v2\/pages"}],"about":[{"href":"https:\/\/www.bon-vivin.fr\/index.php\/wp-json\/wp\/v2\/types\/page"}],"author":[{"embeddable":true,"href":"https:\/\/www.bon-vivin.fr\/index.php\/wp-json\/wp\/v2\/users\/1"}],"replies":[{"embeddable":true,"href":"https:\/\/www.bon-vivin.fr\/index.php\/wp-json\/wp\/v2\/comments?post=234"}],"version-history":[{"count":5,"href":"https:\/\/www.bon-vivin.fr\/index.php\/wp-json\/wp\/v2\/pages\/234\/revisions"}],"predecessor-version":[{"id":514,"href":"https:\/\/www.bon-vivin.fr\/index.php\/wp-json\/wp\/v2\/pages\/234\/revisions\/514"}],"wp:attachment":[{"href":"https:\/\/www.bon-vivin.fr\/index.php\/wp-json\/wp\/v2\/media?parent=234"}],"curies":[{"name":"wp","href":"https:\/\/api.w.org\/{rel}","templated":true}]}}